{"id":332,"date":"2023-08-16T13:36:33","date_gmt":"2023-08-16T13:36:33","guid":{"rendered":"https:\/\/www.ratani.in\/?page_id=332"},"modified":"2023-09-01T13:02:31","modified_gmt":"2023-09-01T13:02:31","slug":"monte-cristo-granite-manufacturer-and-exporter","status":"publish","type":"page","link":"https:\/\/www.ratani.in\/pt\/monte-cristo-granite-manufacturer-and-exporter\/","title":{"rendered":"Granito Monte Cristo"},"content":{"rendered":"<p>O Granito Monte Cristo geralmente apresenta um padr\u00e3o fluente sobre um fundo branco perolado com padr\u00f5es de veias em tons de azul claro, amarelo e cinza, o que lhe confere uma apar\u00eancia delicada. Este granito \u00e9 processado na f\u00e1brica de granito no Norte da \u00cdndia. Os padr\u00f5es podem variar de redemoinhos ousados a pequenas manchas intrincadas, criando um efeito visual cativante.<\/p>\n<p>A textura do Granito Monte Cristo geralmente \u00e9 de m\u00e9dia a grossa, conferindo-lhe uma sensa\u00e7\u00e3o natural e t\u00e1til. \u00c9 um material dur\u00e1vel, tornando-o adequado para v\u00e1rias aplica\u00e7\u00f5es, incluindo bancadas, pisos, revestimentos de parede e detalhes decorativos.<\/p>\n<p> \u00fanica e os padr\u00f5es do Granito Monte Cristo o tornam uma op\u00e7\u00e3o vers\u00e1til que pode complementar tanto estilos de design modernos quanto tradicionais. Ele acrescenta um toque de sofistica\u00e7\u00e3o e eleg\u00e2ncia a qualquer espa\u00e7o.<\/p>\n","protected":false},"excerpt":{"rendered":"<p>O Granito Monte Cristo geralmente apresenta um padr\u00e3o fluente sobre um fundo branco perolado com padr\u00f5es de veias em tons de azul claro, amarelo e cinza, o que lhe confere uma apar\u00eancia delicada. Este granito \u00e9 processado na f\u00e1brica de granito no Norte da \u00cdndia. Os padr\u00f5es podem variar de redemoinhos ousados a pequenas manchas &hellip; <a href=\"https:\/\/www.ratani.in\/pt\/monte-cristo-granite-manufacturer-and-exporter\/\" class=\"more-link\">Continue reading<span class=\"screen-reader-text\"> &#8220;Granito Monte Cristo&#8221;<\/span><\/a><\/p>\n","protected":false},"author":1,"featured_media":1058,"parent":0,"menu_order":0,"comment_status":"closed","ping_status":"closed","template":"page-templates\/product.php","meta":{"footnotes":""},"translation":{"provider":"WPGlobus","version":"2.12.2","language":"pt","enabled_languages":["en","es","fr","ru","ar","zh","pt"],"languages":{"en":{"title":true,"content":true,"excerpt":false},"es":{"title":true,"content":true,"excerpt":false},"fr":{"title":true,"content":true,"excerpt":false},"ru":{"title":true,"content":true,"excerpt":false},"ar":{"title":true,"content":true,"excerpt":false},"zh":{"title":true,"content":true,"excerpt":false},"pt":{"title":true,"content":true,"excerpt":false}}},"acf":[],"_links":{"self":[{"href":"https:\/\/www.ratani.in\/pt\/wp-json\/wp\/v2\/pages\/332"}],"collection":[{"href":"https:\/\/www.ratani.in\/pt\/wp-json\/wp\/v2\/pages"}],"about":[{"href":"https:\/\/www.ratani.in\/pt\/wp-json\/wp\/v2\/types\/page"}],"author":[{"embeddable":true,"href":"https:\/\/www.ratani.in\/pt\/wp-json\/wp\/v2\/users\/1"}],"replies":[{"embeddable":true,"href":"https:\/\/www.ratani.in\/pt\/wp-json\/wp\/v2\/comments?post=332"}],"version-history":[{"count":12,"href":"https:\/\/www.ratani.in\/pt\/wp-json\/wp\/v2\/pages\/332\/revisions"}],"predecessor-version":[{"id":2396,"href":"https:\/\/www.ratani.in\/pt\/wp-json\/wp\/v2\/pages\/332\/revisions\/2396"}],"wp:featuredmedia":[{"embeddable":true,"href":"https:\/\/www.ratani.in\/pt\/wp-json\/wp\/v2\/media\/1058"}],"wp:attachment":[{"href":"https:\/\/www.ratani.in\/pt\/wp-json\/wp\/v2\/media?parent=332"}],"curies":[{"name":"wp","href":"https:\/\/api.w.org\/{rel}","templated":true}]}}