{"id":342,"date":"2023-08-16T13:43:00","date_gmt":"2023-08-16T13:43:00","guid":{"rendered":"https:\/\/www.ratani.in\/?page_id=342"},"modified":"2025-05-16T13:17:01","modified_gmt":"2025-05-16T13:17:01","slug":"platinum-white-granite-manufacturer-and-exporter","status":"publish","type":"page","link":"https:\/\/www.ratani.in\/pt\/platinum-white-granite-manufacturer-and-exporter\/","title":{"rendered":"Granito Platinum branco"},"content":{"rendered":"<p>O Platinum branco, tamb\u00e9m conhecido como Granito P branco na \u00cdndia, tem suas minas de granito no Norte da \u00cdndia. Este granito \u00e9 amplamente exportado por exportadores de granito em Rajasthan para diferentes partes do mundo a partir da \u00cdndia. O P branco granite refere-se a um tipo de granito predominantemente branco em cor. Geralmente apresenta uma base clara ou off-white com padr\u00f5es variados, veias ou manchas em diferentes tons de branco, cinza ou at\u00e9 mesmo preto. A apar\u00eancia exata pode variar dependendo da pedreira espec\u00edfica e da laje.<\/p>\n<p>O Granito P branco \u00e9 conhecido por sua eleg\u00e2ncia, versatilidade e capacidade de complementar uma ampla gama de estilos de design de interiores. \u00c9 frequentemente usado para bancadas, pain\u00e9is de fundo, pisos e outras aplica\u00e7\u00f5es decorativas.<\/p>\n","protected":false},"excerpt":{"rendered":"<p>O Platinum branco, tamb\u00e9m conhecido como Granito P branco na \u00cdndia, tem suas minas de granito no Norte da \u00cdndia. Este granito \u00e9 amplamente exportado por exportadores de granito em Rajasthan para diferentes partes do mundo a partir da \u00cdndia. O P branco granite refere-se a um tipo de granito predominantemente branco em cor. Geralmente &hellip; <a href=\"https:\/\/www.ratani.in\/pt\/platinum-white-granite-manufacturer-and-exporter\/\" class=\"more-link\">Continue reading<span class=\"screen-reader-text\"> &#8220;Granito Platinum branco&#8221;<\/span><\/a><\/p>\n","protected":false},"author":1,"featured_media":351,"parent":0,"menu_order":0,"comment_status":"closed","ping_status":"closed","template":"page-templates\/product.php","meta":{"footnotes":""},"translation":{"provider":"WPGlobus","version":"2.12.2","language":"pt","enabled_languages":["en","es","fr","ru","ar","zh","pt"],"languages":{"en":{"title":true,"content":true,"excerpt":false},"es":{"title":true,"content":true,"excerpt":false},"fr":{"title":true,"content":true,"excerpt":false},"ru":{"title":true,"content":true,"excerpt":false},"ar":{"title":true,"content":true,"excerpt":false},"zh":{"title":true,"content":true,"excerpt":false},"pt":{"title":true,"content":true,"excerpt":false}}},"acf":[],"_links":{"self":[{"href":"https:\/\/www.ratani.in\/pt\/wp-json\/wp\/v2\/pages\/342"}],"collection":[{"href":"https:\/\/www.ratani.in\/pt\/wp-json\/wp\/v2\/pages"}],"about":[{"href":"https:\/\/www.ratani.in\/pt\/wp-json\/wp\/v2\/types\/page"}],"author":[{"embeddable":true,"href":"https:\/\/www.ratani.in\/pt\/wp-json\/wp\/v2\/users\/1"}],"replies":[{"embeddable":true,"href":"https:\/\/www.ratani.in\/pt\/wp-json\/wp\/v2\/comments?post=342"}],"version-history":[{"count":10,"href":"https:\/\/www.ratani.in\/pt\/wp-json\/wp\/v2\/pages\/342\/revisions"}],"predecessor-version":[{"id":3308,"href":"https:\/\/www.ratani.in\/pt\/wp-json\/wp\/v2\/pages\/342\/revisions\/3308"}],"wp:featuredmedia":[{"embeddable":true,"href":"https:\/\/www.ratani.in\/pt\/wp-json\/wp\/v2\/media\/351"}],"wp:attachment":[{"href":"https:\/\/www.ratani.in\/pt\/wp-json\/wp\/v2\/media?parent=342"}],"curies":[{"name":"wp","href":"https:\/\/api.w.org\/{rel}","templated":true}]}}