{"id":353,"date":"2023-08-16T13:46:06","date_gmt":"2023-08-16T13:46:06","guid":{"rendered":"https:\/\/www.ratani.in\/?page_id=353"},"modified":"2023-09-01T13:03:30","modified_gmt":"2023-09-01T13:03:30","slug":"panchalwada-granite-manufacturer-and-exporter","status":"publish","type":"page","link":"https:\/\/www.ratani.in\/pt\/panchalwada-granite-manufacturer-and-exporter\/","title":{"rendered":"Granito Panchalwada"},"content":{"rendered":"<p>O Granito Panchalwada da \u00cdndia geralmente apresenta uma textura de m\u00e9dia a grossa, proporcionando uma sensa\u00e7\u00e3o natural e t\u00e1til. Sua paleta de cores pode variar, indo desde tons claros at\u00e9 escuros, incluindo varia\u00e7\u00f5es de cinza, bege, marrom e at\u00e9 mesmo toques de rosa ou vermelho. O fundo \u00e9 branco p\u00e9rola. Essas varia\u00e7\u00f5es de cor contribuem para a apar\u00eancia distinta do Granito Panchalwada.<\/p>\n<p>Uma das caracter\u00edsticas not\u00e1veis do Granito Panchalwada \u00e9 sua capacidade de mostrar padr\u00f5es intricados e dep\u00f3sitos minerais. Essas forma\u00e7\u00f5es naturais adicionam profundidade e interesse visual \u00e0 pedra, tornando cada laje uma obra de arte \u00fanica.<\/p>\n<p>\u00c9 uma escolha popular para bancadas de cozinha, banheiros, pisos, revestimentos de parede e outros projetos de design de interiores e exteriores.<\/p>\n","protected":false},"excerpt":{"rendered":"<p>O Granito Panchalwada da \u00cdndia geralmente apresenta uma textura de m\u00e9dia a grossa, proporcionando uma sensa\u00e7\u00e3o natural e t\u00e1til. Sua paleta de cores pode variar, indo desde tons claros at\u00e9 escuros, incluindo varia\u00e7\u00f5es de cinza, bege, marrom e at\u00e9 mesmo toques de rosa ou vermelho. O fundo \u00e9 branco p\u00e9rola. Essas varia\u00e7\u00f5es de cor contribuem &hellip; <a href=\"https:\/\/www.ratani.in\/pt\/panchalwada-granite-manufacturer-and-exporter\/\" class=\"more-link\">Continue reading<span class=\"screen-reader-text\"> &#8220;Granito Panchalwada&#8221;<\/span><\/a><\/p>\n","protected":false},"author":1,"featured_media":361,"parent":0,"menu_order":0,"comment_status":"closed","ping_status":"closed","template":"page-templates\/product.php","meta":{"footnotes":""},"translation":{"provider":"WPGlobus","version":"2.12.2","language":"pt","enabled_languages":["en","es","fr","ru","ar","zh","pt"],"languages":{"en":{"title":true,"content":true,"excerpt":false},"es":{"title":true,"content":true,"excerpt":false},"fr":{"title":true,"content":true,"excerpt":false},"ru":{"title":true,"content":true,"excerpt":false},"ar":{"title":true,"content":true,"excerpt":false},"zh":{"title":true,"content":true,"excerpt":false},"pt":{"title":true,"content":true,"excerpt":false}}},"acf":[],"_links":{"self":[{"href":"https:\/\/www.ratani.in\/pt\/wp-json\/wp\/v2\/pages\/353"}],"collection":[{"href":"https:\/\/www.ratani.in\/pt\/wp-json\/wp\/v2\/pages"}],"about":[{"href":"https:\/\/www.ratani.in\/pt\/wp-json\/wp\/v2\/types\/page"}],"author":[{"embeddable":true,"href":"https:\/\/www.ratani.in\/pt\/wp-json\/wp\/v2\/users\/1"}],"replies":[{"embeddable":true,"href":"https:\/\/www.ratani.in\/pt\/wp-json\/wp\/v2\/comments?post=353"}],"version-history":[{"count":11,"href":"https:\/\/www.ratani.in\/pt\/wp-json\/wp\/v2\/pages\/353\/revisions"}],"predecessor-version":[{"id":2559,"href":"https:\/\/www.ratani.in\/pt\/wp-json\/wp\/v2\/pages\/353\/revisions\/2559"}],"wp:featuredmedia":[{"embeddable":true,"href":"https:\/\/www.ratani.in\/pt\/wp-json\/wp\/v2\/media\/361"}],"wp:attachment":[{"href":"https:\/\/www.ratani.in\/pt\/wp-json\/wp\/v2\/media?parent=353"}],"curies":[{"name":"wp","href":"https:\/\/api.w.org\/{rel}","templated":true}]}}