{"id":363,"date":"2023-08-16T13:57:05","date_gmt":"2023-08-16T13:57:05","guid":{"rendered":"https:\/\/www.ratani.in\/?page_id=363"},"modified":"2023-09-01T12:42:40","modified_gmt":"2023-09-01T12:42:40","slug":"amba-white-granite-manufacturer-and-exporter","status":"publish","type":"page","link":"https:\/\/www.ratani.in\/pt\/amba-white-granite-manufacturer-and-exporter\/","title":{"rendered":"Granito Amba branco"},"content":{"rendered":"<p>O Amba branco da \u00cdndia geralmente apresenta uma cor de fundo predominantemente branca ou off-white. As pedreiras do Granito Amba branco na \u00cdndia est\u00e3o em Andhra Pradesh, no Sul da \u00cdndia. Muitas vezes, exibe um padr\u00e3o consistente e uniforme, com varia\u00e7\u00f5es sutis em tons de branco, cinza ou bege. O visual geral \u00e9 tipicamente limpo e sofisticado, tornando-o uma escolha vers\u00e1til para uma variedade de estilos de design.<\/p>\n<p>A textura do Granito Amba branco geralmente \u00e9 fina e polida, conferindo-lhe uma superf\u00edcie suave e lustrosa. Sua durabilidade, resist\u00eancia ao calor e arranh\u00f5es e facilidade de manuten\u00e7\u00e3o o tornam adequado para v\u00e1rias aplica\u00e7\u00f5es, como bancadas, pisos, pain\u00e9is de fundo e muito mais.<\/p>\n","protected":false},"excerpt":{"rendered":"<p>O Amba branco da \u00cdndia geralmente apresenta uma cor de fundo predominantemente branca ou off-white. As pedreiras do Granito Amba branco na \u00cdndia est\u00e3o em Andhra Pradesh, no Sul da \u00cdndia. Muitas vezes, exibe um padr\u00e3o consistente e uniforme, com varia\u00e7\u00f5es sutis em tons de branco, cinza ou bege. O visual geral \u00e9 tipicamente limpo &hellip; <a href=\"https:\/\/www.ratani.in\/pt\/amba-white-granite-manufacturer-and-exporter\/\" class=\"more-link\">Continue reading<span class=\"screen-reader-text\"> &#8220;Granito Amba branco&#8221;<\/span><\/a><\/p>\n","protected":false},"author":1,"featured_media":381,"parent":0,"menu_order":0,"comment_status":"closed","ping_status":"closed","template":"page-templates\/product.php","meta":{"footnotes":""},"translation":{"provider":"WPGlobus","version":"2.12.2","language":"pt","enabled_languages":["en","es","fr","ru","ar","zh","pt"],"languages":{"en":{"title":true,"content":true,"excerpt":false},"es":{"title":true,"content":true,"excerpt":false},"fr":{"title":true,"content":true,"excerpt":false},"ru":{"title":true,"content":true,"excerpt":false},"ar":{"title":true,"content":true,"excerpt":false},"zh":{"title":true,"content":true,"excerpt":false},"pt":{"title":true,"content":true,"excerpt":false}}},"acf":[],"_links":{"self":[{"href":"https:\/\/www.ratani.in\/pt\/wp-json\/wp\/v2\/pages\/363"}],"collection":[{"href":"https:\/\/www.ratani.in\/pt\/wp-json\/wp\/v2\/pages"}],"about":[{"href":"https:\/\/www.ratani.in\/pt\/wp-json\/wp\/v2\/types\/page"}],"author":[{"embeddable":true,"href":"https:\/\/www.ratani.in\/pt\/wp-json\/wp\/v2\/users\/1"}],"replies":[{"embeddable":true,"href":"https:\/\/www.ratani.in\/pt\/wp-json\/wp\/v2\/comments?post=363"}],"version-history":[{"count":10,"href":"https:\/\/www.ratani.in\/pt\/wp-json\/wp\/v2\/pages\/363\/revisions"}],"predecessor-version":[{"id":2551,"href":"https:\/\/www.ratani.in\/pt\/wp-json\/wp\/v2\/pages\/363\/revisions\/2551"}],"wp:featuredmedia":[{"embeddable":true,"href":"https:\/\/www.ratani.in\/pt\/wp-json\/wp\/v2\/media\/381"}],"wp:attachment":[{"href":"https:\/\/www.ratani.in\/pt\/wp-json\/wp\/v2\/media?parent=363"}],"curies":[{"name":"wp","href":"https:\/\/api.w.org\/{rel}","templated":true}]}}