{"id":364,"date":"2023-08-16T13:55:16","date_gmt":"2023-08-16T13:55:16","guid":{"rendered":"https:\/\/www.ratani.in\/?page_id=364"},"modified":"2023-09-01T13:00:30","modified_gmt":"2023-09-01T13:00:30","slug":"s-white-granite-manufacturer-and-exporter","status":"publish","type":"page","link":"https:\/\/www.ratani.in\/pt\/s-white-granite-manufacturer-and-exporter\/","title":{"rendered":"Granito S branco"},"content":{"rendered":"<p>O Granito S branco da \u00cdndia \u00e9 conhecido por sua bela e pura cor branca. Ele apresenta predominantemente um fundo branco com varia\u00e7\u00f5es sutis de tom, indo desde branco puro at\u00e9 off-white ou marfim. Embora seja uma pedra natural no Norte da \u00cdndia, a cor geralmente \u00e9 consistente em toda a pedra, criando uma apar\u00eancia limpa e elegante. \u00c9 um granito branco cintilante conhecido por ter pequenas manchas cinzas e escuras em sua superf\u00edcie.<\/p>\n<p>O que diferencia o Granito S branco \u00e9 sua capacidade de refletir a luz, conferindo-lhe uma qualidade luminosa e brilhante. Isso o torna uma excelente escolha para espa\u00e7os que requerem uma sensa\u00e7\u00e3o de leveza e abertura. A cor branca tamb\u00e9m permite f\u00e1cil coordena\u00e7\u00e3o com v\u00e1rios estilos de design, tornando-o uma op\u00e7\u00e3o vers\u00e1til tanto para configura\u00e7\u00f5es modernas quanto cl\u00e1ssicas.<\/p>\n<p>O Granito S branco \u00e9 comumente usado para bancadas, pain\u00e9is de fundo e pisos, acrescentando um toque de sofistica\u00e7\u00e3o e eleg\u00e2ncia a cozinhas e banheiros. Sua superf\u00edcie lisa e polida ainda aprimora seu apelo est\u00e9tico, enquanto sua durabilidade e resist\u00eancia ao calor e manchas o tornam uma escolha pr\u00e1tica para \u00e1reas de alto tr\u00e1fego.<\/p>\n<p>A melhor raz\u00e3o para importar este granito do Norte da \u00cdndia \u00e9 que sua cor branca n\u00edtida e atemporal traz uma sensa\u00e7\u00e3o de pureza e serenidade a qualquer espa\u00e7o, criando uma atmosfera visualmente agrad\u00e1vel e convidativa.<\/p>\n","protected":false},"excerpt":{"rendered":"<p>O Granito S branco da \u00cdndia \u00e9 conhecido por sua bela e pura cor branca. Ele apresenta predominantemente um fundo branco com varia\u00e7\u00f5es sutis de tom, indo desde branco puro at\u00e9 off-white ou marfim. Embora seja uma pedra natural no Norte da \u00cdndia, a cor geralmente \u00e9 consistente em toda a pedra, criando uma apar\u00eancia &hellip; <a href=\"https:\/\/www.ratani.in\/pt\/s-white-granite-manufacturer-and-exporter\/\" class=\"more-link\">Continue reading<span class=\"screen-reader-text\"> &#8220;Granito S branco&#8221;<\/span><\/a><\/p>\n","protected":false},"author":1,"featured_media":372,"parent":0,"menu_order":0,"comment_status":"closed","ping_status":"closed","template":"page-templates\/product.php","meta":{"footnotes":""},"translation":{"provider":"WPGlobus","version":"2.12.2","language":"pt","enabled_languages":["en","es","fr","ru","ar","zh","pt"],"languages":{"en":{"title":true,"content":true,"excerpt":false},"es":{"title":true,"content":true,"excerpt":false},"fr":{"title":true,"content":true,"excerpt":false},"ru":{"title":true,"content":true,"excerpt":false},"ar":{"title":true,"content":true,"excerpt":false},"zh":{"title":true,"content":true,"excerpt":false},"pt":{"title":true,"content":true,"excerpt":false}}},"acf":[],"_links":{"self":[{"href":"https:\/\/www.ratani.in\/pt\/wp-json\/wp\/v2\/pages\/364"}],"collection":[{"href":"https:\/\/www.ratani.in\/pt\/wp-json\/wp\/v2\/pages"}],"about":[{"href":"https:\/\/www.ratani.in\/pt\/wp-json\/wp\/v2\/types\/page"}],"author":[{"embeddable":true,"href":"https:\/\/www.ratani.in\/pt\/wp-json\/wp\/v2\/users\/1"}],"replies":[{"embeddable":true,"href":"https:\/\/www.ratani.in\/pt\/wp-json\/wp\/v2\/comments?post=364"}],"version-history":[{"count":11,"href":"https:\/\/www.ratani.in\/pt\/wp-json\/wp\/v2\/pages\/364\/revisions"}],"predecessor-version":[{"id":2558,"href":"https:\/\/www.ratani.in\/pt\/wp-json\/wp\/v2\/pages\/364\/revisions\/2558"}],"wp:featuredmedia":[{"embeddable":true,"href":"https:\/\/www.ratani.in\/pt\/wp-json\/wp\/v2\/media\/372"}],"wp:attachment":[{"href":"https:\/\/www.ratani.in\/pt\/wp-json\/wp\/v2\/media?parent=364"}],"curies":[{"name":"wp","href":"https:\/\/api.w.org\/{rel}","templated":true}]}}