{"id":393,"date":"2023-08-16T14:02:31","date_gmt":"2023-08-16T14:02:31","guid":{"rendered":"https:\/\/www.ratani.in\/?page_id=393"},"modified":"2023-09-01T12:39:33","modified_gmt":"2023-09-01T12:39:33","slug":"river-white-granite-manufacturer-and-exporter","status":"publish","type":"page","link":"https:\/\/www.ratani.in\/pt\/river-white-granite-manufacturer-and-exporter\/","title":{"rendered":"Granito River branco"},"content":{"rendered":"<p>O Granito River branco da \u00cdndia \u00e9 caracterizado por seu fundo branco imaculado e padr\u00f5es intricados de veias em tons de cinza, preto e bord\u00f4. O Granito River branco exibe uma textura fina que lhe confere uma apar\u00eancia lisa e polida. A cor principal deste granito \u00e9 um branco cremoso, que serve como uma base neutra que combina bem com diversos estilos de design. As veias e padr\u00f5es em tons de cinza, preto e bord\u00f4 serpenteiam pela superf\u00edcie, criando uma sensa\u00e7\u00e3o de movimento e interesse visual.<\/p>\n<p>O contraste entre o fundo branco e as veias mais escuras adiciona profundidade e eleg\u00e2ncia ao visual geral. O Granito River branco \u00e9 comumente usado para bancadas, pisos, revestimentos de fundo e revestimentos de parede, proporcionando uma sensa\u00e7\u00e3o de sofistica\u00e7\u00e3o e beleza atemporal a qualquer espa\u00e7o.<\/p>\n<p>Sua durabilidade, resist\u00eancia ao calor e arranh\u00f5es, juntamente com sua versatilidade em complementar diferentes estilos est\u00e9ticos, o tornam uma escolha popular entre propriet\u00e1rios e designers. O Granito River branco traz uma sensa\u00e7\u00e3o de eleg\u00e2ncia natural e tranquilidade, tornando-o uma escolha cativante para v\u00e1rios projetos residenciais e comerciais.<\/p>\n","protected":false},"excerpt":{"rendered":"<p>O Granito River branco da \u00cdndia \u00e9 caracterizado por seu fundo branco imaculado e padr\u00f5es intricados de veias em tons de cinza, preto e bord\u00f4. O Granito River branco exibe uma textura fina que lhe confere uma apar\u00eancia lisa e polida. A cor principal deste granito \u00e9 um branco cremoso, que serve como uma base &hellip; <a href=\"https:\/\/www.ratani.in\/pt\/river-white-granite-manufacturer-and-exporter\/\" class=\"more-link\">Continue reading<span class=\"screen-reader-text\"> &#8220;Granito River branco&#8221;<\/span><\/a><\/p>\n","protected":false},"author":1,"featured_media":398,"parent":0,"menu_order":0,"comment_status":"closed","ping_status":"closed","template":"page-templates\/product.php","meta":{"footnotes":""},"translation":{"provider":"WPGlobus","version":"2.12.2","language":"pt","enabled_languages":["en","es","fr","ru","ar","zh","pt"],"languages":{"en":{"title":true,"content":true,"excerpt":false},"es":{"title":true,"content":true,"excerpt":false},"fr":{"title":true,"content":true,"excerpt":false},"ru":{"title":true,"content":true,"excerpt":false},"ar":{"title":true,"content":true,"excerpt":false},"zh":{"title":true,"content":true,"excerpt":false},"pt":{"title":true,"content":true,"excerpt":false}}},"acf":[],"_links":{"self":[{"href":"https:\/\/www.ratani.in\/pt\/wp-json\/wp\/v2\/pages\/393"}],"collection":[{"href":"https:\/\/www.ratani.in\/pt\/wp-json\/wp\/v2\/pages"}],"about":[{"href":"https:\/\/www.ratani.in\/pt\/wp-json\/wp\/v2\/types\/page"}],"author":[{"embeddable":true,"href":"https:\/\/www.ratani.in\/pt\/wp-json\/wp\/v2\/users\/1"}],"replies":[{"embeddable":true,"href":"https:\/\/www.ratani.in\/pt\/wp-json\/wp\/v2\/comments?post=393"}],"version-history":[{"count":10,"href":"https:\/\/www.ratani.in\/pt\/wp-json\/wp\/v2\/pages\/393\/revisions"}],"predecessor-version":[{"id":2139,"href":"https:\/\/www.ratani.in\/pt\/wp-json\/wp\/v2\/pages\/393\/revisions\/2139"}],"wp:featuredmedia":[{"embeddable":true,"href":"https:\/\/www.ratani.in\/pt\/wp-json\/wp\/v2\/media\/398"}],"wp:attachment":[{"href":"https:\/\/www.ratani.in\/pt\/wp-json\/wp\/v2\/media?parent=393"}],"curies":[{"name":"wp","href":"https:\/\/api.w.org\/{rel}","templated":true}]}}