{"id":403,"date":"2023-08-16T14:05:24","date_gmt":"2023-08-16T14:05:24","guid":{"rendered":"https:\/\/www.ratani.in\/?page_id=403"},"modified":"2023-09-01T12:57:15","modified_gmt":"2023-09-01T12:57:15","slug":"thunder-white-granite-manufacturer-and-exporter","status":"publish","type":"page","link":"https:\/\/www.ratani.in\/pt\/thunder-white-granite-manufacturer-and-exporter\/","title":{"rendered":"Granito Thunder branco"},"content":{"rendered":"<p>O Granito Thunder branco \u00e9 uma pedra natural deslumbrante na \u00cdndia conhecida por sua beleza marcante e apar\u00eancia cativante. \u00c9 uma escolha popular para aqueles que buscam uma combina\u00e7\u00e3o de eleg\u00e2ncia e singularidade em seus projetos de design.<\/p>\n<p>O Granito Thunder branco apresenta predominantemente um fundo branco com padr\u00f5es intricados e veias que lembram o movimento dram\u00e1tico das tempestades. Esses padr\u00f5es podem variar de redemoinhos sutis e delicados a veias ousadas e proeminentes, criando um efeito visual din\u00e2mico e dram\u00e1tico.<\/p>\n<p>Esta variedade de granito \u00e9 comumente usada para aplica\u00e7\u00f5es internas e externas, o que a torna vers\u00e1til em sua aplica\u00e7\u00e3o. \u00c9 frequentemente usado para bancadas de cozinha, banheiros, pisos, revestimentos de parede, lareiras e detalhes decorativos. Sua durabilidade, resist\u00eancia a manchas e facilidade de manuten\u00e7\u00e3o o tornam uma op\u00e7\u00e3o pr\u00e1tica para v\u00e1rias configura\u00e7\u00f5es.<\/p>\n<p>O Granito Thunder branco traz uma sensa\u00e7\u00e3o de eleg\u00e2ncia e sofistica\u00e7\u00e3o a qualquer espa\u00e7o. Seu fundo branco brilhante cria uma atmosfera limpa e imaculada, enquanto os padr\u00f5es intricados adicionam um toque de drama e interesse visual. Seja usado em um esquema de design contempor\u00e2neo ou tradicional, o Granito Thunder branco certamente deixar\u00e1 uma impress\u00e3o duradoura.<\/p>\n<p>Isso d\u00e1 apar\u00eancia de m\u00e1rmore branco Carrara, mas apenas com as caracter\u00edsticas do granito, o que o torna uma escolha melhor para quem quer comprar granito da \u00cdndia.<\/p>\n","protected":false},"excerpt":{"rendered":"<p>O Granito Thunder branco \u00e9 uma pedra natural deslumbrante na \u00cdndia conhecida por sua beleza marcante e apar\u00eancia cativante. \u00c9 uma escolha popular para aqueles que buscam uma combina\u00e7\u00e3o de eleg\u00e2ncia e singularidade em seus projetos de design. O Granito Thunder branco apresenta predominantemente um fundo branco com padr\u00f5es intricados e veias que lembram o &hellip; <a href=\"https:\/\/www.ratani.in\/pt\/thunder-white-granite-manufacturer-and-exporter\/\" class=\"more-link\">Continue reading<span class=\"screen-reader-text\"> &#8220;Granito Thunder branco&#8221;<\/span><\/a><\/p>\n","protected":false},"author":1,"featured_media":411,"parent":0,"menu_order":0,"comment_status":"closed","ping_status":"closed","template":"page-templates\/product.php","meta":{"footnotes":""},"translation":{"provider":"WPGlobus","version":"2.12.2","language":"pt","enabled_languages":["en","es","fr","ru","ar","zh","pt"],"languages":{"en":{"title":true,"content":true,"excerpt":false},"es":{"title":true,"content":true,"excerpt":false},"fr":{"title":true,"content":true,"excerpt":false},"ru":{"title":true,"content":true,"excerpt":false},"ar":{"title":true,"content":true,"excerpt":false},"zh":{"title":true,"content":true,"excerpt":false},"pt":{"title":true,"content":true,"excerpt":false}}},"acf":[],"_links":{"self":[{"href":"https:\/\/www.ratani.in\/pt\/wp-json\/wp\/v2\/pages\/403"}],"collection":[{"href":"https:\/\/www.ratani.in\/pt\/wp-json\/wp\/v2\/pages"}],"about":[{"href":"https:\/\/www.ratani.in\/pt\/wp-json\/wp\/v2\/types\/page"}],"author":[{"embeddable":true,"href":"https:\/\/www.ratani.in\/pt\/wp-json\/wp\/v2\/users\/1"}],"replies":[{"embeddable":true,"href":"https:\/\/www.ratani.in\/pt\/wp-json\/wp\/v2\/comments?post=403"}],"version-history":[{"count":11,"href":"https:\/\/www.ratani.in\/pt\/wp-json\/wp\/v2\/pages\/403\/revisions"}],"predecessor-version":[{"id":2407,"href":"https:\/\/www.ratani.in\/pt\/wp-json\/wp\/v2\/pages\/403\/revisions\/2407"}],"wp:featuredmedia":[{"embeddable":true,"href":"https:\/\/www.ratani.in\/pt\/wp-json\/wp\/v2\/media\/411"}],"wp:attachment":[{"href":"https:\/\/www.ratani.in\/pt\/wp-json\/wp\/v2\/media?parent=403"}],"curies":[{"name":"wp","href":"https:\/\/api.w.org\/{rel}","templated":true}]}}