{"id":413,"date":"2023-08-16T14:07:53","date_gmt":"2023-08-16T14:07:53","guid":{"rendered":"https:\/\/www.ratani.in\/?page_id=413"},"modified":"2024-06-28T12:22:07","modified_gmt":"2024-06-28T12:22:07","slug":"viscon-white-granite-manufacturer-and-exporter","status":"publish","type":"page","link":"https:\/\/www.ratani.in\/pt\/viscon-white-granite-manufacturer-and-exporter\/","title":{"rendered":"Granito Viscon branco"},"content":{"rendered":"<p>O Granito Viscon branco da \u00cdndia \u00e9 uma pedra sofisticada e visualmente marcante, conhecida por seu fundo branco distinto e padr\u00f5es intricados. \u00c9 uma escolha popular para aqueles que buscam uma combina\u00e7\u00e3o de eleg\u00e2ncia e singularidade em seus projetos de design.<\/p>\n<p>O Granito Viscon branco apresenta predominantemente umacor de base branca ou off- branco, que serve como uma tela para padr\u00f5es fascinantes e veias. Esses padr\u00f5es podem variar de redemoinhos delicados e sutis a forma\u00e7\u00f5es mais dram\u00e1ticas. A intera\u00e7\u00e3o entre tons claros e escuros dentro da pedra cria um apelo visual cativante e adiciona profundidade \u00e0 sua apar\u00eancia geral.<\/p>\n<p>Sua durabilidade, resist\u00eancia a manchas e facilidade de manuten\u00e7\u00e3o o tornam uma op\u00e7\u00e3o pr\u00e1tica para v\u00e1rias configura\u00e7\u00f5es.<\/p>\n<p>Cada laje de Granito Viscon White possui padr\u00f5es e caracter\u00edsticas \u00fanicos, garantindo que seu projeto tenha um toque distinto.<\/p>\n","protected":false},"excerpt":{"rendered":"<p>O Granito Viscon branco da \u00cdndia \u00e9 uma pedra sofisticada e visualmente marcante, conhecida por seu fundo branco distinto e padr\u00f5es intricados. \u00c9 uma escolha popular para aqueles que buscam uma combina\u00e7\u00e3o de eleg\u00e2ncia e singularidade em seus projetos de design. O Granito Viscon branco apresenta predominantemente umacor de base branca ou off- branco, que &hellip; <a href=\"https:\/\/www.ratani.in\/pt\/viscon-white-granite-manufacturer-and-exporter\/\" class=\"more-link\">Continue reading<span class=\"screen-reader-text\"> &#8220;Granito Viscon branco&#8221;<\/span><\/a><\/p>\n","protected":false},"author":1,"featured_media":421,"parent":0,"menu_order":0,"comment_status":"closed","ping_status":"closed","template":"page-templates\/product.php","meta":{"footnotes":""},"translation":{"provider":"WPGlobus","version":"2.12.2","language":"pt","enabled_languages":["en","es","fr","ru","ar","zh","pt"],"languages":{"en":{"title":true,"content":true,"excerpt":false},"es":{"title":true,"content":true,"excerpt":false},"fr":{"title":true,"content":true,"excerpt":false},"ru":{"title":true,"content":true,"excerpt":false},"ar":{"title":true,"content":true,"excerpt":false},"zh":{"title":true,"content":true,"excerpt":false},"pt":{"title":true,"content":true,"excerpt":false}}},"acf":[],"_links":{"self":[{"href":"https:\/\/www.ratani.in\/pt\/wp-json\/wp\/v2\/pages\/413"}],"collection":[{"href":"https:\/\/www.ratani.in\/pt\/wp-json\/wp\/v2\/pages"}],"about":[{"href":"https:\/\/www.ratani.in\/pt\/wp-json\/wp\/v2\/types\/page"}],"author":[{"embeddable":true,"href":"https:\/\/www.ratani.in\/pt\/wp-json\/wp\/v2\/users\/1"}],"replies":[{"embeddable":true,"href":"https:\/\/www.ratani.in\/pt\/wp-json\/wp\/v2\/comments?post=413"}],"version-history":[{"count":12,"href":"https:\/\/www.ratani.in\/pt\/wp-json\/wp\/v2\/pages\/413\/revisions"}],"predecessor-version":[{"id":2690,"href":"https:\/\/www.ratani.in\/pt\/wp-json\/wp\/v2\/pages\/413\/revisions\/2690"}],"wp:featuredmedia":[{"embeddable":true,"href":"https:\/\/www.ratani.in\/pt\/wp-json\/wp\/v2\/media\/421"}],"wp:attachment":[{"href":"https:\/\/www.ratani.in\/pt\/wp-json\/wp\/v2\/media?parent=413"}],"curies":[{"name":"wp","href":"https:\/\/api.w.org\/{rel}","templated":true}]}}