{"id":423,"date":"2023-08-16T14:20:44","date_gmt":"2023-08-16T14:20:44","guid":{"rendered":"https:\/\/www.ratani.in\/?page_id=423"},"modified":"2023-09-01T12:26:22","modified_gmt":"2023-09-01T12:26:22","slug":"azul-nuevo-granite-manufacturer-and-exporter","status":"publish","type":"page","link":"https:\/\/www.ratani.in\/pt\/azul-nuevo-granite-manufacturer-and-exporter\/","title":{"rendered":"Granito Azul Nuevo"},"content":{"rendered":"<p>O Granito Azul Nuevo da \u00cdndia \u00e9 uma impressionante variedade de granito conhecida por sua cativante cor azul e padr\u00f5es intrincados. \u00c9 uma pedra natural extra\u00edda de minas ao redor de Kishangarh, Rajasthan, \u00cdndia, e tamb\u00e9m processada em empresas de granito em Jalore, Rajasthan, \u00cdndia, que oferecem uma est\u00e9tica \u00fanica e luxuosa.<\/p>\n<p>O Granito Azul Nuevo apresenta um fundo predominantemente azul profundo, reminiscente de um c\u00e9u claro ou das profundezas do oceano, o que o torna um dos granitos azuis mais populares da \u00cdndia. A cor azul pode variar de tons vibrantes e intensos a tons mais suaves e suaves, criando diferentes efeitos visuais. Al\u00e9m disso, frequentemente exibe padr\u00f5es intrincados, como ondas, redemoinhos ou veias, em cores complementares como branco, cinza ou preto. Esses padr\u00f5es adicionam profundidade e car\u00e1ter \u00e0 pedra, tornando cada placa distinta.<\/p>\n<p>A textura do Granito Azul Nuevo \u00e9 tipicamente de gr\u00e3o m\u00e9dio a grosseiro, proporcionando uma sensa\u00e7\u00e3o t\u00e1til e natural. \u00c9 um material dur\u00e1vel, tornando-o adequado para v\u00e1rias aplica\u00e7\u00f5es, incluindo bancadas, pisos, revestimentos de parede e acentos decorativos.<\/p>\n<p>A marcante cor azul do Granito Azul Nuevo e seus padr\u00f5es intrincados o tornam uma excelente escolha para adicionar um toque de eleg\u00e2ncia e sofistica\u00e7\u00e3o a espa\u00e7os residenciais e comerciais.<\/p>\n","protected":false},"excerpt":{"rendered":"<p>O Granito Azul Nuevo da \u00cdndia \u00e9 uma impressionante variedade de granito conhecida por sua cativante cor azul e padr\u00f5es intrincados. \u00c9 uma pedra natural extra\u00edda de minas ao redor de Kishangarh, Rajasthan, \u00cdndia, e tamb\u00e9m processada em empresas de granito em Jalore, Rajasthan, \u00cdndia, que oferecem uma est\u00e9tica \u00fanica e luxuosa. O Granito Azul &hellip; <a href=\"https:\/\/www.ratani.in\/pt\/azul-nuevo-granite-manufacturer-and-exporter\/\" class=\"more-link\">Continue reading<span class=\"screen-reader-text\"> &#8220;Granito Azul Nuevo&#8221;<\/span><\/a><\/p>\n","protected":false},"author":1,"featured_media":425,"parent":0,"menu_order":0,"comment_status":"closed","ping_status":"closed","template":"page-templates\/product.php","meta":{"footnotes":""},"translation":{"provider":"WPGlobus","version":"2.12.2","language":"pt","enabled_languages":["en","es","fr","ru","ar","zh","pt"],"languages":{"en":{"title":true,"content":true,"excerpt":false},"es":{"title":true,"content":true,"excerpt":false},"fr":{"title":true,"content":true,"excerpt":false},"ru":{"title":true,"content":true,"excerpt":false},"ar":{"title":true,"content":true,"excerpt":false},"zh":{"title":true,"content":true,"excerpt":false},"pt":{"title":true,"content":true,"excerpt":false}}},"acf":[],"_links":{"self":[{"href":"https:\/\/www.ratani.in\/pt\/wp-json\/wp\/v2\/pages\/423"}],"collection":[{"href":"https:\/\/www.ratani.in\/pt\/wp-json\/wp\/v2\/pages"}],"about":[{"href":"https:\/\/www.ratani.in\/pt\/wp-json\/wp\/v2\/types\/page"}],"author":[{"embeddable":true,"href":"https:\/\/www.ratani.in\/pt\/wp-json\/wp\/v2\/users\/1"}],"replies":[{"embeddable":true,"href":"https:\/\/www.ratani.in\/pt\/wp-json\/wp\/v2\/comments?post=423"}],"version-history":[{"count":12,"href":"https:\/\/www.ratani.in\/pt\/wp-json\/wp\/v2\/pages\/423\/revisions"}],"predecessor-version":[{"id":2481,"href":"https:\/\/www.ratani.in\/pt\/wp-json\/wp\/v2\/pages\/423\/revisions\/2481"}],"wp:featuredmedia":[{"embeddable":true,"href":"https:\/\/www.ratani.in\/pt\/wp-json\/wp\/v2\/media\/425"}],"wp:attachment":[{"href":"https:\/\/www.ratani.in\/pt\/wp-json\/wp\/v2\/media?parent=423"}],"curies":[{"name":"wp","href":"https:\/\/api.w.org\/{rel}","templated":true}]}}