{"id":434,"date":"2023-08-16T14:30:04","date_gmt":"2023-08-16T14:30:04","guid":{"rendered":"https:\/\/www.ratani.in\/?page_id=434"},"modified":"2023-09-01T12:10:59","modified_gmt":"2023-09-01T12:10:59","slug":"crystal-blue-granite-manufacturer-and-exporter","status":"publish","type":"page","link":"https:\/\/www.ratani.in\/pt\/crystal-blue-granite-manufacturer-and-exporter\/","title":{"rendered":"Granito Crystal azul"},"content":{"rendered":"<p>O Granito Crystal azul da \u00cdndia \u00e9 uma pedra natural cativante conhecida por sua marcante cor azul e apar\u00eancia cristalina. \u00c9 extra\u00eddo das minas no Norte da \u00cdndia e \u00e9 uma escolha popular para adicionar um toque \u00fanico e luxuoso a v\u00e1rios projetos arquitet\u00f4nicos e de design.<\/p>\n<p>A cor base do Granito Crystal azul \u00e9 predominantemente azul, variando de um tom m\u00e9dio a escuro. Sua superf\u00edcie \u00e9 adornada com padr\u00f5es intrincados e cristais em tons contrastantes de azul, branco e cinza, assemelhando-se a um c\u00e9u noturno celestial ou \u00e1gua cintilante. Esses padr\u00f5es naturais e forma\u00e7\u00f5es cristalinas contribuem para o apelo geral da pedra.<\/p>\n<p>A cor azul Crystal \u00e9 muito apreciada pelos exportadores de granito de Gujarat, \u00cdndia, e eles promovem ativamente as lajes de granito gangsaw, lajes de granito cortado e azulejos de granito de Gujarat com essa tonalidade.<\/p>\n<p>O Granito Crystal azul muitas vezes \u00e9 polido para real\u00e7ar seu brilho e ressaltar a beleza de seus padr\u00f5es intrincados. A superf\u00edcie polida cria um acabamento suave e reflexivo, acrescentando um toque de eleg\u00e2ncia a qualquer espa\u00e7o.<\/p>\n<p>Devido \u00e0 sua apar\u00eancia distintiva e durabilidade, o Granito Crystal azul \u00e9 comumente usado para bancadas, revestimentos de parede, pisos e recursos de destaque. Ele traz uma sensa\u00e7\u00e3o de sofistica\u00e7\u00e3o e uma declara\u00e7\u00e3o audaciosa para aplica\u00e7\u00f5es residenciais e comerciais, especialmente em estilos de design contempor\u00e2neo ou moderno.<\/p>\n","protected":false},"excerpt":{"rendered":"<p>O Granito Crystal azul da \u00cdndia \u00e9 uma pedra natural cativante conhecida por sua marcante cor azul e apar\u00eancia cristalina. \u00c9 extra\u00eddo das minas no Norte da \u00cdndia e \u00e9 uma escolha popular para adicionar um toque \u00fanico e luxuoso a v\u00e1rios projetos arquitet\u00f4nicos e de design. A cor base do Granito Crystal azul \u00e9 &hellip; <a href=\"https:\/\/www.ratani.in\/pt\/crystal-blue-granite-manufacturer-and-exporter\/\" class=\"more-link\">Continue reading<span class=\"screen-reader-text\"> &#8220;Granito Crystal azul&#8221;<\/span><\/a><\/p>\n","protected":false},"author":1,"featured_media":441,"parent":0,"menu_order":0,"comment_status":"closed","ping_status":"closed","template":"page-templates\/product.php","meta":{"footnotes":""},"translation":{"provider":"WPGlobus","version":"2.12.2","language":"pt","enabled_languages":["en","es","fr","ru","ar","zh","pt"],"languages":{"en":{"title":true,"content":true,"excerpt":false},"es":{"title":true,"content":true,"excerpt":false},"fr":{"title":true,"content":true,"excerpt":false},"ru":{"title":true,"content":true,"excerpt":false},"ar":{"title":true,"content":true,"excerpt":false},"zh":{"title":true,"content":true,"excerpt":false},"pt":{"title":true,"content":true,"excerpt":false}}},"acf":[],"_links":{"self":[{"href":"https:\/\/www.ratani.in\/pt\/wp-json\/wp\/v2\/pages\/434"}],"collection":[{"href":"https:\/\/www.ratani.in\/pt\/wp-json\/wp\/v2\/pages"}],"about":[{"href":"https:\/\/www.ratani.in\/pt\/wp-json\/wp\/v2\/types\/page"}],"author":[{"embeddable":true,"href":"https:\/\/www.ratani.in\/pt\/wp-json\/wp\/v2\/users\/1"}],"replies":[{"embeddable":true,"href":"https:\/\/www.ratani.in\/pt\/wp-json\/wp\/v2\/comments?post=434"}],"version-history":[{"count":10,"href":"https:\/\/www.ratani.in\/pt\/wp-json\/wp\/v2\/pages\/434\/revisions"}],"predecessor-version":[{"id":2530,"href":"https:\/\/www.ratani.in\/pt\/wp-json\/wp\/v2\/pages\/434\/revisions\/2530"}],"wp:featuredmedia":[{"embeddable":true,"href":"https:\/\/www.ratani.in\/pt\/wp-json\/wp\/v2\/media\/441"}],"wp:attachment":[{"href":"https:\/\/www.ratani.in\/pt\/wp-json\/wp\/v2\/media?parent=434"}],"curies":[{"name":"wp","href":"https:\/\/api.w.org\/{rel}","templated":true}]}}