{"id":444,"date":"2023-08-16T14:33:56","date_gmt":"2023-08-16T14:33:56","guid":{"rendered":"https:\/\/www.ratani.in\/?page_id=444"},"modified":"2023-09-01T12:05:42","modified_gmt":"2023-09-01T12:05:42","slug":"koliwada-blue-granite-manufacturer-and-exporter","status":"publish","type":"page","link":"https:\/\/www.ratani.in\/pt\/koliwada-blue-granite-manufacturer-and-exporter\/","title":{"rendered":"Granito Koliwada azul"},"content":{"rendered":"<p>O Granito Koliwada azul da \u00cdndia \u00e9 uma deslumbrante pedra natural altamente apreciada por sua cor azul \u00fanica e apar\u00eancia cativante. Ele \u00e9 principalmente extra\u00eddo em Rajasthan, \u00cdndia, e a Ratani \u00e9 uma das principais exportadoras de diferentes cores de granito da \u00cdndia.<\/p>\n<p>O Granito Koliwada azul apresenta uma mistura fascinante de tons de azul e cinza, o que o torna um dos granitos azuis indianos mais procurados. A cor base varia de azul marinho profundo a tons mais claros de azul, frequentemente acompanhados por sutis veias e padr\u00f5es em tons de cinza e branco. Essas varia\u00e7\u00f5es criam uma sensa\u00e7\u00e3o de movimento e profundidade, assemelhando-se \u00e0s ondas hipnotizantes do oceano ou \u00e0 vastid\u00e3o de um c\u00e9u noturno.<\/p>\n<p>A superf\u00edcie do Granito Koliwada azul \u00e9 tipicamente polida com alto brilho, real\u00e7ando a beleza natural da pedra e permitindo que suas cores e padr\u00f5es \u00fanicos brilhem. O acabamento polido adiciona um toque de eleg\u00e2ncia e sofistica\u00e7\u00e3o a qualquer espa\u00e7o.<\/p>\n<p>O Granito Koliwada azul \u00e9 uma pedra vers\u00e1til que pode ser usada em v\u00e1rias aplica\u00e7\u00f5es. \u00c9 comumente empregado para bancadas, pisos, revestimentos de parede e recursos de destaque em configura\u00e7\u00f5es residenciais e comerciais. Sua durabilidade, resist\u00eancia ao calor e capacidade de suportar o uso di\u00e1rio intenso tornam-no uma escolha pr\u00e1tica para \u00e1reas que experimentam alto tr\u00e1fego.<\/p>\n","protected":false},"excerpt":{"rendered":"<p>O Granito Koliwada azul da \u00cdndia \u00e9 uma deslumbrante pedra natural altamente apreciada por sua cor azul \u00fanica e apar\u00eancia cativante. Ele \u00e9 principalmente extra\u00eddo em Rajasthan, \u00cdndia, e a Ratani \u00e9 uma das principais exportadoras de diferentes cores de granito da \u00cdndia. O Granito Koliwada azul apresenta uma mistura fascinante de tons de azul &hellip; <a href=\"https:\/\/www.ratani.in\/pt\/koliwada-blue-granite-manufacturer-and-exporter\/\" class=\"more-link\">Continue reading<span class=\"screen-reader-text\"> &#8220;Granito Koliwada azul&#8221;<\/span><\/a><\/p>\n","protected":false},"author":1,"featured_media":452,"parent":0,"menu_order":0,"comment_status":"closed","ping_status":"closed","template":"page-templates\/product.php","meta":{"footnotes":""},"translation":{"provider":"WPGlobus","version":"2.12.2","language":"pt","enabled_languages":["en","es","fr","ru","ar","zh","pt"],"languages":{"en":{"title":true,"content":true,"excerpt":false},"es":{"title":true,"content":true,"excerpt":false},"fr":{"title":true,"content":true,"excerpt":false},"ru":{"title":true,"content":true,"excerpt":false},"ar":{"title":true,"content":true,"excerpt":false},"zh":{"title":true,"content":true,"excerpt":false},"pt":{"title":true,"content":true,"excerpt":false}}},"acf":[],"_links":{"self":[{"href":"https:\/\/www.ratani.in\/pt\/wp-json\/wp\/v2\/pages\/444"}],"collection":[{"href":"https:\/\/www.ratani.in\/pt\/wp-json\/wp\/v2\/pages"}],"about":[{"href":"https:\/\/www.ratani.in\/pt\/wp-json\/wp\/v2\/types\/page"}],"author":[{"embeddable":true,"href":"https:\/\/www.ratani.in\/pt\/wp-json\/wp\/v2\/users\/1"}],"replies":[{"embeddable":true,"href":"https:\/\/www.ratani.in\/pt\/wp-json\/wp\/v2\/comments?post=444"}],"version-history":[{"count":10,"href":"https:\/\/www.ratani.in\/pt\/wp-json\/wp\/v2\/pages\/444\/revisions"}],"predecessor-version":[{"id":2528,"href":"https:\/\/www.ratani.in\/pt\/wp-json\/wp\/v2\/pages\/444\/revisions\/2528"}],"wp:featuredmedia":[{"embeddable":true,"href":"https:\/\/www.ratani.in\/pt\/wp-json\/wp\/v2\/media\/452"}],"wp:attachment":[{"href":"https:\/\/www.ratani.in\/pt\/wp-json\/wp\/v2\/media?parent=444"}],"curies":[{"name":"wp","href":"https:\/\/api.w.org\/{rel}","templated":true}]}}