{"id":454,"date":"2023-08-16T14:41:56","date_gmt":"2023-08-16T14:41:56","guid":{"rendered":"https:\/\/www.ratani.in\/?page_id=454"},"modified":"2023-09-01T12:04:01","modified_gmt":"2023-09-01T12:04:01","slug":"himalayan-blue-granite-manufacturer-and-exporter","status":"publish","type":"page","link":"https:\/\/www.ratani.in\/pt\/himalayan-blue-granite-manufacturer-and-exporter\/","title":{"rendered":"Granito Himalayan azul"},"content":{"rendered":"<p>O Granito Himalayan azul \u00e9 uma deslumbrante pedra natural que exala uma sensa\u00e7\u00e3o de eleg\u00e2ncia e serenidade. Como o nome sugere, ele se inspira na beleza majestosa da cordilheira do Himalaia. Este granito apresenta uma cor base predominantemente azul clara, com varia\u00e7\u00f5es ocasionais de tons mais claros de azul e sutis pontos de cinza e pre<\/p>\n<p>to com redemoinhos em laranja avermelhado. Os padr\u00f5es intricados e o movimento dentro da pedra se assemelham a correntes de \u00e1gua ou nuvens contra um c\u00e9u azul profundo. A cativante apar\u00eancia do Granito Himalayan azul o torna uma escolha popular entre os fornecedores de granito azul da \u00cdndia para criar bancadas, pain\u00e9is de respingos e pe\u00e7as de destaque em v\u00e1rias aplica\u00e7\u00f5es internas e externas.<\/p>\n","protected":false},"excerpt":{"rendered":"<p>O Granito Himalayan azul \u00e9 uma deslumbrante pedra natural que exala uma sensa\u00e7\u00e3o de eleg\u00e2ncia e serenidade. Como o nome sugere, ele se inspira na beleza majestosa da cordilheira do Himalaia. Este granito apresenta uma cor base predominantemente azul clara, com varia\u00e7\u00f5es ocasionais de tons mais claros de azul e sutis pontos de cinza e &hellip; <a href=\"https:\/\/www.ratani.in\/pt\/himalayan-blue-granite-manufacturer-and-exporter\/\" class=\"more-link\">Continue reading<span class=\"screen-reader-text\"> &#8220;Granito Himalayan azul&#8221;<\/span><\/a><\/p>\n","protected":false},"author":1,"featured_media":455,"parent":0,"menu_order":0,"comment_status":"closed","ping_status":"closed","template":"page-templates\/product.php","meta":{"footnotes":""},"translation":{"provider":"WPGlobus","version":"2.12.2","language":"pt","enabled_languages":["en","es","fr","ru","ar","zh","pt"],"languages":{"en":{"title":true,"content":true,"excerpt":false},"es":{"title":true,"content":true,"excerpt":false},"fr":{"title":true,"content":true,"excerpt":false},"ru":{"title":true,"content":true,"excerpt":false},"ar":{"title":true,"content":true,"excerpt":false},"zh":{"title":true,"content":true,"excerpt":false},"pt":{"title":true,"content":true,"excerpt":false}}},"acf":[],"_links":{"self":[{"href":"https:\/\/www.ratani.in\/pt\/wp-json\/wp\/v2\/pages\/454"}],"collection":[{"href":"https:\/\/www.ratani.in\/pt\/wp-json\/wp\/v2\/pages"}],"about":[{"href":"https:\/\/www.ratani.in\/pt\/wp-json\/wp\/v2\/types\/page"}],"author":[{"embeddable":true,"href":"https:\/\/www.ratani.in\/pt\/wp-json\/wp\/v2\/users\/1"}],"replies":[{"embeddable":true,"href":"https:\/\/www.ratani.in\/pt\/wp-json\/wp\/v2\/comments?post=454"}],"version-history":[{"count":12,"href":"https:\/\/www.ratani.in\/pt\/wp-json\/wp\/v2\/pages\/454\/revisions"}],"predecessor-version":[{"id":1961,"href":"https:\/\/www.ratani.in\/pt\/wp-json\/wp\/v2\/pages\/454\/revisions\/1961"}],"wp:featuredmedia":[{"embeddable":true,"href":"https:\/\/www.ratani.in\/pt\/wp-json\/wp\/v2\/media\/455"}],"wp:attachment":[{"href":"https:\/\/www.ratani.in\/pt\/wp-json\/wp\/v2\/media?parent=454"}],"curies":[{"name":"wp","href":"https:\/\/api.w.org\/{rel}","templated":true}]}}