{"id":465,"date":"2023-08-16T14:48:22","date_gmt":"2023-08-16T14:48:22","guid":{"rendered":"https:\/\/www.ratani.in\/?page_id=465"},"modified":"2023-09-01T12:21:15","modified_gmt":"2023-09-01T12:21:15","slug":"lavender-blue-granite-manufacturer-and-exporter","status":"publish","type":"page","link":"https:\/\/www.ratani.in\/pt\/lavender-blue-granite-manufacturer-and-exporter\/","title":{"rendered":"Granito Lavender azul"},"content":{"rendered":"<p>O Granito Lavender azul da \u00cdndia \u00e9 uma exquisita pedra natural reconhecida por sua suave paleta de cores calmantes e apar\u00eancia elegante. Essa pedra natural popular \u00e9 extra\u00edda das pedreiras indianas de granito azul e processada em f\u00e1bricas de granito do sul da \u00cdndia. O Granito Lavender azul apresenta uma delicada mistura de tons de lavanda p\u00e1lidos, cinza e azul, criando um efeito sereno e calmante. A pedra exibe um padr\u00e3o consistente com pontos e veias em tons mais claros de cinza ou branco, acrescentando profundidade e interesse visual ao visual geral. A textura de gr\u00e3o fino e o acabamento polido aprimoram seu apelo luxuoso.<\/p>\n<p>O Granito Lavender azul \u00e9 comumente usado em aplica\u00e7\u00f5es internas e externas, incluindo bancadas, pisos, revestimentos de parede e acentos decorativos. Sua colora\u00e7\u00e3o \u00fanica permite que ele se misture perfeitamente com v\u00e1rios estilos de design, do contempor\u00e2neo ao tradicional.<\/p>\n<p>As tonalidades suaves e os padr\u00f5es graciosos do Granito Lavender azul trazem uma sensa\u00e7\u00e3o de tranquilidade e sofistica\u00e7\u00e3o a qualquer espa\u00e7o, tornando-o uma escolha popular para aqueles que buscam uma pedra natural sutil, mas visualmente marcante.<\/p>\n","protected":false},"excerpt":{"rendered":"<p>O Granito Lavender azul da \u00cdndia \u00e9 uma exquisita pedra natural reconhecida por sua suave paleta de cores calmantes e apar\u00eancia elegante. Essa pedra natural popular \u00e9 extra\u00edda das pedreiras indianas de granito azul e processada em f\u00e1bricas de granito do sul da \u00cdndia. O Granito Lavender azul apresenta uma delicada mistura de tons de &hellip; <a href=\"https:\/\/www.ratani.in\/pt\/lavender-blue-granite-manufacturer-and-exporter\/\" class=\"more-link\">Continue reading<span class=\"screen-reader-text\"> &#8220;Granito Lavender azul&#8221;<\/span><\/a><\/p>\n","protected":false},"author":1,"featured_media":471,"parent":0,"menu_order":0,"comment_status":"closed","ping_status":"closed","template":"page-templates\/product.php","meta":{"footnotes":""},"translation":{"provider":"WPGlobus","version":"2.12.2","language":"pt","enabled_languages":["en","es","fr","ru","ar","zh","pt"],"languages":{"en":{"title":true,"content":true,"excerpt":false},"es":{"title":true,"content":true,"excerpt":false},"fr":{"title":true,"content":true,"excerpt":false},"ru":{"title":true,"content":true,"excerpt":false},"ar":{"title":true,"content":true,"excerpt":false},"zh":{"title":true,"content":true,"excerpt":false},"pt":{"title":true,"content":true,"excerpt":false}}},"acf":[],"_links":{"self":[{"href":"https:\/\/www.ratani.in\/pt\/wp-json\/wp\/v2\/pages\/465"}],"collection":[{"href":"https:\/\/www.ratani.in\/pt\/wp-json\/wp\/v2\/pages"}],"about":[{"href":"https:\/\/www.ratani.in\/pt\/wp-json\/wp\/v2\/types\/page"}],"author":[{"embeddable":true,"href":"https:\/\/www.ratani.in\/pt\/wp-json\/wp\/v2\/users\/1"}],"replies":[{"embeddable":true,"href":"https:\/\/www.ratani.in\/pt\/wp-json\/wp\/v2\/comments?post=465"}],"version-history":[{"count":11,"href":"https:\/\/www.ratani.in\/pt\/wp-json\/wp\/v2\/pages\/465\/revisions"}],"predecessor-version":[{"id":2534,"href":"https:\/\/www.ratani.in\/pt\/wp-json\/wp\/v2\/pages\/465\/revisions\/2534"}],"wp:featuredmedia":[{"embeddable":true,"href":"https:\/\/www.ratani.in\/pt\/wp-json\/wp\/v2\/media\/471"}],"wp:attachment":[{"href":"https:\/\/www.ratani.in\/pt\/wp-json\/wp\/v2\/media?parent=465"}],"curies":[{"name":"wp","href":"https:\/\/api.w.org\/{rel}","templated":true}]}}