{"id":475,"date":"2023-08-16T14:50:43","date_gmt":"2023-08-16T14:50:43","guid":{"rendered":"https:\/\/www.ratani.in\/?page_id=475"},"modified":"2023-09-01T12:24:22","modified_gmt":"2023-09-01T12:24:22","slug":"sapphire-blue-granite-manufacturer-and-exporter","status":"publish","type":"page","link":"https:\/\/www.ratani.in\/pt\/sapphire-blue-granite-manufacturer-and-exporter\/","title":{"rendered":"Granito Sapphire azul"},"content":{"rendered":"<p>O Granito Sapphire azul da \u00cdndia \u00e9 uma pedra natural cativante que exibe uma cor azul profunda e luxuosa, lembrando a pedra preciosa hipnotizante da qual recebe o nome. Este granito apresenta uma base azul escura uniforme e rica, frequentemente com pontos e manchas de tons mais claros de azul, prata ou cinza. Os padr\u00f5es intrincados dentro do Granito Sapphire azul se assemelham \u00e0s profundezas redemoinhantes de um oceano ou ao c\u00e9u noturno, criando uma sensa\u00e7\u00e3o de profundidade e movimento. Sua apar\u00eancia ousada e dram\u00e1tica o torna uma escolha marcante para bancadas, pain\u00e9is de respingos e pe\u00e7as de destaque, acrescentando um toque de opul\u00eancia a qualquer espa\u00e7o.<\/p>\n<p>A durabilidade do Granito Sapphire azul e sua resist\u00eancia ao calor e riscos n\u00e3o apenas o tornam visualmente deslumbrante, mas tamb\u00e9m uma escolha pr\u00e1tica para \u00e1reas de tr\u00e1fego intenso. Com sua cor cativante e beleza duradoura, o Granito Sapphire azul traz uma sensa\u00e7\u00e3o de luxo e sofistica\u00e7\u00e3o a qualquer projeto de design de interiores ou exteriores.<\/p>\n","protected":false},"excerpt":{"rendered":"<p>O Granito Sapphire azul da \u00cdndia \u00e9 uma pedra natural cativante que exibe uma cor azul profunda e luxuosa, lembrando a pedra preciosa hipnotizante da qual recebe o nome. Este granito apresenta uma base azul escura uniforme e rica, frequentemente com pontos e manchas de tons mais claros de azul, prata ou cinza. Os padr\u00f5es &hellip; <a href=\"https:\/\/www.ratani.in\/pt\/sapphire-blue-granite-manufacturer-and-exporter\/\" class=\"more-link\">Continue reading<span class=\"screen-reader-text\"> &#8220;Granito Sapphire azul&#8221;<\/span><\/a><\/p>\n","protected":false},"author":1,"featured_media":476,"parent":0,"menu_order":0,"comment_status":"closed","ping_status":"closed","template":"page-templates\/product.php","meta":{"footnotes":""},"translation":{"provider":"WPGlobus","version":"2.12.2","language":"pt","enabled_languages":["en","es","fr","ru","ar","zh","pt"],"languages":{"en":{"title":true,"content":true,"excerpt":false},"es":{"title":true,"content":true,"excerpt":false},"fr":{"title":true,"content":true,"excerpt":false},"ru":{"title":true,"content":true,"excerpt":false},"ar":{"title":true,"content":true,"excerpt":false},"zh":{"title":true,"content":true,"excerpt":false},"pt":{"title":true,"content":true,"excerpt":false}}},"acf":[],"_links":{"self":[{"href":"https:\/\/www.ratani.in\/pt\/wp-json\/wp\/v2\/pages\/475"}],"collection":[{"href":"https:\/\/www.ratani.in\/pt\/wp-json\/wp\/v2\/pages"}],"about":[{"href":"https:\/\/www.ratani.in\/pt\/wp-json\/wp\/v2\/types\/page"}],"author":[{"embeddable":true,"href":"https:\/\/www.ratani.in\/pt\/wp-json\/wp\/v2\/users\/1"}],"replies":[{"embeddable":true,"href":"https:\/\/www.ratani.in\/pt\/wp-json\/wp\/v2\/comments?post=475"}],"version-history":[{"count":10,"href":"https:\/\/www.ratani.in\/pt\/wp-json\/wp\/v2\/pages\/475\/revisions"}],"predecessor-version":[{"id":2536,"href":"https:\/\/www.ratani.in\/pt\/wp-json\/wp\/v2\/pages\/475\/revisions\/2536"}],"wp:featuredmedia":[{"embeddable":true,"href":"https:\/\/www.ratani.in\/pt\/wp-json\/wp\/v2\/media\/476"}],"wp:attachment":[{"href":"https:\/\/www.ratani.in\/pt\/wp-json\/wp\/v2\/media?parent=475"}],"curies":[{"name":"wp","href":"https:\/\/api.w.org\/{rel}","templated":true}]}}