{"id":485,"date":"2023-08-16T14:52:36","date_gmt":"2023-08-16T14:52:36","guid":{"rendered":"https:\/\/www.ratani.in\/?page_id=485"},"modified":"2023-09-01T12:23:16","modified_gmt":"2023-09-01T12:23:16","slug":"vizag-blue-granite-manufacturer-and-exporter","status":"publish","type":"page","link":"https:\/\/www.ratani.in\/pt\/vizag-blue-granite-manufacturer-and-exporter\/","title":{"rendered":"Granito Vizag azul"},"content":{"rendered":"<p>O Granito Vizag azul, tamb\u00e9m conhecido como Vizag azul Sapphire, \u00e9 uma pedra natural visualmente deslumbrante conhecida por sua cor azul profunda e padr\u00f5es cativantes. Este granito apresenta uma rica cor base azul, frequentemente com redemoinhos e ondula\u00e7\u00f5es intrincados de tons mais claros de azul, prata ou cinza. Os padr\u00f5es dentro do Granito Vizag Blue se assemelham ao movimento da \u00e1gua ou das nuvens, criando uma sensa\u00e7\u00e3o de profundidade e interesse visual. Sua apar\u00eancia ousada e dram\u00e1tica o torna uma escolha popular para bancadas, pisos e pe\u00e7as de destaque, acrescentando um toque de luxo e eleg\u00e2ncia a qualquer espa\u00e7o.<\/p>\n","protected":false},"excerpt":{"rendered":"<p>O Granito Vizag azul, tamb\u00e9m conhecido como Vizag azul Sapphire, \u00e9 uma pedra natural visualmente deslumbrante conhecida por sua cor azul profunda e padr\u00f5es cativantes. Este granito apresenta uma rica cor base azul, frequentemente com redemoinhos e ondula\u00e7\u00f5es intrincados de tons mais claros de azul, prata ou cinza. Os padr\u00f5es dentro do Granito Vizag Blue &hellip; <a href=\"https:\/\/www.ratani.in\/pt\/vizag-blue-granite-manufacturer-and-exporter\/\" class=\"more-link\">Continue reading<span class=\"screen-reader-text\"> &#8220;Granito Vizag azul&#8221;<\/span><\/a><\/p>\n","protected":false},"author":1,"featured_media":492,"parent":0,"menu_order":0,"comment_status":"closed","ping_status":"closed","template":"page-templates\/product.php","meta":{"footnotes":""},"translation":{"provider":"WPGlobus","version":"2.12.2","language":"pt","enabled_languages":["en","es","fr","ru","ar","zh","pt"],"languages":{"en":{"title":true,"content":true,"excerpt":false},"es":{"title":true,"content":true,"excerpt":false},"fr":{"title":true,"content":true,"excerpt":false},"ru":{"title":true,"content":true,"excerpt":false},"ar":{"title":true,"content":true,"excerpt":false},"zh":{"title":true,"content":true,"excerpt":false},"pt":{"title":true,"content":true,"excerpt":false}}},"acf":[],"_links":{"self":[{"href":"https:\/\/www.ratani.in\/pt\/wp-json\/wp\/v2\/pages\/485"}],"collection":[{"href":"https:\/\/www.ratani.in\/pt\/wp-json\/wp\/v2\/pages"}],"about":[{"href":"https:\/\/www.ratani.in\/pt\/wp-json\/wp\/v2\/types\/page"}],"author":[{"embeddable":true,"href":"https:\/\/www.ratani.in\/pt\/wp-json\/wp\/v2\/users\/1"}],"replies":[{"embeddable":true,"href":"https:\/\/www.ratani.in\/pt\/wp-json\/wp\/v2\/comments?post=485"}],"version-history":[{"count":9,"href":"https:\/\/www.ratani.in\/pt\/wp-json\/wp\/v2\/pages\/485\/revisions"}],"predecessor-version":[{"id":2490,"href":"https:\/\/www.ratani.in\/pt\/wp-json\/wp\/v2\/pages\/485\/revisions\/2490"}],"wp:featuredmedia":[{"embeddable":true,"href":"https:\/\/www.ratani.in\/pt\/wp-json\/wp\/v2\/media\/492"}],"wp:attachment":[{"href":"https:\/\/www.ratani.in\/pt\/wp-json\/wp\/v2\/media?parent=485"}],"curies":[{"name":"wp","href":"https:\/\/api.w.org\/{rel}","templated":true}]}}