{"id":495,"date":"2023-08-16T15:09:46","date_gmt":"2023-08-16T15:09:46","guid":{"rendered":"https:\/\/www.ratani.in\/?page_id=495"},"modified":"2024-06-28T12:24:29","modified_gmt":"2024-06-28T12:24:29","slug":"white-granite-manufacturer-and-exporter","status":"publish","type":"page","link":"https:\/\/www.ratani.in\/pt\/white-granite-manufacturer-and-exporter\/","title":{"rendered":"branco"},"content":{"rendered":"<p>Experimente a pureza e a gra\u00e7a puras com nossos granitos brancos indianos. Eles refletem serenidade, iluminam interiores e criam uma sensa\u00e7\u00e3o de abertura e calma.<\/p>\n","protected":false},"excerpt":{"rendered":"<p>Experimente a pureza e a gra\u00e7a puras com nossos granitos brancos indianos. Eles refletem serenidade, iluminam interiores e criam uma sensa\u00e7\u00e3o de abertura e calma.<\/p>\n","protected":false},"author":1,"featured_media":1058,"parent":0,"menu_order":0,"comment_status":"closed","ping_status":"closed","template":"page-templates\/color-page.php","meta":{"footnotes":""},"translation":{"provider":"WPGlobus","version":"2.12.2","language":"pt","enabled_languages":["en","es","fr","ru","ar","zh","pt"],"languages":{"en":{"title":true,"content":true,"excerpt":false},"es":{"title":true,"content":true,"excerpt":false},"fr":{"title":true,"content":true,"excerpt":false},"ru":{"title":true,"content":true,"excerpt":false},"ar":{"title":true,"content":true,"excerpt":false},"zh":{"title":true,"content":true,"excerpt":false},"pt":{"title":true,"content":true,"excerpt":false}}},"acf":[],"_links":{"self":[{"href":"https:\/\/www.ratani.in\/pt\/wp-json\/wp\/v2\/pages\/495"}],"collection":[{"href":"https:\/\/www.ratani.in\/pt\/wp-json\/wp\/v2\/pages"}],"about":[{"href":"https:\/\/www.ratani.in\/pt\/wp-json\/wp\/v2\/types\/page"}],"author":[{"embeddable":true,"href":"https:\/\/www.ratani.in\/pt\/wp-json\/wp\/v2\/users\/1"}],"replies":[{"embeddable":true,"href":"https:\/\/www.ratani.in\/pt\/wp-json\/wp\/v2\/comments?post=495"}],"version-history":[{"count":17,"href":"https:\/\/www.ratani.in\/pt\/wp-json\/wp\/v2\/pages\/495\/revisions"}],"predecessor-version":[{"id":2809,"href":"https:\/\/www.ratani.in\/pt\/wp-json\/wp\/v2\/pages\/495\/revisions\/2809"}],"wp:featuredmedia":[{"embeddable":true,"href":"https:\/\/www.ratani.in\/pt\/wp-json\/wp\/v2\/media\/1058"}],"wp:attachment":[{"href":"https:\/\/www.ratani.in\/pt\/wp-json\/wp\/v2\/media?parent=495"}],"curies":[{"name":"wp","href":"https:\/\/api.w.org\/{rel}","templated":true}]}}