{"id":498,"date":"2023-08-16T15:12:39","date_gmt":"2023-08-16T15:12:39","guid":{"rendered":"https:\/\/www.ratani.in\/?page_id=498"},"modified":"2024-06-28T12:27:38","modified_gmt":"2024-06-28T12:27:38","slug":"blue-granite-manufacturer-and-exporter","status":"publish","type":"page","link":"https:\/\/www.ratani.in\/pt\/blue-granite-manufacturer-and-exporter\/","title":{"rendered":"azul"},"content":{"rendered":"<p>A cor azul \u00e9 conhecida por sua tranquilidade. Capture a ess\u00eancia dessa tranquilidade com nosso granito azul da \u00cdndia e instile uma sensa\u00e7\u00e3o de calma no ambiente.<\/p>\n","protected":false},"excerpt":{"rendered":"<p>A cor azul \u00e9 conhecida por sua tranquilidade. Capture a ess\u00eancia dessa tranquilidade com nosso granito azul da \u00cdndia e instile uma sensa\u00e7\u00e3o de calma no ambiente.<\/p>\n","protected":false},"author":1,"featured_media":471,"parent":0,"menu_order":0,"comment_status":"closed","ping_status":"closed","template":"page-templates\/color-page.php","meta":{"footnotes":""},"translation":{"provider":"WPGlobus","version":"2.12.2","language":"pt","enabled_languages":["en","es","fr","ru","ar","zh","pt"],"languages":{"en":{"title":true,"content":true,"excerpt":false},"es":{"title":true,"content":true,"excerpt":false},"fr":{"title":true,"content":true,"excerpt":false},"ru":{"title":true,"content":true,"excerpt":false},"ar":{"title":true,"content":true,"excerpt":false},"zh":{"title":true,"content":true,"excerpt":false},"pt":{"title":true,"content":true,"excerpt":false}}},"acf":[],"_links":{"self":[{"href":"https:\/\/www.ratani.in\/pt\/wp-json\/wp\/v2\/pages\/498"}],"collection":[{"href":"https:\/\/www.ratani.in\/pt\/wp-json\/wp\/v2\/pages"}],"about":[{"href":"https:\/\/www.ratani.in\/pt\/wp-json\/wp\/v2\/types\/page"}],"author":[{"embeddable":true,"href":"https:\/\/www.ratani.in\/pt\/wp-json\/wp\/v2\/users\/1"}],"replies":[{"embeddable":true,"href":"https:\/\/www.ratani.in\/pt\/wp-json\/wp\/v2\/comments?post=498"}],"version-history":[{"count":15,"href":"https:\/\/www.ratani.in\/pt\/wp-json\/wp\/v2\/pages\/498\/revisions"}],"predecessor-version":[{"id":2611,"href":"https:\/\/www.ratani.in\/pt\/wp-json\/wp\/v2\/pages\/498\/revisions\/2611"}],"wp:featuredmedia":[{"embeddable":true,"href":"https:\/\/www.ratani.in\/pt\/wp-json\/wp\/v2\/media\/471"}],"wp:attachment":[{"href":"https:\/\/www.ratani.in\/pt\/wp-json\/wp\/v2\/media?parent=498"}],"curies":[{"name":"wp","href":"https:\/\/api.w.org\/{rel}","templated":true}]}}