{"id":513,"date":"2023-08-17T07:23:46","date_gmt":"2023-08-17T07:23:46","guid":{"rendered":"https:\/\/www.ratani.in\/?page_id=513"},"modified":"2023-09-04T05:54:43","modified_gmt":"2023-09-04T05:54:43","slug":"brown-granite-manufacturer-and-exporter","status":"publish","type":"page","link":"https:\/\/www.ratani.in\/pt\/brown-granite-manufacturer-and-exporter\/","title":{"rendered":"marrom"},"content":{"rendered":"<p>Experimente a riqueza terrosa com nossos granitos marrons da \u00cdndia, trazendo a natureza para dentro. Esses granitos da \u00cdndia oferecem uma presen\u00e7a calorosa e enraizada que ressoa com conforto.<\/p>\n","protected":false},"excerpt":{"rendered":"<p>Experimente a riqueza terrosa com nossos granitos marrons da \u00cdndia, trazendo a natureza para dentro. Esses granitos da \u00cdndia oferecem uma presen\u00e7a calorosa e enraizada que ressoa com conforto.<\/p>\n","protected":false},"author":1,"featured_media":576,"parent":0,"menu_order":0,"comment_status":"closed","ping_status":"closed","template":"page-templates\/color-page.php","meta":{"footnotes":""},"translation":{"provider":"WPGlobus","version":"2.12.2","language":"pt","enabled_languages":["en","es","fr","ru","ar","zh","pt"],"languages":{"en":{"title":true,"content":true,"excerpt":false},"es":{"title":true,"content":true,"excerpt":false},"fr":{"title":true,"content":true,"excerpt":false},"ru":{"title":true,"content":true,"excerpt":false},"ar":{"title":true,"content":true,"excerpt":false},"zh":{"title":true,"content":true,"excerpt":false},"pt":{"title":true,"content":true,"excerpt":false}}},"acf":[],"_links":{"self":[{"href":"https:\/\/www.ratani.in\/pt\/wp-json\/wp\/v2\/pages\/513"}],"collection":[{"href":"https:\/\/www.ratani.in\/pt\/wp-json\/wp\/v2\/pages"}],"about":[{"href":"https:\/\/www.ratani.in\/pt\/wp-json\/wp\/v2\/types\/page"}],"author":[{"embeddable":true,"href":"https:\/\/www.ratani.in\/pt\/wp-json\/wp\/v2\/users\/1"}],"replies":[{"embeddable":true,"href":"https:\/\/www.ratani.in\/pt\/wp-json\/wp\/v2\/comments?post=513"}],"version-history":[{"count":14,"href":"https:\/\/www.ratani.in\/pt\/wp-json\/wp\/v2\/pages\/513\/revisions"}],"predecessor-version":[{"id":2642,"href":"https:\/\/www.ratani.in\/pt\/wp-json\/wp\/v2\/pages\/513\/revisions\/2642"}],"wp:featuredmedia":[{"embeddable":true,"href":"https:\/\/www.ratani.in\/pt\/wp-json\/wp\/v2\/media\/576"}],"wp:attachment":[{"href":"https:\/\/www.ratani.in\/pt\/wp-json\/wp\/v2\/media?parent=513"}],"curies":[{"name":"wp","href":"https:\/\/api.w.org\/{rel}","templated":true}]}}