{"id":521,"date":"2023-08-17T07:25:23","date_gmt":"2023-08-17T07:25:23","guid":{"rendered":"https:\/\/www.ratani.in\/?page_id=521"},"modified":"2023-09-04T05:54:23","modified_gmt":"2023-09-04T05:54:23","slug":"ivory-granite-manufacturer-and-exporter","status":"publish","type":"page","link":"https:\/\/www.ratani.in\/pt\/ivory-granite-manufacturer-and-exporter\/","title":{"rendered":"Marfim"},"content":{"rendered":"<p>Experimente a eleg\u00e2ncia em sua forma mais pura com o nosso granito ivory da \u00cdndia. Subtil e refinado, este granito natural acrescenta um toque de classe, melhorando os espa\u00e7os ao torn\u00e1-los mais r\u00e9gios e infunde calor e sofistica\u00e7\u00e3o.<\/p>\n","protected":false},"excerpt":{"rendered":"<p>Experimente a eleg\u00e2ncia em sua forma mais pura com o nosso granito ivory da \u00cdndia. Subtil e refinado, este granito natural acrescenta um toque de classe, melhorando os espa\u00e7os ao torn\u00e1-los mais r\u00e9gios e infunde calor e sofistica\u00e7\u00e3o.<\/p>\n","protected":false},"author":1,"featured_media":745,"parent":0,"menu_order":0,"comment_status":"closed","ping_status":"closed","template":"page-templates\/color-page.php","meta":{"footnotes":""},"translation":{"provider":"WPGlobus","version":"2.12.2","language":"pt","enabled_languages":["en","es","fr","ru","ar","zh","pt"],"languages":{"en":{"title":true,"content":true,"excerpt":false},"es":{"title":true,"content":true,"excerpt":false},"fr":{"title":true,"content":true,"excerpt":false},"ru":{"title":true,"content":true,"excerpt":false},"ar":{"title":true,"content":true,"excerpt":false},"zh":{"title":true,"content":true,"excerpt":false},"pt":{"title":true,"content":true,"excerpt":false}}},"acf":[],"_links":{"self":[{"href":"https:\/\/www.ratani.in\/pt\/wp-json\/wp\/v2\/pages\/521"}],"collection":[{"href":"https:\/\/www.ratani.in\/pt\/wp-json\/wp\/v2\/pages"}],"about":[{"href":"https:\/\/www.ratani.in\/pt\/wp-json\/wp\/v2\/types\/page"}],"author":[{"embeddable":true,"href":"https:\/\/www.ratani.in\/pt\/wp-json\/wp\/v2\/users\/1"}],"replies":[{"embeddable":true,"href":"https:\/\/www.ratani.in\/pt\/wp-json\/wp\/v2\/comments?post=521"}],"version-history":[{"count":14,"href":"https:\/\/www.ratani.in\/pt\/wp-json\/wp\/v2\/pages\/521\/revisions"}],"predecessor-version":[{"id":2630,"href":"https:\/\/www.ratani.in\/pt\/wp-json\/wp\/v2\/pages\/521\/revisions\/2630"}],"wp:featuredmedia":[{"embeddable":true,"href":"https:\/\/www.ratani.in\/pt\/wp-json\/wp\/v2\/media\/745"}],"wp:attachment":[{"href":"https:\/\/www.ratani.in\/pt\/wp-json\/wp\/v2\/media?parent=521"}],"curies":[{"name":"wp","href":"https:\/\/api.w.org\/{rel}","templated":true}]}}