{"id":523,"date":"2023-08-17T07:25:41","date_gmt":"2023-08-17T07:25:41","guid":{"rendered":"https:\/\/www.ratani.in\/?page_id=523"},"modified":"2023-09-04T05:55:02","modified_gmt":"2023-09-04T05:55:02","slug":"pink-granite-manufacturer-and-exporter","status":"publish","type":"page","link":"https:\/\/www.ratani.in\/pt\/pink-granite-manufacturer-and-exporter\/","title":{"rendered":"rosa"},"content":{"rendered":"<p>Voc\u00ea encontrar\u00e1 um encanto suave em nosso granito rosa da \u00cdndia. Se voc\u00ea est\u00e1 procurando por granito indiano que irradia delicadeza e charme, estes acrescentar\u00e3o um toque de do\u00e7ura aos interiores, tornando-os uma escolha perfeita.<\/p>\n","protected":false},"excerpt":{"rendered":"<p>Voc\u00ea encontrar\u00e1 um encanto suave em nosso granito rosa da \u00cdndia. Se voc\u00ea est\u00e1 procurando por granito indiano que irradia delicadeza e charme, estes acrescentar\u00e3o um toque de do\u00e7ura aos interiores, tornando-os uma escolha perfeita.<\/p>\n","protected":false},"author":1,"featured_media":836,"parent":0,"menu_order":0,"comment_status":"closed","ping_status":"closed","template":"page-templates\/color-page.php","meta":{"footnotes":""},"translation":{"provider":"WPGlobus","version":"2.12.2","language":"pt","enabled_languages":["en","es","fr","ru","ar","zh","pt"],"languages":{"en":{"title":true,"content":true,"excerpt":false},"es":{"title":true,"content":true,"excerpt":false},"fr":{"title":true,"content":true,"excerpt":false},"ru":{"title":true,"content":true,"excerpt":false},"ar":{"title":true,"content":true,"excerpt":false},"zh":{"title":true,"content":true,"excerpt":false},"pt":{"title":true,"content":true,"excerpt":false}}},"acf":[],"_links":{"self":[{"href":"https:\/\/www.ratani.in\/pt\/wp-json\/wp\/v2\/pages\/523"}],"collection":[{"href":"https:\/\/www.ratani.in\/pt\/wp-json\/wp\/v2\/pages"}],"about":[{"href":"https:\/\/www.ratani.in\/pt\/wp-json\/wp\/v2\/types\/page"}],"author":[{"embeddable":true,"href":"https:\/\/www.ratani.in\/pt\/wp-json\/wp\/v2\/users\/1"}],"replies":[{"embeddable":true,"href":"https:\/\/www.ratani.in\/pt\/wp-json\/wp\/v2\/comments?post=523"}],"version-history":[{"count":13,"href":"https:\/\/www.ratani.in\/pt\/wp-json\/wp\/v2\/pages\/523\/revisions"}],"predecessor-version":[{"id":2643,"href":"https:\/\/www.ratani.in\/pt\/wp-json\/wp\/v2\/pages\/523\/revisions\/2643"}],"wp:featuredmedia":[{"embeddable":true,"href":"https:\/\/www.ratani.in\/pt\/wp-json\/wp\/v2\/media\/836"}],"wp:attachment":[{"href":"https:\/\/www.ratani.in\/pt\/wp-json\/wp\/v2\/media?parent=523"}],"curies":[{"name":"wp","href":"https:\/\/api.w.org\/{rel}","templated":true}]}}