{"id":525,"date":"2023-08-17T07:25:58","date_gmt":"2023-08-17T07:25:58","guid":{"rendered":"https:\/\/www.ratani.in\/?page_id=525"},"modified":"2024-06-28T12:26:38","modified_gmt":"2024-06-28T12:26:38","slug":"red-granite-manufacturer-and-exporter","status":"publish","type":"page","link":"https:\/\/www.ratani.in\/pt\/red-granite-manufacturer-and-exporter\/","title":{"rendered":"Vermelho"},"content":{"rendered":"<p>Liberte paix\u00e3o e energia com nossos granitos vermelhos indianos. Vibrantes e audaciosos, esses granitos adicionam um charme ardente, incendiando espa\u00e7os com calor e car\u00e1ter. Esses granitos na \u00cdndia s\u00e3o perfeitos para um espa\u00e7o irradiar vitalidade.<\/p>\n","protected":false},"excerpt":{"rendered":"<p>Liberte paix\u00e3o e energia com nossos granitos vermelhos indianos. Vibrantes e audaciosos, esses granitos adicionam um charme ardente, incendiando espa\u00e7os com calor e car\u00e1ter. Esses granitos na \u00cdndia s\u00e3o perfeitos para um espa\u00e7o irradiar vitalidade.<\/p>\n","protected":false},"author":1,"featured_media":847,"parent":0,"menu_order":0,"comment_status":"closed","ping_status":"closed","template":"page-templates\/color-page.php","meta":{"footnotes":""},"translation":{"provider":"WPGlobus","version":"2.12.2","language":"pt","enabled_languages":["en","es","fr","ru","ar","zh","pt"],"languages":{"en":{"title":true,"content":true,"excerpt":false},"es":{"title":true,"content":true,"excerpt":false},"fr":{"title":true,"content":true,"excerpt":false},"ru":{"title":true,"content":true,"excerpt":false},"ar":{"title":true,"content":true,"excerpt":false},"zh":{"title":true,"content":true,"excerpt":false},"pt":{"title":true,"content":true,"excerpt":false}}},"acf":[],"_links":{"self":[{"href":"https:\/\/www.ratani.in\/pt\/wp-json\/wp\/v2\/pages\/525"}],"collection":[{"href":"https:\/\/www.ratani.in\/pt\/wp-json\/wp\/v2\/pages"}],"about":[{"href":"https:\/\/www.ratani.in\/pt\/wp-json\/wp\/v2\/types\/page"}],"author":[{"embeddable":true,"href":"https:\/\/www.ratani.in\/pt\/wp-json\/wp\/v2\/users\/1"}],"replies":[{"embeddable":true,"href":"https:\/\/www.ratani.in\/pt\/wp-json\/wp\/v2\/comments?post=525"}],"version-history":[{"count":16,"href":"https:\/\/www.ratani.in\/pt\/wp-json\/wp\/v2\/pages\/525\/revisions"}],"predecessor-version":[{"id":2813,"href":"https:\/\/www.ratani.in\/pt\/wp-json\/wp\/v2\/pages\/525\/revisions\/2813"}],"wp:featuredmedia":[{"embeddable":true,"href":"https:\/\/www.ratani.in\/pt\/wp-json\/wp\/v2\/media\/847"}],"wp:attachment":[{"href":"https:\/\/www.ratani.in\/pt\/wp-json\/wp\/v2\/media?parent=525"}],"curies":[{"name":"wp","href":"https:\/\/api.w.org\/{rel}","templated":true}]}}