{"id":527,"date":"2023-08-17T07:26:26","date_gmt":"2023-08-17T07:26:26","guid":{"rendered":"https:\/\/www.ratani.in\/?page_id=527"},"modified":"2023-09-04T05:53:51","modified_gmt":"2023-09-04T05:53:51","slug":"yellow-granite-manufacturer-and-exporter","status":"publish","type":"page","link":"https:\/\/www.ratani.in\/pt\/yellow-granite-manufacturer-and-exporter\/","title":{"rendered":"amarelo"},"content":{"rendered":"<p>Irradie positividade com nosso granito amarelo da \u00cdndia. Impregnadas com vibra\u00e7\u00f5es ensolaradas, essas pedras naturais amarelas da \u00cdndia iluminam os arredores, espalhando uma atmosfera alegre, tornando-as adequadas para espa\u00e7os que precisam ganhar vida.<\/p>\n","protected":false},"excerpt":{"rendered":"<p>Irradie positividade com nosso granito amarelo da \u00cdndia. Impregnadas com vibra\u00e7\u00f5es ensolaradas, essas pedras naturais amarelas da \u00cdndia iluminam os arredores, espalhando uma atmosfera alegre, tornando-as adequadas para espa\u00e7os que precisam ganhar vida.<\/p>\n","protected":false},"author":1,"featured_media":896,"parent":0,"menu_order":0,"comment_status":"closed","ping_status":"closed","template":"page-templates\/color-page.php","meta":{"footnotes":""},"translation":{"provider":"WPGlobus","version":"2.12.2","language":"pt","enabled_languages":["en","es","fr","ru","ar","zh","pt"],"languages":{"en":{"title":true,"content":true,"excerpt":false},"es":{"title":true,"content":true,"excerpt":false},"fr":{"title":true,"content":true,"excerpt":false},"ru":{"title":true,"content":true,"excerpt":false},"ar":{"title":true,"content":true,"excerpt":false},"zh":{"title":true,"content":true,"excerpt":false},"pt":{"title":true,"content":true,"excerpt":false}}},"acf":[],"_links":{"self":[{"href":"https:\/\/www.ratani.in\/pt\/wp-json\/wp\/v2\/pages\/527"}],"collection":[{"href":"https:\/\/www.ratani.in\/pt\/wp-json\/wp\/v2\/pages"}],"about":[{"href":"https:\/\/www.ratani.in\/pt\/wp-json\/wp\/v2\/types\/page"}],"author":[{"embeddable":true,"href":"https:\/\/www.ratani.in\/pt\/wp-json\/wp\/v2\/users\/1"}],"replies":[{"embeddable":true,"href":"https:\/\/www.ratani.in\/pt\/wp-json\/wp\/v2\/comments?post=527"}],"version-history":[{"count":12,"href":"https:\/\/www.ratani.in\/pt\/wp-json\/wp\/v2\/pages\/527\/revisions"}],"predecessor-version":[{"id":2645,"href":"https:\/\/www.ratani.in\/pt\/wp-json\/wp\/v2\/pages\/527\/revisions\/2645"}],"wp:featuredmedia":[{"embeddable":true,"href":"https:\/\/www.ratani.in\/pt\/wp-json\/wp\/v2\/media\/896"}],"wp:attachment":[{"href":"https:\/\/www.ratani.in\/pt\/wp-json\/wp\/v2\/media?parent=527"}],"curies":[{"name":"wp","href":"https:\/\/api.w.org\/{rel}","templated":true}]}}