{"id":529,"date":"2023-08-17T07:36:06","date_gmt":"2023-08-17T07:36:06","guid":{"rendered":"https:\/\/www.ratani.in\/?page_id=529"},"modified":"2023-09-01T12:53:56","modified_gmt":"2023-09-01T12:53:56","slug":"crystal-brown-granite-manufacturer-and-exporter","status":"publish","type":"page","link":"https:\/\/www.ratani.in\/pt\/crystal-brown-granite-manufacturer-and-exporter\/","title":{"rendered":"Granito Crystal marrom"},"content":{"rendered":"<p>O Granito Crystal marrom da \u00cdndia \u00e9 uma deslumbrante pedra natural de Gujarat conhecida por seus tons quentes e terrosos. \u00c9 uma escolha popular para adicionar eleg\u00e2ncia e um toque de beleza natural a v\u00e1rios projetos arquitet\u00f4nicos e de design.<\/p>\n<p>A cor de base do Granito Crystal marrom da \u00cdndia \u00e9 tipicamente um marrom rico, variando de tons m\u00e9dios a escuros. Muitas vezes, apresenta padr\u00f5es intrincados e veias em tons contrastantes de marrom, preto e ocasionalmente, dourado. Essas varia\u00e7\u00f5es naturais de cor e padr\u00e3o contribuem para o apelo visual da pedra e criam uma sensa\u00e7\u00e3o de profundidade e textura.<\/p>\n<p>O Granito Crystal marrom \u00e9 processado em nossa f\u00e1brica de processamento de granito em Gujarat e \u00e9 comumente polido para um acabamento brilhante, real\u00e7ando sua beleza natural e proporcionando uma superf\u00edcie lisa. O acabamento polido tamb\u00e9m permite que a pedra reflita a luz, adicionando um toque de eleg\u00e2ncia a qualquer espa\u00e7o.<\/p>\n<p>Devido \u00e0 sua durabilidade e resist\u00eancia a calor, arranh\u00f5es e manchas, o Granito Crystal marrom \u00e9 adequado para uma variedade de aplica\u00e7\u00f5es. \u00c9 frequentemente usado para bancadas, pisos, revestimentos de parede e pe\u00e7as de destaque em ambientes residenciais e comerciais. Os tons de marrom quente podem complementar v\u00e1rios estilos de design, do tradicional ao contempor\u00e2neo, e adicionar uma sensa\u00e7\u00e3o de sofistica\u00e7\u00e3o \u00e0 est\u00e9tica geral.<\/p>\n","protected":false},"excerpt":{"rendered":"<p>O Granito Crystal marrom da \u00cdndia \u00e9 uma deslumbrante pedra natural de Gujarat conhecida por seus tons quentes e terrosos. \u00c9 uma escolha popular para adicionar eleg\u00e2ncia e um toque de beleza natural a v\u00e1rios projetos arquitet\u00f4nicos e de design. A cor de base do Granito Crystal marrom da \u00cdndia \u00e9 tipicamente um marrom rico, &hellip; <a href=\"https:\/\/www.ratani.in\/pt\/crystal-brown-granite-manufacturer-and-exporter\/\" class=\"more-link\">Continue reading<span class=\"screen-reader-text\"> &#8220;Granito Crystal marrom&#8221;<\/span><\/a><\/p>\n","protected":false},"author":1,"featured_media":530,"parent":0,"menu_order":0,"comment_status":"closed","ping_status":"closed","template":"page-templates\/product.php","meta":{"footnotes":""},"translation":{"provider":"WPGlobus","version":"2.12.2","language":"pt","enabled_languages":["en","es","fr","ru","ar","zh","pt"],"languages":{"en":{"title":true,"content":true,"excerpt":false},"es":{"title":true,"content":true,"excerpt":false},"fr":{"title":true,"content":true,"excerpt":false},"ru":{"title":true,"content":true,"excerpt":false},"ar":{"title":true,"content":true,"excerpt":false},"zh":{"title":true,"content":true,"excerpt":false},"pt":{"title":true,"content":true,"excerpt":false}}},"acf":[],"_links":{"self":[{"href":"https:\/\/www.ratani.in\/pt\/wp-json\/wp\/v2\/pages\/529"}],"collection":[{"href":"https:\/\/www.ratani.in\/pt\/wp-json\/wp\/v2\/pages"}],"about":[{"href":"https:\/\/www.ratani.in\/pt\/wp-json\/wp\/v2\/types\/page"}],"author":[{"embeddable":true,"href":"https:\/\/www.ratani.in\/pt\/wp-json\/wp\/v2\/users\/1"}],"replies":[{"embeddable":true,"href":"https:\/\/www.ratani.in\/pt\/wp-json\/wp\/v2\/comments?post=529"}],"version-history":[{"count":11,"href":"https:\/\/www.ratani.in\/pt\/wp-json\/wp\/v2\/pages\/529\/revisions"}],"predecessor-version":[{"id":2436,"href":"https:\/\/www.ratani.in\/pt\/wp-json\/wp\/v2\/pages\/529\/revisions\/2436"}],"wp:featuredmedia":[{"embeddable":true,"href":"https:\/\/www.ratani.in\/pt\/wp-json\/wp\/v2\/media\/530"}],"wp:attachment":[{"href":"https:\/\/www.ratani.in\/pt\/wp-json\/wp\/v2\/media?parent=529"}],"curies":[{"name":"wp","href":"https:\/\/api.w.org\/{rel}","templated":true}]}}