{"id":539,"date":"2023-08-17T07:38:03","date_gmt":"2023-08-17T07:38:03","guid":{"rendered":"https:\/\/www.ratani.in\/?page_id=539"},"modified":"2023-09-01T12:54:55","modified_gmt":"2023-09-01T12:54:55","slug":"desert-brown-granite-manufacturer-and-exporter","status":"publish","type":"page","link":"https:\/\/www.ratani.in\/pt\/desert-brown-granite-manufacturer-and-exporter\/","title":{"rendered":"Granito Desert marrom"},"content":{"rendered":"<p>O Granito Desert marrom da \u00cdndia \u00e9 uma pedra natural cativante que evoca a ess\u00eancia de uma paisagem des\u00e9rtica robusta. \u00c9 conhecido por sua paleta de cores quentes e terrosas, que combina tons de marrom, bege e toques de preto. Essa combina\u00e7\u00e3o \u00fanica de cores cria uma sensa\u00e7\u00e3o de profundidade e adiciona car\u00e1ter a qualquer espa\u00e7o.<\/p>\n<p>Sua superf\u00edcie exibe padr\u00f5es intrincados e veias, semelhantes \u00e0s forma\u00e7\u00f5es geol\u00f3gicas naturais encontradas em regi\u00f5es des\u00e9rticas. A intera\u00e7\u00e3o de diferentes tons e veios cria uma apar\u00eancia visualmente din\u00e2mica que captura a imagina\u00e7\u00e3o.<\/p>\n<p>Com sua natureza dur\u00e1vel e resist\u00eancia a arranh\u00f5es e manchas, o Granito Desert marrom \u00e9 altamente adequado para uma ampla gama de aplica\u00e7\u00f5es e \u00e9 processado em nossa f\u00e1brica de granito em Gujarat. \u00c9 comumente usado para bancadas de cozinha, pias de banheiro, pisos, revestimentos de parede e outros elementos de design de interiores e exteriores.<\/p>\n<p>Os tons quentes e convidativos do Granito Desert marrom o tornam uma escolha vers\u00e1til que complementa v\u00e1rios estilos de design, do r\u00fastico e tradicional ao contempor\u00e2neo e moderno. Ele adiciona um toque de calor e eleg\u00e2ncia a qualquer espa\u00e7o, criando um ambiente acolhedor e convidativo.<\/p>\n","protected":false},"excerpt":{"rendered":"<p>O Granito Desert marrom da \u00cdndia \u00e9 uma pedra natural cativante que evoca a ess\u00eancia de uma paisagem des\u00e9rtica robusta. \u00c9 conhecido por sua paleta de cores quentes e terrosas, que combina tons de marrom, bege e toques de preto. Essa combina\u00e7\u00e3o \u00fanica de cores cria uma sensa\u00e7\u00e3o de profundidade e adiciona car\u00e1ter a qualquer &hellip; <a href=\"https:\/\/www.ratani.in\/pt\/desert-brown-granite-manufacturer-and-exporter\/\" class=\"more-link\">Continue reading<span class=\"screen-reader-text\"> &#8220;Granito Desert marrom&#8221;<\/span><\/a><\/p>\n","protected":false},"author":1,"featured_media":547,"parent":0,"menu_order":0,"comment_status":"closed","ping_status":"closed","template":"page-templates\/product.php","meta":{"footnotes":""},"translation":{"provider":"WPGlobus","version":"2.12.2","language":"pt","enabled_languages":["en","es","fr","ru","ar","zh","pt"],"languages":{"en":{"title":true,"content":true,"excerpt":false},"es":{"title":true,"content":true,"excerpt":false},"fr":{"title":true,"content":true,"excerpt":false},"ru":{"title":true,"content":true,"excerpt":false},"ar":{"title":true,"content":true,"excerpt":false},"zh":{"title":true,"content":true,"excerpt":false},"pt":{"title":true,"content":true,"excerpt":false}}},"acf":[],"_links":{"self":[{"href":"https:\/\/www.ratani.in\/pt\/wp-json\/wp\/v2\/pages\/539"}],"collection":[{"href":"https:\/\/www.ratani.in\/pt\/wp-json\/wp\/v2\/pages"}],"about":[{"href":"https:\/\/www.ratani.in\/pt\/wp-json\/wp\/v2\/types\/page"}],"author":[{"embeddable":true,"href":"https:\/\/www.ratani.in\/pt\/wp-json\/wp\/v2\/users\/1"}],"replies":[{"embeddable":true,"href":"https:\/\/www.ratani.in\/pt\/wp-json\/wp\/v2\/comments?post=539"}],"version-history":[{"count":12,"href":"https:\/\/www.ratani.in\/pt\/wp-json\/wp\/v2\/pages\/539\/revisions"}],"predecessor-version":[{"id":2438,"href":"https:\/\/www.ratani.in\/pt\/wp-json\/wp\/v2\/pages\/539\/revisions\/2438"}],"wp:featuredmedia":[{"embeddable":true,"href":"https:\/\/www.ratani.in\/pt\/wp-json\/wp\/v2\/media\/547"}],"wp:attachment":[{"href":"https:\/\/www.ratani.in\/pt\/wp-json\/wp\/v2\/media?parent=539"}],"curies":[{"name":"wp","href":"https:\/\/api.w.org\/{rel}","templated":true}]}}