{"id":549,"date":"2023-08-17T07:40:11","date_gmt":"2023-08-17T07:40:11","guid":{"rendered":"https:\/\/www.ratani.in\/?page_id=549"},"modified":"2023-09-01T12:59:14","modified_gmt":"2023-09-01T12:59:14","slug":"j-d-brown-granite-manufacturer-and-exporter","status":"publish","type":"page","link":"https:\/\/www.ratani.in\/pt\/j-d-brown-granite-manufacturer-and-exporter\/","title":{"rendered":"Granito J.D. marrom"},"content":{"rendered":"<p>O Granito J.D. marrom apresenta uma rica e profunda cor marrom com pontos ou veias pretas e cinzas atravessando-o. Os padr\u00f5es e veias espec\u00edficos podem variar de laje para laje, dando a cada pe\u00e7a uma apar\u00eancia \u00fanica. Ele possui uma textura de gr\u00e3o m\u00e9dio a grosso, proporcionando um visual natural e elegante.<\/p>\n<p>Devido \u00e0 sua durabilidade, o Granito J.D. marrom \u00e9 comumente usado para bancadas, pisos, revestimentos de parede e outras aplica\u00e7\u00f5es de interiores e exteriores. Ele \u00e9 altamente resistente a arranh\u00f5es, calor e manchas, tornando-o adequado para \u00e1reas de alto tr\u00e1fego.<\/p>\n<p>Sendo um dos maiores fornecedores de granito no Norte da \u00cdndia, \u00e9 importante observar que varia\u00e7\u00f5es de cor, veios e apar\u00eancia geral podem ocorrer devido \u00e0s caracter\u00edsticas naturais da pedra.<\/p>\n","protected":false},"excerpt":{"rendered":"<p>O Granito J.D. marrom apresenta uma rica e profunda cor marrom com pontos ou veias pretas e cinzas atravessando-o. Os padr\u00f5es e veias espec\u00edficos podem variar de laje para laje, dando a cada pe\u00e7a uma apar\u00eancia \u00fanica. Ele possui uma textura de gr\u00e3o m\u00e9dio a grosso, proporcionando um visual natural e elegante. Devido \u00e0 sua &hellip; <a href=\"https:\/\/www.ratani.in\/pt\/j-d-brown-granite-manufacturer-and-exporter\/\" class=\"more-link\">Continue reading<span class=\"screen-reader-text\"> &#8220;Granito J.D. marrom&#8221;<\/span><\/a><\/p>\n","protected":false},"author":1,"featured_media":557,"parent":0,"menu_order":0,"comment_status":"closed","ping_status":"closed","template":"page-templates\/product.php","meta":{"footnotes":""},"translation":{"provider":"WPGlobus","version":"2.12.2","language":"pt","enabled_languages":["en","es","fr","ru","ar","zh","pt"],"languages":{"en":{"title":true,"content":true,"excerpt":false},"es":{"title":true,"content":true,"excerpt":false},"fr":{"title":true,"content":true,"excerpt":false},"ru":{"title":true,"content":true,"excerpt":false},"ar":{"title":true,"content":true,"excerpt":false},"zh":{"title":true,"content":true,"excerpt":false},"pt":{"title":true,"content":true,"excerpt":false}}},"acf":[],"_links":{"self":[{"href":"https:\/\/www.ratani.in\/pt\/wp-json\/wp\/v2\/pages\/549"}],"collection":[{"href":"https:\/\/www.ratani.in\/pt\/wp-json\/wp\/v2\/pages"}],"about":[{"href":"https:\/\/www.ratani.in\/pt\/wp-json\/wp\/v2\/types\/page"}],"author":[{"embeddable":true,"href":"https:\/\/www.ratani.in\/pt\/wp-json\/wp\/v2\/users\/1"}],"replies":[{"embeddable":true,"href":"https:\/\/www.ratani.in\/pt\/wp-json\/wp\/v2\/comments?post=549"}],"version-history":[{"count":13,"href":"https:\/\/www.ratani.in\/pt\/wp-json\/wp\/v2\/pages\/549\/revisions"}],"predecessor-version":[{"id":2440,"href":"https:\/\/www.ratani.in\/pt\/wp-json\/wp\/v2\/pages\/549\/revisions\/2440"}],"wp:featuredmedia":[{"embeddable":true,"href":"https:\/\/www.ratani.in\/pt\/wp-json\/wp\/v2\/media\/557"}],"wp:attachment":[{"href":"https:\/\/www.ratani.in\/pt\/wp-json\/wp\/v2\/media?parent=549"}],"curies":[{"name":"wp","href":"https:\/\/api.w.org\/{rel}","templated":true}]}}