{"id":579,"date":"2023-08-17T07:47:36","date_gmt":"2023-08-17T07:47:36","guid":{"rendered":"https:\/\/www.ratani.in\/?page_id=579"},"modified":"2023-09-01T12:57:56","modified_gmt":"2023-09-01T12:57:56","slug":"coffee-brown-granite-manufacturer-and-exporter","status":"publish","type":"page","link":"https:\/\/www.ratani.in\/pt\/coffee-brown-granite-manufacturer-and-exporter\/","title":{"rendered":"Granito Coffee marrom"},"content":{"rendered":"<p>O Granito Coffee marrom da \u00cdndia \u00e9 uma pedra natural quente e convidativa, conhecida por seus tons ricos de marrom e padr\u00f5es distintos. Ele apresenta uma cor de base predominantemente marrom escura, com redemoinhos intrincados e pontos de tons mais claros de marrom, caramelo e, por vezes, tons pretos. Os padr\u00f5es dentro do Granito Coffee marrom se assemelham aos redemoinhos e ondula\u00e7\u00f5es em uma x\u00edcara de caf\u00e9, da\u00ed o seu nome. Este granito traz uma sensa\u00e7\u00e3o de calor e aconchego a qualquer espa\u00e7o, tornando-o uma escolha popular para bancadas, pisos e outras aplica\u00e7\u00f5es de interiores. Os tons terrosos do Granito Coffee marrom combinam bem com diversos estilos de design, do tradicional ao contempor\u00e2neo.<\/p>\n<p>Sua durabilidade, resist\u00eancia ao calor e facilidade de manuten\u00e7\u00e3o o tornam uma op\u00e7\u00e3o pr\u00e1tica e visualmente atraente para aqueles que buscam uma pedra natural com benef\u00edcios est\u00e9ticos e funcionais.<\/p>\n","protected":false},"excerpt":{"rendered":"<p>O Granito Coffee marrom da \u00cdndia \u00e9 uma pedra natural quente e convidativa, conhecida por seus tons ricos de marrom e padr\u00f5es distintos. Ele apresenta uma cor de base predominantemente marrom escura, com redemoinhos intrincados e pontos de tons mais claros de marrom, caramelo e, por vezes, tons pretos. Os padr\u00f5es dentro do Granito Coffee &hellip; <a href=\"https:\/\/www.ratani.in\/pt\/coffee-brown-granite-manufacturer-and-exporter\/\" class=\"more-link\">Continue reading<span class=\"screen-reader-text\"> &#8220;Granito Coffee marrom&#8221;<\/span><\/a><\/p>\n","protected":false},"author":1,"featured_media":584,"parent":0,"menu_order":0,"comment_status":"closed","ping_status":"closed","template":"page-templates\/product.php","meta":{"footnotes":""},"translation":{"provider":"WPGlobus","version":"2.12.2","language":"pt","enabled_languages":["en","es","fr","ru","ar","zh","pt"],"languages":{"en":{"title":true,"content":true,"excerpt":false},"es":{"title":true,"content":true,"excerpt":false},"fr":{"title":true,"content":true,"excerpt":false},"ru":{"title":true,"content":true,"excerpt":false},"ar":{"title":true,"content":true,"excerpt":false},"zh":{"title":true,"content":true,"excerpt":false},"pt":{"title":true,"content":true,"excerpt":false}}},"acf":[],"_links":{"self":[{"href":"https:\/\/www.ratani.in\/pt\/wp-json\/wp\/v2\/pages\/579"}],"collection":[{"href":"https:\/\/www.ratani.in\/pt\/wp-json\/wp\/v2\/pages"}],"about":[{"href":"https:\/\/www.ratani.in\/pt\/wp-json\/wp\/v2\/types\/page"}],"author":[{"embeddable":true,"href":"https:\/\/www.ratani.in\/pt\/wp-json\/wp\/v2\/users\/1"}],"replies":[{"embeddable":true,"href":"https:\/\/www.ratani.in\/pt\/wp-json\/wp\/v2\/comments?post=579"}],"version-history":[{"count":11,"href":"https:\/\/www.ratani.in\/pt\/wp-json\/wp\/v2\/pages\/579\/revisions"}],"predecessor-version":[{"id":2213,"href":"https:\/\/www.ratani.in\/pt\/wp-json\/wp\/v2\/pages\/579\/revisions\/2213"}],"wp:featuredmedia":[{"embeddable":true,"href":"https:\/\/www.ratani.in\/pt\/wp-json\/wp\/v2\/media\/584"}],"wp:attachment":[{"href":"https:\/\/www.ratani.in\/pt\/wp-json\/wp\/v2\/media?parent=579"}],"curies":[{"name":"wp","href":"https:\/\/api.w.org\/{rel}","templated":true}]}}