{"id":589,"date":"2023-08-17T07:49:08","date_gmt":"2023-08-17T07:49:08","guid":{"rendered":"https:\/\/www.ratani.in\/?page_id=589"},"modified":"2023-09-01T12:56:13","modified_gmt":"2023-09-01T12:56:13","slug":"tan-brown-granite-manufacturer-and-exporter","status":"publish","type":"page","link":"https:\/\/www.ratani.in\/pt\/tan-brown-granite-manufacturer-and-exporter\/","title":{"rendered":"Granito Tan marrom"},"content":{"rendered":"<p>O Granito Tan marrom \u00e9 uma pedra natural popular conhecida por sua apar\u00eancia quente e convidativa. As pedreiras de Granito Tan marrom produzem blocos de granito com base em cores que variam de marrom escuro a preto, com um padr\u00e3o consistente de pontos mais claros em tons de marrom ou marrom avermelhado. Essa combina\u00e7\u00e3o de cores cria um contraste bonito e adiciona profundidade \u00e0 apar\u00eancia da pedra. Os pontos e veias podem variar em tamanho e densidade, dando a cada laje uma apelo \u00fanico e cheio de car\u00e1ter. O Granito Tan marrom \u00e9 altamente vers\u00e1til e pode ser usado em v\u00e1rias aplica\u00e7\u00f5es, como bancadas, pisos, revestimentos de parede e paredes de destaque. Sua durabilidade, resist\u00eancia ao calor e capacidade de combinar bem com uma variedade de estilos de design o tornam uma escolha popular entre propriet\u00e1rios e designers.<\/p>\n","protected":false},"excerpt":{"rendered":"<p>O Granito Tan marrom \u00e9 uma pedra natural popular conhecida por sua apar\u00eancia quente e convidativa. As pedreiras de Granito Tan marrom produzem blocos de granito com base em cores que variam de marrom escuro a preto, com um padr\u00e3o consistente de pontos mais claros em tons de marrom ou marrom avermelhado. Essa combina\u00e7\u00e3o de &hellip; <a href=\"https:\/\/www.ratani.in\/pt\/tan-brown-granite-manufacturer-and-exporter\/\" class=\"more-link\">Continue reading<span class=\"screen-reader-text\"> &#8220;Granito Tan marrom&#8221;<\/span><\/a><\/p>\n","protected":false},"author":1,"featured_media":590,"parent":0,"menu_order":0,"comment_status":"closed","ping_status":"closed","template":"page-templates\/product.php","meta":{"footnotes":""},"translation":{"provider":"WPGlobus","version":"2.12.2","language":"pt","enabled_languages":["en","es","fr","ru","ar","zh","pt"],"languages":{"en":{"title":true,"content":true,"excerpt":false},"es":{"title":true,"content":true,"excerpt":false},"fr":{"title":true,"content":true,"excerpt":false},"ru":{"title":true,"content":true,"excerpt":false},"ar":{"title":true,"content":true,"excerpt":false},"zh":{"title":true,"content":true,"excerpt":false},"pt":{"title":true,"content":true,"excerpt":false}}},"acf":[],"_links":{"self":[{"href":"https:\/\/www.ratani.in\/pt\/wp-json\/wp\/v2\/pages\/589"}],"collection":[{"href":"https:\/\/www.ratani.in\/pt\/wp-json\/wp\/v2\/pages"}],"about":[{"href":"https:\/\/www.ratani.in\/pt\/wp-json\/wp\/v2\/types\/page"}],"author":[{"embeddable":true,"href":"https:\/\/www.ratani.in\/pt\/wp-json\/wp\/v2\/users\/1"}],"replies":[{"embeddable":true,"href":"https:\/\/www.ratani.in\/pt\/wp-json\/wp\/v2\/comments?post=589"}],"version-history":[{"count":10,"href":"https:\/\/www.ratani.in\/pt\/wp-json\/wp\/v2\/pages\/589\/revisions"}],"predecessor-version":[{"id":1899,"href":"https:\/\/www.ratani.in\/pt\/wp-json\/wp\/v2\/pages\/589\/revisions\/1899"}],"wp:featuredmedia":[{"embeddable":true,"href":"https:\/\/www.ratani.in\/pt\/wp-json\/wp\/v2\/media\/590"}],"wp:attachment":[{"href":"https:\/\/www.ratani.in\/pt\/wp-json\/wp\/v2\/media?parent=589"}],"curies":[{"name":"wp","href":"https:\/\/api.w.org\/{rel}","templated":true}]}}