{"id":609,"date":"2023-08-17T08:13:51","date_gmt":"2023-08-17T08:13:51","guid":{"rendered":"https:\/\/www.ratani.in\/?page_id=609"},"modified":"2023-09-01T13:06:27","modified_gmt":"2023-09-01T13:06:27","slug":"colonial-gold-granite-manufacturer-and-exporter","status":"publish","type":"page","link":"https:\/\/www.ratani.in\/pt\/colonial-gold-granite-manufacturer-and-exporter\/","title":{"rendered":"Granito Colonial Dourado"},"content":{"rendered":"<p>O Granito Colonial Dourado \u00e9 uma pedra natural cativante conhecida por sua apar\u00eancia quente e convidativa. Ele apresenta uma cor de base dourada ou bege com padr\u00f5es intrincados e veias em tons de marrom, cinza e ocasionalmente preto. Os padr\u00f5es dentro do Granito Colonial Dourado lembram os tra\u00e7os de pinceladas de um artista, criando uma superf\u00edcie visualmente din\u00e2mica e atraente. Este granito exibe uma bela mistura de cores que adiciona profundidade e car\u00e1ter a qualquer espa\u00e7o.<\/p>\n<p>Sendo um dos principais exportadores de granito em Chennai, \u00cdndia, acreditamos que o Granito Colonial Dourado \u00e9 frequentemente usado para bancadas, revestimentos de parede e pe\u00e7as de destaque, pois complementa facilmente v\u00e1rios estilos de design, do tradicional ao contempor\u00e2neo. O Granito Colonial Dourado adiciona um toque de beleza natural e sofistica\u00e7\u00e3o a qualquer aplica\u00e7\u00e3o de interiores ou exteriores.<\/p>\n","protected":false},"excerpt":{"rendered":"<p>O Granito Colonial Dourado \u00e9 uma pedra natural cativante conhecida por sua apar\u00eancia quente e convidativa. Ele apresenta uma cor de base dourada ou bege com padr\u00f5es intrincados e veias em tons de marrom, cinza e ocasionalmente preto. Os padr\u00f5es dentro do Granito Colonial Dourado lembram os tra\u00e7os de pinceladas de um artista, criando uma &hellip; <a href=\"https:\/\/www.ratani.in\/pt\/colonial-gold-granite-manufacturer-and-exporter\/\" class=\"more-link\">Continue reading<span class=\"screen-reader-text\"> &#8220;Granito Colonial Dourado&#8221;<\/span><\/a><\/p>\n","protected":false},"author":1,"featured_media":613,"parent":0,"menu_order":0,"comment_status":"closed","ping_status":"closed","template":"page-templates\/product.php","meta":{"footnotes":""},"translation":{"provider":"WPGlobus","version":"2.12.2","language":"pt","enabled_languages":["en","es","fr","ru","ar","zh","pt"],"languages":{"en":{"title":true,"content":true,"excerpt":false},"es":{"title":true,"content":true,"excerpt":false},"fr":{"title":true,"content":true,"excerpt":false},"ru":{"title":true,"content":true,"excerpt":false},"ar":{"title":true,"content":true,"excerpt":false},"zh":{"title":true,"content":true,"excerpt":false},"pt":{"title":true,"content":true,"excerpt":false}}},"acf":[],"_links":{"self":[{"href":"https:\/\/www.ratani.in\/pt\/wp-json\/wp\/v2\/pages\/609"}],"collection":[{"href":"https:\/\/www.ratani.in\/pt\/wp-json\/wp\/v2\/pages"}],"about":[{"href":"https:\/\/www.ratani.in\/pt\/wp-json\/wp\/v2\/types\/page"}],"author":[{"embeddable":true,"href":"https:\/\/www.ratani.in\/pt\/wp-json\/wp\/v2\/users\/1"}],"replies":[{"embeddable":true,"href":"https:\/\/www.ratani.in\/pt\/wp-json\/wp\/v2\/comments?post=609"}],"version-history":[{"count":10,"href":"https:\/\/www.ratani.in\/pt\/wp-json\/wp\/v2\/pages\/609\/revisions"}],"predecessor-version":[{"id":2563,"href":"https:\/\/www.ratani.in\/pt\/wp-json\/wp\/v2\/pages\/609\/revisions\/2563"}],"wp:featuredmedia":[{"embeddable":true,"href":"https:\/\/www.ratani.in\/pt\/wp-json\/wp\/v2\/media\/613"}],"wp:attachment":[{"href":"https:\/\/www.ratani.in\/pt\/wp-json\/wp\/v2\/media?parent=609"}],"curies":[{"name":"wp","href":"https:\/\/api.w.org\/{rel}","templated":true}]}}