{"id":619,"date":"2023-08-17T08:23:22","date_gmt":"2023-08-17T08:23:22","guid":{"rendered":"https:\/\/www.ratani.in\/?page_id=619"},"modified":"2023-09-01T13:04:05","modified_gmt":"2023-09-01T13:04:05","slug":"golden-beach-granite-manufacturer-and-exporter","status":"publish","type":"page","link":"https:\/\/www.ratani.in\/pt\/golden-beach-granite-manufacturer-and-exporter\/","title":{"rendered":"Granito Dourado Beach"},"content":{"rendered":"<p>O Granito Dourado Beach das pedreiras de granito indianas \u00e9 uma pedra natural deslumbrante conhecida por sua apar\u00eancia quente e radiante. Ele apresenta uma cor de base dourada ou bege com padr\u00f5es intrincados e veias em tons de marrom, cinza e \u00e0s vezes preto. Os padr\u00f5es dentro do Granito Dourado Beach lembram o movimento natural da areia em uma praia, criando uma sensa\u00e7\u00e3o de profundidade e textura. Este granito exala uma sensa\u00e7\u00e3o de calor e tranquilidade, tornando-o uma escolha popular para criar espa\u00e7os convidativos e aconchegantes. As lajes de granito cortadas na \u00cdndia s\u00e3o frequentemente usadas para bancadas, revestimentos de parede e pe\u00e7as de destaque, pois adiciona um toque de beleza natural e eleg\u00e2ncia a qualquer aplica\u00e7\u00e3o de interiores ou exteriores.<\/p>\n","protected":false},"excerpt":{"rendered":"<p>O Granito Dourado Beach das pedreiras de granito indianas \u00e9 uma pedra natural deslumbrante conhecida por sua apar\u00eancia quente e radiante. Ele apresenta uma cor de base dourada ou bege com padr\u00f5es intrincados e veias em tons de marrom, cinza e \u00e0s vezes preto. Os padr\u00f5es dentro do Granito Dourado Beach lembram o movimento natural &hellip; <a href=\"https:\/\/www.ratani.in\/pt\/golden-beach-granite-manufacturer-and-exporter\/\" class=\"more-link\">Continue reading<span class=\"screen-reader-text\"> &#8220;Granito Dourado Beach&#8221;<\/span><\/a><\/p>\n","protected":false},"author":1,"featured_media":627,"parent":0,"menu_order":0,"comment_status":"closed","ping_status":"closed","template":"page-templates\/product.php","meta":{"footnotes":""},"translation":{"provider":"WPGlobus","version":"2.12.2","language":"pt","enabled_languages":["en","es","fr","ru","ar","zh","pt"],"languages":{"en":{"title":true,"content":true,"excerpt":false},"es":{"title":true,"content":true,"excerpt":false},"fr":{"title":true,"content":true,"excerpt":false},"ru":{"title":true,"content":true,"excerpt":false},"ar":{"title":true,"content":true,"excerpt":false},"zh":{"title":true,"content":true,"excerpt":false},"pt":{"title":true,"content":true,"excerpt":false}}},"acf":[],"_links":{"self":[{"href":"https:\/\/www.ratani.in\/pt\/wp-json\/wp\/v2\/pages\/619"}],"collection":[{"href":"https:\/\/www.ratani.in\/pt\/wp-json\/wp\/v2\/pages"}],"about":[{"href":"https:\/\/www.ratani.in\/pt\/wp-json\/wp\/v2\/types\/page"}],"author":[{"embeddable":true,"href":"https:\/\/www.ratani.in\/pt\/wp-json\/wp\/v2\/users\/1"}],"replies":[{"embeddable":true,"href":"https:\/\/www.ratani.in\/pt\/wp-json\/wp\/v2\/comments?post=619"}],"version-history":[{"count":9,"href":"https:\/\/www.ratani.in\/pt\/wp-json\/wp\/v2\/pages\/619\/revisions"}],"predecessor-version":[{"id":2560,"href":"https:\/\/www.ratani.in\/pt\/wp-json\/wp\/v2\/pages\/619\/revisions\/2560"}],"wp:featuredmedia":[{"embeddable":true,"href":"https:\/\/www.ratani.in\/pt\/wp-json\/wp\/v2\/media\/627"}],"wp:attachment":[{"href":"https:\/\/www.ratani.in\/pt\/wp-json\/wp\/v2\/media?parent=619"}],"curies":[{"name":"wp","href":"https:\/\/api.w.org\/{rel}","templated":true}]}}