{"id":629,"date":"2023-08-17T09:12:50","date_gmt":"2023-08-17T09:12:50","guid":{"rendered":"https:\/\/www.ratani.in\/?page_id=629"},"modified":"2023-09-01T13:08:40","modified_gmt":"2023-09-01T13:08:40","slug":"imperial-gold-granite-manufacturer-and-exporter","status":"publish","type":"page","link":"https:\/\/www.ratani.in\/pt\/imperial-gold-granite-manufacturer-and-exporter\/","title":{"rendered":"Granito Imperial Dourado"},"content":{"rendered":"<p>O Granito Imperial Dourado da \u00cdndia \u00e9 uma deslumbrante e luxuosa pedra natural conhecida por seus tons dourados quentes e padr\u00f5es requintados, tendo suas minas de granito na \u00cdndia. \u00c9 uma variedade muito procurada de granito que adiciona um toque de eleg\u00e2ncia e opul\u00eancia a qualquer espa\u00e7o.<\/p>\n<p>O Granito Imperial Dourado apresenta uma cor de base que varia de amarelo dourado a tons de mel ou \u00e2mbar. Ele \u00e9 complementado por padr\u00f5es intricados, veias e manchas em v\u00e1rias tonalidades de marrom, cinza e preto. Essas forma\u00e7\u00f5es naturais criam uma sensa\u00e7\u00e3o de movimento e interesse visual, conferindo \u00e0 pedra uma apar\u00eancia cativante e din\u00e2mica.<\/p>\n<p>Essa variedade de granito \u00e9 comumente usada para uma ampla gama de aplica\u00e7\u00f5es internas e externas. Ele \u00e9 frequentemente usado para bancadas de cozinha, pias de banheiro, pisos, revestimentos de parede, lareiras e elementos decorativos.<\/p>\n<p>O Granito Imperial Dourado traz uma sensa\u00e7\u00e3o de grandiosidade e riqueza a qualquer esquema de design. Seus tons dourados quentes criam um ambiente acolhedor e luxuoso, tornando-o adequado para configura\u00e7\u00f5es tradicionais, cl\u00e1ssicas e at\u00e9 contempor\u00e2neas.<\/p>\n","protected":false},"excerpt":{"rendered":"<p>O Granito Imperial Dourado da \u00cdndia \u00e9 uma deslumbrante e luxuosa pedra natural conhecida por seus tons dourados quentes e padr\u00f5es requintados, tendo suas minas de granito na \u00cdndia. \u00c9 uma variedade muito procurada de granito que adiciona um toque de eleg\u00e2ncia e opul\u00eancia a qualquer espa\u00e7o. O Granito Imperial Dourado apresenta uma cor de &hellip; <a href=\"https:\/\/www.ratani.in\/pt\/imperial-gold-granite-manufacturer-and-exporter\/\" class=\"more-link\">Continue reading<span class=\"screen-reader-text\"> &#8220;Granito Imperial Dourado&#8221;<\/span><\/a><\/p>\n","protected":false},"author":1,"featured_media":633,"parent":0,"menu_order":0,"comment_status":"closed","ping_status":"closed","template":"page-templates\/product.php","meta":{"footnotes":""},"translation":{"provider":"WPGlobus","version":"2.12.2","language":"pt","enabled_languages":["en","es","fr","ru","ar","zh","pt"],"languages":{"en":{"title":true,"content":true,"excerpt":false},"es":{"title":true,"content":true,"excerpt":false},"fr":{"title":true,"content":true,"excerpt":false},"ru":{"title":false,"content":false,"excerpt":false},"ar":{"title":true,"content":true,"excerpt":false},"zh":{"title":true,"content":true,"excerpt":false},"pt":{"title":true,"content":true,"excerpt":false}}},"acf":[],"_links":{"self":[{"href":"https:\/\/www.ratani.in\/pt\/wp-json\/wp\/v2\/pages\/629"}],"collection":[{"href":"https:\/\/www.ratani.in\/pt\/wp-json\/wp\/v2\/pages"}],"about":[{"href":"https:\/\/www.ratani.in\/pt\/wp-json\/wp\/v2\/types\/page"}],"author":[{"embeddable":true,"href":"https:\/\/www.ratani.in\/pt\/wp-json\/wp\/v2\/users\/1"}],"replies":[{"embeddable":true,"href":"https:\/\/www.ratani.in\/pt\/wp-json\/wp\/v2\/comments?post=629"}],"version-history":[{"count":11,"href":"https:\/\/www.ratani.in\/pt\/wp-json\/wp\/v2\/pages\/629\/revisions"}],"predecessor-version":[{"id":2565,"href":"https:\/\/www.ratani.in\/pt\/wp-json\/wp\/v2\/pages\/629\/revisions\/2565"}],"wp:featuredmedia":[{"embeddable":true,"href":"https:\/\/www.ratani.in\/pt\/wp-json\/wp\/v2\/media\/633"}],"wp:attachment":[{"href":"https:\/\/www.ratani.in\/pt\/wp-json\/wp\/v2\/media?parent=629"}],"curies":[{"name":"wp","href":"https:\/\/api.w.org\/{rel}","templated":true}]}}