{"id":649,"date":"2023-08-17T09:17:18","date_gmt":"2023-08-17T09:17:18","guid":{"rendered":"https:\/\/www.ratani.in\/?page_id=649"},"modified":"2023-09-01T12:50:18","modified_gmt":"2023-09-01T12:50:18","slug":"apple-green-granite-manufacturer-and-exporter","status":"publish","type":"page","link":"https:\/\/www.ratani.in\/pt\/apple-green-granite-manufacturer-and-exporter\/","title":{"rendered":"Granito Apple verde"},"content":{"rendered":"<p>O Granito Apple verde da \u00cdndia \u00e9 um tipo de granito conhecido por sua cor verde vibrante e distinta, e \u00e9 processado nas f\u00e1bricas de pedra do Norte da \u00cdndia. Ele apresenta uma base predominantemente verde com tons e padr\u00f5es variados que podem variar de verde claro a tons mais escuros, \u00e0s vezes acompanhados de pontos ou veias em cores contrastantes como branco ou cinza. A apar\u00eancia geral se assemelha \u00e0 cor de ma\u00e7\u00e3s verdes maduras, da\u00ed o nome. Vendido pelos fornecedores de granito em Rajasthan, o Granito Apple verde \u00e9 frequentemente procurado por sua apar\u00eancia \u00fanica e chamativa, tornando-o uma escolha popular para bancadas, pisos e pe\u00e7as de destaque em espa\u00e7os residenciais e comerciais. Seu tom animado e refrescante pode adicionar um toque de beleza natural e luminosidade ao design de interiores.<\/p>\n","protected":false},"excerpt":{"rendered":"<p>O Granito Apple verde da \u00cdndia \u00e9 um tipo de granito conhecido por sua cor verde vibrante e distinta, e \u00e9 processado nas f\u00e1bricas de pedra do Norte da \u00cdndia. Ele apresenta uma base predominantemente verde com tons e padr\u00f5es variados que podem variar de verde claro a tons mais escuros, \u00e0s vezes acompanhados de &hellip; <a href=\"https:\/\/www.ratani.in\/pt\/apple-green-granite-manufacturer-and-exporter\/\" class=\"more-link\">Continue reading<span class=\"screen-reader-text\"> &#8220;Granito Apple verde&#8221;<\/span><\/a><\/p>\n","protected":false},"author":1,"featured_media":650,"parent":0,"menu_order":0,"comment_status":"closed","ping_status":"closed","template":"page-templates\/product.php","meta":{"footnotes":""},"translation":{"provider":"WPGlobus","version":"2.12.2","language":"pt","enabled_languages":["en","es","fr","ru","ar","zh","pt"],"languages":{"en":{"title":true,"content":true,"excerpt":false},"es":{"title":true,"content":true,"excerpt":false},"fr":{"title":true,"content":true,"excerpt":false},"ru":{"title":true,"content":true,"excerpt":false},"ar":{"title":true,"content":true,"excerpt":false},"zh":{"title":true,"content":true,"excerpt":false},"pt":{"title":true,"content":true,"excerpt":false}}},"acf":[],"_links":{"self":[{"href":"https:\/\/www.ratani.in\/pt\/wp-json\/wp\/v2\/pages\/649"}],"collection":[{"href":"https:\/\/www.ratani.in\/pt\/wp-json\/wp\/v2\/pages"}],"about":[{"href":"https:\/\/www.ratani.in\/pt\/wp-json\/wp\/v2\/types\/page"}],"author":[{"embeddable":true,"href":"https:\/\/www.ratani.in\/pt\/wp-json\/wp\/v2\/users\/1"}],"replies":[{"embeddable":true,"href":"https:\/\/www.ratani.in\/pt\/wp-json\/wp\/v2\/comments?post=649"}],"version-history":[{"count":9,"href":"https:\/\/www.ratani.in\/pt\/wp-json\/wp\/v2\/pages\/649\/revisions"}],"predecessor-version":[{"id":2555,"href":"https:\/\/www.ratani.in\/pt\/wp-json\/wp\/v2\/pages\/649\/revisions\/2555"}],"wp:featuredmedia":[{"embeddable":true,"href":"https:\/\/www.ratani.in\/pt\/wp-json\/wp\/v2\/media\/650"}],"wp:attachment":[{"href":"https:\/\/www.ratani.in\/pt\/wp-json\/wp\/v2\/media?parent=649"}],"curies":[{"name":"wp","href":"https:\/\/api.w.org\/{rel}","templated":true}]}}