{"id":659,"date":"2023-08-17T09:19:23","date_gmt":"2023-08-17T09:19:23","guid":{"rendered":"https:\/\/www.ratani.in\/?page_id=659"},"modified":"2023-09-01T12:49:13","modified_gmt":"2023-09-01T12:49:13","slug":"green-pearl-granite-manufacturer-and-exporter","status":"publish","type":"page","link":"https:\/\/www.ratani.in\/pt\/green-pearl-granite-manufacturer-and-exporter\/","title":{"rendered":"Granito verde Pearl"},"content":{"rendered":"<p>O Granito verde Pearl \u00e9 uma variedade cativante de granito conhecida por sua bela cor verde e apar\u00eancia cintilante. \u00c9 uma pedra natural muito procurada por suas caracter\u00edsticas \u00fanicas.<\/p>\n<p>O Granito verde Pearl normalmente apresenta uma cor de base verde, que pode variar de tons claros a escuros. Muitas vezes \u00e9 complementado por varia\u00e7\u00f5es sutis de veias cinza, branco ou preto e pontos prateados em toda a pedra. Esses elementos criam um efeito visual impressionante e d\u00e3o ao granito uma sensa\u00e7\u00e3o de profundidade e movimento. Existem muitos exportadores e fornecedores de granito indianos que t\u00eam processamento interno de blocos de granito para produzir lajes de granito de alta qualidade.<\/p>\n<p>A textura do Granito verde Pearl \u00e9 tipicamente de gr\u00e3o m\u00e9dio a grosso, proporcionando uma sensa\u00e7\u00e3o natural e t\u00e1til. Ele possui um acabamento polido, que real\u00e7a seu brilho inerente e adiciona \u00e0 sua eleg\u00e2ncia geral.<\/p>\n","protected":false},"excerpt":{"rendered":"<p>O Granito verde Pearl \u00e9 uma variedade cativante de granito conhecida por sua bela cor verde e apar\u00eancia cintilante. \u00c9 uma pedra natural muito procurada por suas caracter\u00edsticas \u00fanicas. O Granito verde Pearl normalmente apresenta uma cor de base verde, que pode variar de tons claros a escuros. Muitas vezes \u00e9 complementado por varia\u00e7\u00f5es sutis &hellip; <a href=\"https:\/\/www.ratani.in\/pt\/green-pearl-granite-manufacturer-and-exporter\/\" class=\"more-link\">Continue reading<span class=\"screen-reader-text\"> &#8220;Granito verde Pearl&#8221;<\/span><\/a><\/p>\n","protected":false},"author":1,"featured_media":666,"parent":0,"menu_order":0,"comment_status":"closed","ping_status":"closed","template":"page-templates\/product.php","meta":{"footnotes":""},"translation":{"provider":"WPGlobus","version":"2.12.2","language":"pt","enabled_languages":["en","es","fr","ru","ar","zh","pt"],"languages":{"en":{"title":true,"content":true,"excerpt":false},"es":{"title":true,"content":true,"excerpt":false},"fr":{"title":true,"content":true,"excerpt":false},"ru":{"title":true,"content":true,"excerpt":false},"ar":{"title":true,"content":true,"excerpt":false},"zh":{"title":true,"content":true,"excerpt":false},"pt":{"title":true,"content":true,"excerpt":false}}},"acf":[],"_links":{"self":[{"href":"https:\/\/www.ratani.in\/pt\/wp-json\/wp\/v2\/pages\/659"}],"collection":[{"href":"https:\/\/www.ratani.in\/pt\/wp-json\/wp\/v2\/pages"}],"about":[{"href":"https:\/\/www.ratani.in\/pt\/wp-json\/wp\/v2\/types\/page"}],"author":[{"embeddable":true,"href":"https:\/\/www.ratani.in\/pt\/wp-json\/wp\/v2\/users\/1"}],"replies":[{"embeddable":true,"href":"https:\/\/www.ratani.in\/pt\/wp-json\/wp\/v2\/comments?post=659"}],"version-history":[{"count":12,"href":"https:\/\/www.ratani.in\/pt\/wp-json\/wp\/v2\/pages\/659\/revisions"}],"predecessor-version":[{"id":2554,"href":"https:\/\/www.ratani.in\/pt\/wp-json\/wp\/v2\/pages\/659\/revisions\/2554"}],"wp:featuredmedia":[{"embeddable":true,"href":"https:\/\/www.ratani.in\/pt\/wp-json\/wp\/v2\/media\/666"}],"wp:attachment":[{"href":"https:\/\/www.ratani.in\/pt\/wp-json\/wp\/v2\/media?parent=659"}],"curies":[{"name":"wp","href":"https:\/\/api.w.org\/{rel}","templated":true}]}}