{"id":669,"date":"2023-08-17T09:21:35","date_gmt":"2023-08-17T09:21:35","guid":{"rendered":"https:\/\/www.ratani.in\/?page_id=669"},"modified":"2023-09-01T12:44:20","modified_gmt":"2023-09-01T12:44:20","slug":"naushera-green-granite-manufacturer-and-exporter","status":"publish","type":"page","link":"https:\/\/www.ratani.in\/pt\/naushera-green-granite-manufacturer-and-exporter\/","title":{"rendered":"Granito Naushera verde"},"content":{"rendered":"<p>O Granito Naushera verde \u00e9 uma pedra natural visualmente impressionante que \u00e9 processada nas f\u00e1bricas de granito em Jalore, \u00cdndia, e apresenta uma cativante paleta de cores verdes. Este granito verde geralmente exibe uma cor de base verde, variando de tons claros a escuros, com padr\u00f5es e veias variados em toda a pedra. Os padr\u00f5es podem ser intrincados, com redemoinhos, ondas ou pontos criando uma apar\u00eancia \u00fanica e chamativa.<\/p>\n<p>A textura do Granito Naushera verde \u00e9 tipicamente granular e grossa, caracter\u00edsticas comuns do granito. Ele possui um brilho natural que adiciona ao seu apelo geral. Devido \u00e0 sua durabilidade e resist\u00eancia a arranh\u00f5es, calor e manchas, o Granito Naushera verde \u00e9 frequentemente usado em bancadas de cozinha, tampos de pias de banheiro e v\u00e1rias aplica\u00e7\u00f5es de interiores e exteriores.<\/p>\n<p>As varia\u00e7\u00f5es e padr\u00f5es espec\u00edficos no Granito Naushera verde podem variar de laje para laje, j\u00e1 que \u00e9 um material natural extra\u00eddo das pedreiras de granito no Norte da \u00cdndia. Essa singularidade adiciona ao seu charme, tornando cada pe\u00e7a de Granito Naushera verde distinta e \u00fanica.<\/p>\n","protected":false},"excerpt":{"rendered":"<p>O Granito Naushera verde \u00e9 uma pedra natural visualmente impressionante que \u00e9 processada nas f\u00e1bricas de granito em Jalore, \u00cdndia, e apresenta uma cativante paleta de cores verdes. Este granito verde geralmente exibe uma cor de base verde, variando de tons claros a escuros, com padr\u00f5es e veias variados em toda a pedra. Os padr\u00f5es &hellip; <a href=\"https:\/\/www.ratani.in\/pt\/naushera-green-granite-manufacturer-and-exporter\/\" class=\"more-link\">Continue reading<span class=\"screen-reader-text\"> &#8220;Granito Naushera verde&#8221;<\/span><\/a><\/p>\n","protected":false},"author":1,"featured_media":677,"parent":0,"menu_order":0,"comment_status":"closed","ping_status":"closed","template":"page-templates\/product.php","meta":{"footnotes":""},"translation":{"provider":"WPGlobus","version":"2.12.2","language":"pt","enabled_languages":["en","es","fr","ru","ar","zh","pt"],"languages":{"en":{"title":true,"content":true,"excerpt":false},"es":{"title":true,"content":true,"excerpt":false},"fr":{"title":true,"content":true,"excerpt":false},"ru":{"title":true,"content":true,"excerpt":false},"ar":{"title":true,"content":true,"excerpt":false},"zh":{"title":true,"content":true,"excerpt":false},"pt":{"title":true,"content":true,"excerpt":false}}},"acf":[],"_links":{"self":[{"href":"https:\/\/www.ratani.in\/pt\/wp-json\/wp\/v2\/pages\/669"}],"collection":[{"href":"https:\/\/www.ratani.in\/pt\/wp-json\/wp\/v2\/pages"}],"about":[{"href":"https:\/\/www.ratani.in\/pt\/wp-json\/wp\/v2\/types\/page"}],"author":[{"embeddable":true,"href":"https:\/\/www.ratani.in\/pt\/wp-json\/wp\/v2\/users\/1"}],"replies":[{"embeddable":true,"href":"https:\/\/www.ratani.in\/pt\/wp-json\/wp\/v2\/comments?post=669"}],"version-history":[{"count":10,"href":"https:\/\/www.ratani.in\/pt\/wp-json\/wp\/v2\/pages\/669\/revisions"}],"predecessor-version":[{"id":2552,"href":"https:\/\/www.ratani.in\/pt\/wp-json\/wp\/v2\/pages\/669\/revisions\/2552"}],"wp:featuredmedia":[{"embeddable":true,"href":"https:\/\/www.ratani.in\/pt\/wp-json\/wp\/v2\/media\/677"}],"wp:attachment":[{"href":"https:\/\/www.ratani.in\/pt\/wp-json\/wp\/v2\/media?parent=669"}],"curies":[{"name":"wp","href":"https:\/\/api.w.org\/{rel}","templated":true}]}}