{"id":679,"date":"2023-08-17T09:24:17","date_gmt":"2023-08-17T09:24:17","guid":{"rendered":"https:\/\/www.ratani.in\/?page_id=679"},"modified":"2023-09-01T12:47:50","modified_gmt":"2023-09-01T12:47:50","slug":"hassan-green-granite-manufacturer-and-exporter","status":"publish","type":"page","link":"https:\/\/www.ratani.in\/pt\/hassan-green-granite-manufacturer-and-exporter\/","title":{"rendered":"Granito Hassan verde"},"content":{"rendered":"<p>O Granito Hassan verde da \u00cdndia \u00e9 uma deslumbrante pedra natural conhecida por sua cor verde vibrante e padr\u00f5es cativantes. Este granito \u00e9 extra\u00eddo das pedreiras de granito no sul da \u00cdndia e apresenta uma cor base rica em verde, variando de verde floresta escura a tons de verde m\u00e9dio. Muitas vezes \u00e9 real\u00e7ado por pontos e veias de verdes mais claros, juntamente com nuances ocasionais de cinza e preto. Os padr\u00f5es intricados e as varia\u00e7\u00f5es dentro do Granito Hassan verde assemelham-se a ondas fluindo ou folhagens intricadas, adicionando profundidade e interesse visual a qualquer espa\u00e7o. Sua apar\u00eancia \u00fanica e vibrante o torna uma escolha popular para bancadas, pisos, revestimentos de parede e outras aplica\u00e7\u00f5es de interiores e exteriores.<\/p>\n<p>Este Granito Verde Indiano n\u00e3o oferece apenas um toque de eleg\u00e2ncia natural, mas tamb\u00e9m proporciona durabilidade e resist\u00eancia, tornando-o uma excelente escolha para real\u00e7ar a beleza e funcionalidade de qualquer projeto de design.<\/p>\n","protected":false},"excerpt":{"rendered":"<p>O Granito Hassan verde da \u00cdndia \u00e9 uma deslumbrante pedra natural conhecida por sua cor verde vibrante e padr\u00f5es cativantes. Este granito \u00e9 extra\u00eddo das pedreiras de granito no sul da \u00cdndia e apresenta uma cor base rica em verde, variando de verde floresta escura a tons de verde m\u00e9dio. Muitas vezes \u00e9 real\u00e7ado por &hellip; <a href=\"https:\/\/www.ratani.in\/pt\/hassan-green-granite-manufacturer-and-exporter\/\" class=\"more-link\">Continue reading<span class=\"screen-reader-text\"> &#8220;Granito Hassan verde&#8221;<\/span><\/a><\/p>\n","protected":false},"author":1,"featured_media":680,"parent":0,"menu_order":0,"comment_status":"closed","ping_status":"closed","template":"page-templates\/product.php","meta":{"footnotes":""},"translation":{"provider":"WPGlobus","version":"2.12.2","language":"pt","enabled_languages":["en","es","fr","ru","ar","zh","pt"],"languages":{"en":{"title":true,"content":true,"excerpt":false},"es":{"title":true,"content":true,"excerpt":false},"fr":{"title":true,"content":true,"excerpt":false},"ru":{"title":true,"content":true,"excerpt":false},"ar":{"title":true,"content":true,"excerpt":false},"zh":{"title":true,"content":true,"excerpt":false},"pt":{"title":true,"content":true,"excerpt":false}}},"acf":[],"_links":{"self":[{"href":"https:\/\/www.ratani.in\/pt\/wp-json\/wp\/v2\/pages\/679"}],"collection":[{"href":"https:\/\/www.ratani.in\/pt\/wp-json\/wp\/v2\/pages"}],"about":[{"href":"https:\/\/www.ratani.in\/pt\/wp-json\/wp\/v2\/types\/page"}],"author":[{"embeddable":true,"href":"https:\/\/www.ratani.in\/pt\/wp-json\/wp\/v2\/users\/1"}],"replies":[{"embeddable":true,"href":"https:\/\/www.ratani.in\/pt\/wp-json\/wp\/v2\/comments?post=679"}],"version-history":[{"count":11,"href":"https:\/\/www.ratani.in\/pt\/wp-json\/wp\/v2\/pages\/679\/revisions"}],"predecessor-version":[{"id":2553,"href":"https:\/\/www.ratani.in\/pt\/wp-json\/wp\/v2\/pages\/679\/revisions\/2553"}],"wp:featuredmedia":[{"embeddable":true,"href":"https:\/\/www.ratani.in\/pt\/wp-json\/wp\/v2\/media\/680"}],"wp:attachment":[{"href":"https:\/\/www.ratani.in\/pt\/wp-json\/wp\/v2\/media?parent=679"}],"curies":[{"name":"wp","href":"https:\/\/api.w.org\/{rel}","templated":true}]}}