{"id":689,"date":"2023-08-17T09:26:32","date_gmt":"2023-08-17T09:26:32","guid":{"rendered":"https:\/\/www.ratani.in\/?page_id=689"},"modified":"2023-09-01T12:46:43","modified_gmt":"2023-09-01T12:46:43","slug":"kuppam-green-granite-manufacturer-and-exporter","status":"publish","type":"page","link":"https:\/\/www.ratani.in\/pt\/kuppam-green-granite-manufacturer-and-exporter\/","title":{"rendered":"Granito Kuppam verde"},"content":{"rendered":"<p>O Granito Kuppam verde \u00e9 uma pedra natural visualmente cativante que apresenta uma mistura \u00fanica de tons verdes e padr\u00f5es intrincados. A cor de base deste granito varia de verde claro a verde escuro, frequentemente acompanhada por varia\u00e7\u00f5es sutis e estrias ocasionais de branco ou cinza. Os padr\u00f5es e veios em espiral no Granito Kuppam verde criam um display chamativo que lembra \u00e1gua corrente ou paisagens naturais. Este granito da \u00cdndia possui tons vibrantes e terrosos, o que o torna uma escolha popular para bancadas, pisos e detalhes decorativos em aplica\u00e7\u00f5es de interiores e exteriores. A durabilidade do Granito Kuppam verde, aliada ao seu apelo est\u00e9tico marcante, permite que ele transforme espa\u00e7os em ambientes visualmente impressionantes e convidativos.<\/p>\n<p>Caso voc\u00ea queira importar granito verde da \u00cdndia, voc\u00ea pode comprar granito verde dos principais fornecedores e exportadores de granito verde da \u00cdndia.<\/p>\n","protected":false},"excerpt":{"rendered":"<p>O Granito Kuppam verde \u00e9 uma pedra natural visualmente cativante que apresenta uma mistura \u00fanica de tons verdes e padr\u00f5es intrincados. A cor de base deste granito varia de verde claro a verde escuro, frequentemente acompanhada por varia\u00e7\u00f5es sutis e estrias ocasionais de branco ou cinza. Os padr\u00f5es e veios em espiral no Granito Kuppam &hellip; <a href=\"https:\/\/www.ratani.in\/pt\/kuppam-green-granite-manufacturer-and-exporter\/\" class=\"more-link\">Continue reading<span class=\"screen-reader-text\"> &#8220;Granito Kuppam verde&#8221;<\/span><\/a><\/p>\n","protected":false},"author":1,"featured_media":697,"parent":0,"menu_order":0,"comment_status":"closed","ping_status":"closed","template":"page-templates\/product.php","meta":{"footnotes":""},"translation":{"provider":"WPGlobus","version":"2.12.2","language":"pt","enabled_languages":["en","es","fr","ru","ar","zh","pt"],"languages":{"en":{"title":true,"content":true,"excerpt":false},"es":{"title":true,"content":true,"excerpt":false},"fr":{"title":true,"content":true,"excerpt":false},"ru":{"title":true,"content":true,"excerpt":false},"ar":{"title":true,"content":true,"excerpt":false},"zh":{"title":true,"content":true,"excerpt":false},"pt":{"title":true,"content":true,"excerpt":false}}},"acf":[],"_links":{"self":[{"href":"https:\/\/www.ratani.in\/pt\/wp-json\/wp\/v2\/pages\/689"}],"collection":[{"href":"https:\/\/www.ratani.in\/pt\/wp-json\/wp\/v2\/pages"}],"about":[{"href":"https:\/\/www.ratani.in\/pt\/wp-json\/wp\/v2\/types\/page"}],"author":[{"embeddable":true,"href":"https:\/\/www.ratani.in\/pt\/wp-json\/wp\/v2\/users\/1"}],"replies":[{"embeddable":true,"href":"https:\/\/www.ratani.in\/pt\/wp-json\/wp\/v2\/comments?post=689"}],"version-history":[{"count":9,"href":"https:\/\/www.ratani.in\/pt\/wp-json\/wp\/v2\/pages\/689\/revisions"}],"predecessor-version":[{"id":2457,"href":"https:\/\/www.ratani.in\/pt\/wp-json\/wp\/v2\/pages\/689\/revisions\/2457"}],"wp:featuredmedia":[{"embeddable":true,"href":"https:\/\/www.ratani.in\/pt\/wp-json\/wp\/v2\/media\/697"}],"wp:attachment":[{"href":"https:\/\/www.ratani.in\/pt\/wp-json\/wp\/v2\/media?parent=689"}],"curies":[{"name":"wp","href":"https:\/\/api.w.org\/{rel}","templated":true}]}}