{"id":699,"date":"2023-08-17T09:31:26","date_gmt":"2023-08-17T09:31:26","guid":{"rendered":"https:\/\/www.ratani.in\/?page_id=699"},"modified":"2023-09-01T12:34:59","modified_gmt":"2023-09-01T12:34:59","slug":"godhra-grey-granite-manufacturer-and-exporter","status":"publish","type":"page","link":"https:\/\/www.ratani.in\/pt\/godhra-grey-granite-manufacturer-and-exporter\/","title":{"rendered":"Granito Godhra cinza"},"content":{"rendered":"<p>O Granito Godhra cinza da \u00cdndia \u00e9 um tipo de granito que tem suas pedreiras de granito em Gujarat, \u00cdndia. \u00c9 uma pedra natural popular conhecida por sua apar\u00eancia elegante e aplica\u00e7\u00f5es vers\u00e1teis.<\/p>\n<p>Este Granito Cinza Indiano extra\u00eddo na \u00cdndia apresenta principalmente uma paleta de cores cinza com tons variados, que v\u00e3o de claro a escuro. Frequentemente exibe um padr\u00e3o consistente e uniforme, com veias ou pontos m\u00ednimos. Essa caracter\u00edstica confere um visual moderno e contempor\u00e2neo.<\/p>\n<p>A textura do Granito Godhra cinza \u00e9 tipicamente de gr\u00e3o m\u00e9dio a grosso, proporcionando uma sensa\u00e7\u00e3o t\u00e1til distinta. Ele possui um brilho natural que aprimora seu apelo est\u00e9tico geral. A durabilidade deste granito o torna adequado para uma ampla gama de aplica\u00e7\u00f5es, incluindo bancadas, pisos, revestimentos de parede e fachadas exteriores.<\/p>\n","protected":false},"excerpt":{"rendered":"<p>O Granito Godhra cinza da \u00cdndia \u00e9 um tipo de granito que tem suas pedreiras de granito em Gujarat, \u00cdndia. \u00c9 uma pedra natural popular conhecida por sua apar\u00eancia elegante e aplica\u00e7\u00f5es vers\u00e1teis. Este Granito Cinza Indiano extra\u00eddo na \u00cdndia apresenta principalmente uma paleta de cores cinza com tons variados, que v\u00e3o de claro a &hellip; <a href=\"https:\/\/www.ratani.in\/pt\/godhra-grey-granite-manufacturer-and-exporter\/\" class=\"more-link\">Continue reading<span class=\"screen-reader-text\"> &#8220;Granito Godhra cinza&#8221;<\/span><\/a><\/p>\n","protected":false},"author":1,"featured_media":705,"parent":0,"menu_order":0,"comment_status":"closed","ping_status":"closed","template":"page-templates\/product.php","meta":{"footnotes":""},"translation":{"provider":"WPGlobus","version":"2.12.2","language":"pt","enabled_languages":["en","es","fr","ru","ar","zh","pt"],"languages":{"en":{"title":true,"content":true,"excerpt":false},"es":{"title":true,"content":true,"excerpt":false},"fr":{"title":true,"content":true,"excerpt":false},"ru":{"title":true,"content":true,"excerpt":false},"ar":{"title":true,"content":true,"excerpt":false},"zh":{"title":true,"content":true,"excerpt":false},"pt":{"title":true,"content":true,"excerpt":false}}},"acf":[],"_links":{"self":[{"href":"https:\/\/www.ratani.in\/pt\/wp-json\/wp\/v2\/pages\/699"}],"collection":[{"href":"https:\/\/www.ratani.in\/pt\/wp-json\/wp\/v2\/pages"}],"about":[{"href":"https:\/\/www.ratani.in\/pt\/wp-json\/wp\/v2\/types\/page"}],"author":[{"embeddable":true,"href":"https:\/\/www.ratani.in\/pt\/wp-json\/wp\/v2\/users\/1"}],"replies":[{"embeddable":true,"href":"https:\/\/www.ratani.in\/pt\/wp-json\/wp\/v2\/comments?post=699"}],"version-history":[{"count":11,"href":"https:\/\/www.ratani.in\/pt\/wp-json\/wp\/v2\/pages\/699\/revisions"}],"predecessor-version":[{"id":2467,"href":"https:\/\/www.ratani.in\/pt\/wp-json\/wp\/v2\/pages\/699\/revisions\/2467"}],"wp:featuredmedia":[{"embeddable":true,"href":"https:\/\/www.ratani.in\/pt\/wp-json\/wp\/v2\/media\/705"}],"wp:attachment":[{"href":"https:\/\/www.ratani.in\/pt\/wp-json\/wp\/v2\/media?parent=699"}],"curies":[{"name":"wp","href":"https:\/\/api.w.org\/{rel}","templated":true}]}}