{"id":729,"date":"2023-08-17T09:39:13","date_gmt":"2023-08-17T09:39:13","guid":{"rendered":"https:\/\/www.ratani.in\/?page_id=729"},"modified":"2023-09-01T12:38:32","modified_gmt":"2023-09-01T12:38:32","slug":"steel-grey-granite-manufacturer-and-exporter","status":"publish","type":"page","link":"https:\/\/www.ratani.in\/pt\/steel-grey-granite-manufacturer-and-exporter\/","title":{"rendered":"Granito Steel cinza"},"content":{"rendered":"<p>O Granito Steel cinza da \u00cdndia \u00e9 uma pedra natural refinada e vers\u00e1til conhecida por sua apar\u00eancia sofisticada. Possui uma cor de base consistente de cinza m\u00e9dio a escuro, reminiscente da eleg\u00e2ncia fria do a\u00e7o. Este granito frequentemente exibe varia\u00e7\u00f5es sutis de tom e pontos ocasionais de cinza mais claro ou preto, acrescentando profundidade e interesse visual ao design geral. A textura uniforme do Granito Steel cinza real\u00e7a seu visual contempor\u00e2neo e elegante. Este granito cinza \u00e9 usado para uma ampla gama de aplica\u00e7\u00f5es internas e externas. Seja usado para bancadas, pisos ou revestimentos de parede, o Granito Steel Grey adiciona um toque de sofistica\u00e7\u00e3o e modernidade a qualquer espa\u00e7o.<\/p>\n","protected":false},"excerpt":{"rendered":"<p>O Granito Steel cinza da \u00cdndia \u00e9 uma pedra natural refinada e vers\u00e1til conhecida por sua apar\u00eancia sofisticada. Possui uma cor de base consistente de cinza m\u00e9dio a escuro, reminiscente da eleg\u00e2ncia fria do a\u00e7o. Este granito frequentemente exibe varia\u00e7\u00f5es sutis de tom e pontos ocasionais de cinza mais claro ou preto, acrescentando profundidade e &hellip; <a href=\"https:\/\/www.ratani.in\/pt\/steel-grey-granite-manufacturer-and-exporter\/\" class=\"more-link\">Continue reading<span class=\"screen-reader-text\"> &#8220;Granito Steel cinza&#8221;<\/span><\/a><\/p>\n","protected":false},"author":1,"featured_media":1053,"parent":0,"menu_order":0,"comment_status":"closed","ping_status":"closed","template":"page-templates\/product.php","meta":{"footnotes":""},"translation":{"provider":"WPGlobus","version":"2.12.2","language":"pt","enabled_languages":["en","es","fr","ru","ar","zh","pt"],"languages":{"en":{"title":true,"content":true,"excerpt":false},"es":{"title":true,"content":true,"excerpt":false},"fr":{"title":true,"content":true,"excerpt":false},"ru":{"title":true,"content":true,"excerpt":false},"ar":{"title":true,"content":true,"excerpt":false},"zh":{"title":true,"content":true,"excerpt":false},"pt":{"title":true,"content":true,"excerpt":false}}},"acf":[],"_links":{"self":[{"href":"https:\/\/www.ratani.in\/pt\/wp-json\/wp\/v2\/pages\/729"}],"collection":[{"href":"https:\/\/www.ratani.in\/pt\/wp-json\/wp\/v2\/pages"}],"about":[{"href":"https:\/\/www.ratani.in\/pt\/wp-json\/wp\/v2\/types\/page"}],"author":[{"embeddable":true,"href":"https:\/\/www.ratani.in\/pt\/wp-json\/wp\/v2\/users\/1"}],"replies":[{"embeddable":true,"href":"https:\/\/www.ratani.in\/pt\/wp-json\/wp\/v2\/comments?post=729"}],"version-history":[{"count":10,"href":"https:\/\/www.ratani.in\/pt\/wp-json\/wp\/v2\/pages\/729\/revisions"}],"predecessor-version":[{"id":2473,"href":"https:\/\/www.ratani.in\/pt\/wp-json\/wp\/v2\/pages\/729\/revisions\/2473"}],"wp:featuredmedia":[{"embeddable":true,"href":"https:\/\/www.ratani.in\/pt\/wp-json\/wp\/v2\/media\/1053"}],"wp:attachment":[{"href":"https:\/\/www.ratani.in\/pt\/wp-json\/wp\/v2\/media?parent=729"}],"curies":[{"name":"wp","href":"https:\/\/api.w.org\/{rel}","templated":true}]}}