{"id":73,"date":"2023-08-09T07:20:57","date_gmt":"2023-08-09T07:20:57","guid":{"rendered":"https:\/\/www.ratani.in\/?page_id=73"},"modified":"2023-09-05T12:14:02","modified_gmt":"2023-09-05T12:14:02","slug":"bassi-black-granite-manufacturer-and-exporter","status":"publish","type":"page","link":"https:\/\/www.ratani.in\/pt\/bassi-black-granite-manufacturer-and-exporter\/","title":{"rendered":"Granito preto Bassi"},"content":{"rendered":"<p>O Granito Preto Bassi da \u00cdndia \u00e9 uma variedade popular de granito que tem suas minas em Rajasthan, na \u00cdndia. \u00c9 conhecido por sua cor preta profunda e caracter\u00edsticas distintas.<\/p>\n<p>O Granito Preto Bassi na \u00cdndia geralmente apresenta um fundo preto consistente e uniforme, o que lhe confere uma apar\u00eancia elegante e sofisticada. A textura deste granito costuma ser de m\u00e9dia a grosseira, proporcionando uma sensa\u00e7\u00e3o t\u00e1til e natural.<br \/>\nO que diferencia o Granito Preto Bassi \u00e9 seu padr\u00e3o \u00fanico. Frequentemente exibe manchas brancas, marrons ou cinza claro marcantes na superf\u00edcie que atravessam o fundo preto. Essas manchas podem variar em espessura e distribui\u00e7\u00e3o, criando designs intrincados e chamativos na superf\u00edcie da pedra.<\/p>\n<p>Esta variedade de granito \u00e9 altamente dur\u00e1vel e adequada para uma ampla gama de aplica\u00e7\u00f5es. \u00c9 comumente usado para bancadas de cozinha, tampos de vaidade de banheiro, pisos, revestimentos de parede e outros projetos de design de interiores e exteriores.<\/p>\n","protected":false},"excerpt":{"rendered":"<p>O Granito Preto Bassi da \u00cdndia \u00e9 uma variedade popular de granito que tem suas minas em Rajasthan, na \u00cdndia. \u00c9 conhecido por sua cor preta profunda e caracter\u00edsticas distintas. O Granito Preto Bassi na \u00cdndia geralmente apresenta um fundo preto consistente e uniforme, o que lhe confere uma apar\u00eancia elegante e sofisticada. A textura &hellip; <a href=\"https:\/\/www.ratani.in\/pt\/bassi-black-granite-manufacturer-and-exporter\/\" class=\"more-link\">Continue reading<span class=\"screen-reader-text\"> &#8220;Granito preto Bassi&#8221;<\/span><\/a><\/p>\n","protected":false},"author":1,"featured_media":77,"parent":0,"menu_order":0,"comment_status":"closed","ping_status":"closed","template":"page-templates\/product.php","meta":{"footnotes":""},"translation":{"provider":"WPGlobus","version":"2.12.2","language":"pt","enabled_languages":["en","es","fr","ru","ar","zh","pt"],"languages":{"en":{"title":true,"content":true,"excerpt":false},"es":{"title":true,"content":true,"excerpt":false},"fr":{"title":true,"content":true,"excerpt":false},"ru":{"title":true,"content":true,"excerpt":false},"ar":{"title":true,"content":true,"excerpt":false},"zh":{"title":true,"content":true,"excerpt":false},"pt":{"title":true,"content":true,"excerpt":false}}},"acf":[],"_links":{"self":[{"href":"https:\/\/www.ratani.in\/pt\/wp-json\/wp\/v2\/pages\/73"}],"collection":[{"href":"https:\/\/www.ratani.in\/pt\/wp-json\/wp\/v2\/pages"}],"about":[{"href":"https:\/\/www.ratani.in\/pt\/wp-json\/wp\/v2\/types\/page"}],"author":[{"embeddable":true,"href":"https:\/\/www.ratani.in\/pt\/wp-json\/wp\/v2\/users\/1"}],"replies":[{"embeddable":true,"href":"https:\/\/www.ratani.in\/pt\/wp-json\/wp\/v2\/comments?post=73"}],"version-history":[{"count":18,"href":"https:\/\/www.ratani.in\/pt\/wp-json\/wp\/v2\/pages\/73\/revisions"}],"predecessor-version":[{"id":2538,"href":"https:\/\/www.ratani.in\/pt\/wp-json\/wp\/v2\/pages\/73\/revisions\/2538"}],"wp:featuredmedia":[{"embeddable":true,"href":"https:\/\/www.ratani.in\/pt\/wp-json\/wp\/v2\/media\/77"}],"wp:attachment":[{"href":"https:\/\/www.ratani.in\/pt\/wp-json\/wp\/v2\/media?parent=73"}],"curies":[{"name":"wp","href":"https:\/\/api.w.org\/{rel}","templated":true}]}}