{"id":759,"date":"2023-08-17T09:49:31","date_gmt":"2023-08-17T09:49:31","guid":{"rendered":"https:\/\/www.ratani.in\/?page_id=759"},"modified":"2023-09-01T11:50:56","modified_gmt":"2023-09-01T11:50:56","slug":"astoria-ivory-granite-manufacturer-and-exporter","status":"publish","type":"page","link":"https:\/\/www.ratani.in\/pt\/astoria-ivory-granite-manufacturer-and-exporter\/","title":{"rendered":"Granito Astoria Marfim"},"content":{"rendered":"<p>O Granito Astoria Marfim da \u00cdndia apresenta uma cor base de marfim claro ou bege cremoso, com varia\u00e7\u00f5es sutis e manchas ocasionais de tons mais escuros de marrom ou cinza. Os padr\u00f5es intrincados dentro do Granito Astoria Marfim assemelham-se a ondas suaves ou pinceladas suaves, adicionando profundidade e interesse visual \u00e0 sua apar\u00eancia geral. Como empresa de granito no sul da \u00cdndia, oferecemos a paleta de cores neutras e vers\u00e1teis deste granito que permite que ele se misture perfeitamente com uma ampla variedade de estilos de design, do tradicional ao contempor\u00e2neo. O granito Astoria Marfim \u00e9 frequentemente usado para bancadas, revestimentos de parede e pe\u00e7as de destaque, pois traz um toque de beleza atemporal e refinamento a qualquer espa\u00e7o.<\/p>\n","protected":false},"excerpt":{"rendered":"<p>O Granito Astoria Marfim da \u00cdndia apresenta uma cor base de marfim claro ou bege cremoso, com varia\u00e7\u00f5es sutis e manchas ocasionais de tons mais escuros de marrom ou cinza. Os padr\u00f5es intrincados dentro do Granito Astoria Marfim assemelham-se a ondas suaves ou pinceladas suaves, adicionando profundidade e interesse visual \u00e0 sua apar\u00eancia geral. Como &hellip; <a href=\"https:\/\/www.ratani.in\/pt\/astoria-ivory-granite-manufacturer-and-exporter\/\" class=\"more-link\">Continue reading<span class=\"screen-reader-text\"> &#8220;Granito Astoria Marfim&#8221;<\/span><\/a><\/p>\n","protected":false},"author":1,"featured_media":765,"parent":0,"menu_order":0,"comment_status":"closed","ping_status":"closed","template":"page-templates\/product.php","meta":{"footnotes":""},"translation":{"provider":"WPGlobus","version":"2.12.2","language":"pt","enabled_languages":["en","es","fr","ru","ar","zh","pt"],"languages":{"en":{"title":true,"content":true,"excerpt":false},"es":{"title":true,"content":true,"excerpt":false},"fr":{"title":true,"content":true,"excerpt":false},"ru":{"title":true,"content":true,"excerpt":false},"ar":{"title":true,"content":true,"excerpt":false},"zh":{"title":true,"content":true,"excerpt":false},"pt":{"title":true,"content":true,"excerpt":false}}},"acf":[],"_links":{"self":[{"href":"https:\/\/www.ratani.in\/pt\/wp-json\/wp\/v2\/pages\/759"}],"collection":[{"href":"https:\/\/www.ratani.in\/pt\/wp-json\/wp\/v2\/pages"}],"about":[{"href":"https:\/\/www.ratani.in\/pt\/wp-json\/wp\/v2\/types\/page"}],"author":[{"embeddable":true,"href":"https:\/\/www.ratani.in\/pt\/wp-json\/wp\/v2\/users\/1"}],"replies":[{"embeddable":true,"href":"https:\/\/www.ratani.in\/pt\/wp-json\/wp\/v2\/comments?post=759"}],"version-history":[{"count":9,"href":"https:\/\/www.ratani.in\/pt\/wp-json\/wp\/v2\/pages\/759\/revisions"}],"predecessor-version":[{"id":2516,"href":"https:\/\/www.ratani.in\/pt\/wp-json\/wp\/v2\/pages\/759\/revisions\/2516"}],"wp:featuredmedia":[{"embeddable":true,"href":"https:\/\/www.ratani.in\/pt\/wp-json\/wp\/v2\/media\/765"}],"wp:attachment":[{"href":"https:\/\/www.ratani.in\/pt\/wp-json\/wp\/v2\/media?parent=759"}],"curies":[{"name":"wp","href":"https:\/\/api.w.org\/{rel}","templated":true}]}}