{"id":779,"date":"2023-08-17T09:52:52","date_gmt":"2023-08-17T09:52:52","guid":{"rendered":"https:\/\/www.ratani.in\/?page_id=779"},"modified":"2023-09-01T11:46:33","modified_gmt":"2023-09-01T11:46:33","slug":"ivory-brown-granite-manufacturer-and-exporter","status":"publish","type":"page","link":"https:\/\/www.ratani.in\/pt\/ivory-brown-granite-manufacturer-and-exporter\/","title":{"rendered":"Granito Marfim Brown"},"content":{"rendered":"<p>O Granito Marfim Brown da \u00cdndia \u00e9 uma pedra natural cativante conhecida por seus tons quentes e terrosos. Possui uma cor de base cremosa ou bege com padr\u00f5es intricados e veias em tons de marrom, variando de claro a escuro. A combina\u00e7\u00e3o de tons de marfim e marrom cria uma sensa\u00e7\u00e3o de profundidade e adiciona um toque de eleg\u00e2ncia a qualquer espa\u00e7o. Os padr\u00f5es dentro do Granito Marfim Brown podem se assemelhar a ondas, redemoinhos ou veias, criando uma superf\u00edcie visualmente din\u00e2mica e atraente. Este granito, que est\u00e1 dispon\u00edvel como lajes de granito Gangsaw no sul da \u00cdndia, \u00e9 frequentemente usado para bancadas, pain\u00e9is de respingos e pe\u00e7as de destaque, pois complementa facilmente v\u00e1rios estilos de design, do tradicional ao contempor\u00e2neo.<\/p>\n","protected":false},"excerpt":{"rendered":"<p>O Granito Marfim Brown da \u00cdndia \u00e9 uma pedra natural cativante conhecida por seus tons quentes e terrosos. Possui uma cor de base cremosa ou bege com padr\u00f5es intricados e veias em tons de marrom, variando de claro a escuro. A combina\u00e7\u00e3o de tons de marfim e marrom cria uma sensa\u00e7\u00e3o de profundidade e adiciona &hellip; <a href=\"https:\/\/www.ratani.in\/pt\/ivory-brown-granite-manufacturer-and-exporter\/\" class=\"more-link\">Continue reading<span class=\"screen-reader-text\"> &#8220;Granito Marfim Brown&#8221;<\/span><\/a><\/p>\n","protected":false},"author":1,"featured_media":786,"parent":0,"menu_order":0,"comment_status":"closed","ping_status":"closed","template":"page-templates\/product.php","meta":{"footnotes":""},"translation":{"provider":"WPGlobus","version":"2.12.2","language":"pt","enabled_languages":["en","es","fr","ru","ar","zh","pt"],"languages":{"en":{"title":true,"content":true,"excerpt":false},"es":{"title":true,"content":true,"excerpt":false},"fr":{"title":true,"content":true,"excerpt":false},"ru":{"title":true,"content":true,"excerpt":false},"ar":{"title":true,"content":true,"excerpt":false},"zh":{"title":true,"content":true,"excerpt":false},"pt":{"title":true,"content":true,"excerpt":false}}},"acf":[],"_links":{"self":[{"href":"https:\/\/www.ratani.in\/pt\/wp-json\/wp\/v2\/pages\/779"}],"collection":[{"href":"https:\/\/www.ratani.in\/pt\/wp-json\/wp\/v2\/pages"}],"about":[{"href":"https:\/\/www.ratani.in\/pt\/wp-json\/wp\/v2\/types\/page"}],"author":[{"embeddable":true,"href":"https:\/\/www.ratani.in\/pt\/wp-json\/wp\/v2\/users\/1"}],"replies":[{"embeddable":true,"href":"https:\/\/www.ratani.in\/pt\/wp-json\/wp\/v2\/comments?post=779"}],"version-history":[{"count":11,"href":"https:\/\/www.ratani.in\/pt\/wp-json\/wp\/v2\/pages\/779\/revisions"}],"predecessor-version":[{"id":2499,"href":"https:\/\/www.ratani.in\/pt\/wp-json\/wp\/v2\/pages\/779\/revisions\/2499"}],"wp:featuredmedia":[{"embeddable":true,"href":"https:\/\/www.ratani.in\/pt\/wp-json\/wp\/v2\/media\/786"}],"wp:attachment":[{"href":"https:\/\/www.ratani.in\/pt\/wp-json\/wp\/v2\/media?parent=779"}],"curies":[{"name":"wp","href":"https:\/\/api.w.org\/{rel}","templated":true}]}}