{"id":789,"date":"2023-08-17T09:54:50","date_gmt":"2023-08-17T09:54:50","guid":{"rendered":"https:\/\/www.ratani.in\/?page_id=789"},"modified":"2023-09-01T11:59:06","modified_gmt":"2023-09-01T11:59:06","slug":"monalisa-granite-manufacturer-and-exporter","status":"publish","type":"page","link":"https:\/\/www.ratani.in\/pt\/monalisa-granite-manufacturer-and-exporter\/","title":{"rendered":"Granito Monalisa"},"content":{"rendered":"<p>O Granito Monalisa da \u00cdndia \u00e9 uma pedra natural cativante conhecida por sua beleza requintada e padr\u00f5es \u00fanicos. Possui uma paleta de cores quentes e terrosas, predominantemente composta por tons de marrom, bege e cinza. Os padr\u00f5es intrincados e as veias dentro do Granito Monalisa assemelham-se a pinceladas em uma tela, criando uma apar\u00eancia visualmente deslumbrante e din\u00e2mica. A pedra frequentemente exibe uma mistura de padr\u00f5es ondulados, manchas ocasionais e ondas sutis de cores diferentes, real\u00e7ando seu charme geral. O Granito Monalisa \u00e9 frequentemente usado para bancadas, pisos e pe\u00e7as de destaque, pois adiciona um toque de eleg\u00e2ncia e sofistica\u00e7\u00e3o a qualquer espa\u00e7o.<\/p>\n<p>Sua versatilidade permite que ele complemente diversos estilos de design, do tradicional ao contempor\u00e2neo. Com sua durabilidade, apelo atemporal e est\u00e9tica \u00fanica, este Granito Monalisa em forma de laje de Gangsaw na \u00cdndia pode transformar qualquer aplica\u00e7\u00e3o de design interior ou exterior em uma obra-prima visualmente cativante.<\/p>\n","protected":false},"excerpt":{"rendered":"<p>O Granito Monalisa da \u00cdndia \u00e9 uma pedra natural cativante conhecida por sua beleza requintada e padr\u00f5es \u00fanicos. Possui uma paleta de cores quentes e terrosas, predominantemente composta por tons de marrom, bege e cinza. Os padr\u00f5es intrincados e as veias dentro do Granito Monalisa assemelham-se a pinceladas em uma tela, criando uma apar\u00eancia visualmente &hellip; <a href=\"https:\/\/www.ratani.in\/pt\/monalisa-granite-manufacturer-and-exporter\/\" class=\"more-link\">Continue reading<span class=\"screen-reader-text\"> &#8220;Granito Monalisa&#8221;<\/span><\/a><\/p>\n","protected":false},"author":1,"featured_media":795,"parent":0,"menu_order":0,"comment_status":"closed","ping_status":"closed","template":"page-templates\/product.php","meta":{"footnotes":""},"translation":{"provider":"WPGlobus","version":"2.12.2","language":"pt","enabled_languages":["en","es","fr","ru","ar","zh","pt"],"languages":{"en":{"title":true,"content":true,"excerpt":false},"es":{"title":true,"content":true,"excerpt":false},"fr":{"title":true,"content":true,"excerpt":false},"ru":{"title":true,"content":true,"excerpt":false},"ar":{"title":true,"content":true,"excerpt":false},"zh":{"title":true,"content":true,"excerpt":false},"pt":{"title":true,"content":true,"excerpt":false}}},"acf":[],"_links":{"self":[{"href":"https:\/\/www.ratani.in\/pt\/wp-json\/wp\/v2\/pages\/789"}],"collection":[{"href":"https:\/\/www.ratani.in\/pt\/wp-json\/wp\/v2\/pages"}],"about":[{"href":"https:\/\/www.ratani.in\/pt\/wp-json\/wp\/v2\/types\/page"}],"author":[{"embeddable":true,"href":"https:\/\/www.ratani.in\/pt\/wp-json\/wp\/v2\/users\/1"}],"replies":[{"embeddable":true,"href":"https:\/\/www.ratani.in\/pt\/wp-json\/wp\/v2\/comments?post=789"}],"version-history":[{"count":12,"href":"https:\/\/www.ratani.in\/pt\/wp-json\/wp\/v2\/pages\/789\/revisions"}],"predecessor-version":[{"id":2533,"href":"https:\/\/www.ratani.in\/pt\/wp-json\/wp\/v2\/pages\/789\/revisions\/2533"}],"wp:featuredmedia":[{"embeddable":true,"href":"https:\/\/www.ratani.in\/pt\/wp-json\/wp\/v2\/media\/795"}],"wp:attachment":[{"href":"https:\/\/www.ratani.in\/pt\/wp-json\/wp\/v2\/media?parent=789"}],"curies":[{"name":"wp","href":"https:\/\/api.w.org\/{rel}","templated":true}]}}