{"id":799,"date":"2023-08-17T09:56:50","date_gmt":"2023-08-17T09:56:50","guid":{"rendered":"https:\/\/www.ratani.in\/?page_id=799"},"modified":"2023-09-01T12:01:10","modified_gmt":"2023-09-01T12:01:10","slug":"tiger-skin-granite-manufacturer-and-exporter","status":"publish","type":"page","link":"https:\/\/www.ratani.in\/pt\/tiger-skin-granite-manufacturer-and-exporter\/","title":{"rendered":"Granito Tiger Skin"},"content":{"rendered":"<p>O Granito Tiger Skin da \u00cdndia \u00e9 um tipo de granito conhecido por sua apar\u00eancia distintiva e marcante, que se assemelha ao padr\u00e3o e textura da pele de um tigre. Tipicamente apresenta uma paleta de cores quentes e terrosas, com uma combina\u00e7\u00e3o de fundo dourado ou bege e marcas escuras de marrom ou preto. Essas marcas frequentemente se assemelham \u00e0s listras ou manchas irregulares encontradas na pelagem de um tigre, da\u00ed o nome &#8220;Tiger Skin&#8221; granite. Como empresa de granito em Kishangarh, oferecemos este granito que possui padr\u00f5es que podem variar de laje para laje, criando um visual \u00fanico e din\u00e2mico. O granito Tiger Skin \u00e9 altamente apreciado pelos exportadores de granito em Kishangarh, pois \u00e9 comumente usado em bancadas, pisos, revestimentos de parede e outras aplica\u00e7\u00f5es internas e externas. Sua apar\u00eancia ousada e cativante adiciona profundidade e interesse visual a qualquer espa\u00e7o, tornando-o uma escolha popular para aqueles que buscam um elemento de design dram\u00e1tico e chamativo.<\/p>\n","protected":false},"excerpt":{"rendered":"<p>O Granito Tiger Skin da \u00cdndia \u00e9 um tipo de granito conhecido por sua apar\u00eancia distintiva e marcante, que se assemelha ao padr\u00e3o e textura da pele de um tigre. Tipicamente apresenta uma paleta de cores quentes e terrosas, com uma combina\u00e7\u00e3o de fundo dourado ou bege e marcas escuras de marrom ou preto. Essas &hellip; <a href=\"https:\/\/www.ratani.in\/pt\/tiger-skin-granite-manufacturer-and-exporter\/\" class=\"more-link\">Continue reading<span class=\"screen-reader-text\"> &#8220;Granito Tiger Skin&#8221;<\/span><\/a><\/p>\n","protected":false},"author":1,"featured_media":802,"parent":0,"menu_order":0,"comment_status":"closed","ping_status":"closed","template":"page-templates\/product.php","meta":{"footnotes":""},"translation":{"provider":"WPGlobus","version":"2.12.2","language":"pt","enabled_languages":["en","es","fr","ru","ar","zh","pt"],"languages":{"en":{"title":true,"content":true,"excerpt":false},"es":{"title":true,"content":true,"excerpt":false},"fr":{"title":true,"content":true,"excerpt":false},"ru":{"title":true,"content":true,"excerpt":false},"ar":{"title":true,"content":true,"excerpt":false},"zh":{"title":true,"content":true,"excerpt":false},"pt":{"title":true,"content":true,"excerpt":false}}},"acf":[],"_links":{"self":[{"href":"https:\/\/www.ratani.in\/pt\/wp-json\/wp\/v2\/pages\/799"}],"collection":[{"href":"https:\/\/www.ratani.in\/pt\/wp-json\/wp\/v2\/pages"}],"about":[{"href":"https:\/\/www.ratani.in\/pt\/wp-json\/wp\/v2\/types\/page"}],"author":[{"embeddable":true,"href":"https:\/\/www.ratani.in\/pt\/wp-json\/wp\/v2\/users\/1"}],"replies":[{"embeddable":true,"href":"https:\/\/www.ratani.in\/pt\/wp-json\/wp\/v2\/comments?post=799"}],"version-history":[{"count":10,"href":"https:\/\/www.ratani.in\/pt\/wp-json\/wp\/v2\/pages\/799\/revisions"}],"predecessor-version":[{"id":2523,"href":"https:\/\/www.ratani.in\/pt\/wp-json\/wp\/v2\/pages\/799\/revisions\/2523"}],"wp:featuredmedia":[{"embeddable":true,"href":"https:\/\/www.ratani.in\/pt\/wp-json\/wp\/v2\/media\/802"}],"wp:attachment":[{"href":"https:\/\/www.ratani.in\/pt\/wp-json\/wp\/v2\/media?parent=799"}],"curies":[{"name":"wp","href":"https:\/\/api.w.org\/{rel}","templated":true}]}}