{"id":809,"date":"2023-08-17T10:05:36","date_gmt":"2023-08-17T10:05:36","guid":{"rendered":"https:\/\/www.ratani.in\/?page_id=809"},"modified":"2023-09-01T12:42:27","modified_gmt":"2023-09-01T12:42:27","slug":"alaska-pink-granite-manufacturer-and-exporter","status":"publish","type":"page","link":"https:\/\/www.ratani.in\/pt\/alaska-pink-granite-manufacturer-and-exporter\/","title":{"rendered":"Granito Alaska rosa"},"content":{"rendered":"<p>O Granito Alaska rosa \u00e9 uma pedra natural distinta com pedreiras de granito no Norte da \u00cdndia, conhecido por sua apar\u00eancia \u00fanica e chamativa. Ele apresenta uma cor de base predominantemente rosa com tons variados de rosa, que v\u00e3o de tons p\u00e1lidos a tons rosados profundos. O granito tamb\u00e9m pode exibir varia\u00e7\u00f5es sutis de branco, cinza ou preto em seus padr\u00f5es e veios. Os padr\u00f5es dentro do Granito Alaska Pink podem ser veios, redemoinhos ou pontilhados, criando uma superf\u00edcie visualmente din\u00e2mica e cativante. Este granito traz uma sensa\u00e7\u00e3o de calor e vivacidade a qualquer espa\u00e7o, tornando-o uma escolha popular para bancadas, pisos e pe\u00e7as de destaque.<\/p>\n","protected":false},"excerpt":{"rendered":"<p>O Granito Alaska rosa \u00e9 uma pedra natural distinta com pedreiras de granito no Norte da \u00cdndia, conhecido por sua apar\u00eancia \u00fanica e chamativa. Ele apresenta uma cor de base predominantemente rosa com tons variados de rosa, que v\u00e3o de tons p\u00e1lidos a tons rosados profundos. O granito tamb\u00e9m pode exibir varia\u00e7\u00f5es sutis de branco, &hellip; <a href=\"https:\/\/www.ratani.in\/pt\/alaska-pink-granite-manufacturer-and-exporter\/\" class=\"more-link\">Continue reading<span class=\"screen-reader-text\"> &#8220;Granito Alaska rosa&#8221;<\/span><\/a><\/p>\n","protected":false},"author":1,"featured_media":810,"parent":0,"menu_order":0,"comment_status":"closed","ping_status":"closed","template":"page-templates\/product.php","meta":{"footnotes":""},"translation":{"provider":"WPGlobus","version":"2.12.2","language":"pt","enabled_languages":["en","es","fr","ru","ar","zh","pt"],"languages":{"en":{"title":true,"content":true,"excerpt":false},"es":{"title":true,"content":true,"excerpt":false},"fr":{"title":true,"content":true,"excerpt":false},"ru":{"title":true,"content":true,"excerpt":false},"ar":{"title":true,"content":true,"excerpt":false},"zh":{"title":true,"content":true,"excerpt":false},"pt":{"title":true,"content":true,"excerpt":false}}},"acf":[],"_links":{"self":[{"href":"https:\/\/www.ratani.in\/pt\/wp-json\/wp\/v2\/pages\/809"}],"collection":[{"href":"https:\/\/www.ratani.in\/pt\/wp-json\/wp\/v2\/pages"}],"about":[{"href":"https:\/\/www.ratani.in\/pt\/wp-json\/wp\/v2\/types\/page"}],"author":[{"embeddable":true,"href":"https:\/\/www.ratani.in\/pt\/wp-json\/wp\/v2\/users\/1"}],"replies":[{"embeddable":true,"href":"https:\/\/www.ratani.in\/pt\/wp-json\/wp\/v2\/comments?post=809"}],"version-history":[{"count":9,"href":"https:\/\/www.ratani.in\/pt\/wp-json\/wp\/v2\/pages\/809\/revisions"}],"predecessor-version":[{"id":1924,"href":"https:\/\/www.ratani.in\/pt\/wp-json\/wp\/v2\/pages\/809\/revisions\/1924"}],"wp:featuredmedia":[{"embeddable":true,"href":"https:\/\/www.ratani.in\/pt\/wp-json\/wp\/v2\/media\/810"}],"wp:attachment":[{"href":"https:\/\/www.ratani.in\/pt\/wp-json\/wp\/v2\/media?parent=809"}],"curies":[{"name":"wp","href":"https:\/\/api.w.org\/{rel}","templated":true}]}}