{"id":819,"date":"2023-08-17T10:07:31","date_gmt":"2023-08-17T10:07:31","guid":{"rendered":"https:\/\/www.ratani.in\/?page_id=819"},"modified":"2023-09-01T12:39:59","modified_gmt":"2023-09-01T12:39:59","slug":"chima-pink-granite-manufacturer-and-exporter","status":"publish","type":"page","link":"https:\/\/www.ratani.in\/pt\/chima-pink-granite-manufacturer-and-exporter\/","title":{"rendered":"Granito Chima rosa"},"content":{"rendered":"<p>O Granito Chima rosa da \u00cdndia \u00e9 um tipo de granito conhecido por sua colora\u00e7\u00e3o rosa \u00fanica e padr\u00f5es distintos. Ele apresenta uma base predominantemente rosa com tons e intensidade variados, que v\u00e3o de tons de rosa claro a m\u00e9dio. A pedra tamb\u00e9m pode exibir padr\u00f5es intricados, veios ou pontos em tons complementares de branco, cinza ou at\u00e9 mesmo preto. Importar granito de Rajasthan como o Chima rosa \u00e9 usado para bancadas, backsplashes, pisos e outras aplica\u00e7\u00f5es de interiores e exteriores. Seu belo tom de rosa adiciona um toque de eleg\u00e2ncia e calor a qualquer espa\u00e7o, tornando-o uma escolha popular para aqueles que buscam uma est\u00e9tica mais suave e convidativa.<\/p>\n","protected":false},"excerpt":{"rendered":"<p>O Granito Chima rosa da \u00cdndia \u00e9 um tipo de granito conhecido por sua colora\u00e7\u00e3o rosa \u00fanica e padr\u00f5es distintos. Ele apresenta uma base predominantemente rosa com tons e intensidade variados, que v\u00e3o de tons de rosa claro a m\u00e9dio. A pedra tamb\u00e9m pode exibir padr\u00f5es intricados, veios ou pontos em tons complementares de branco, &hellip; <a href=\"https:\/\/www.ratani.in\/pt\/chima-pink-granite-manufacturer-and-exporter\/\" class=\"more-link\">Continue reading<span class=\"screen-reader-text\"> &#8220;Granito Chima rosa&#8221;<\/span><\/a><\/p>\n","protected":false},"author":1,"featured_media":824,"parent":0,"menu_order":0,"comment_status":"closed","ping_status":"closed","template":"page-templates\/product.php","meta":{"footnotes":""},"translation":{"provider":"WPGlobus","version":"2.12.2","language":"pt","enabled_languages":["en","es","fr","ru","ar","zh","pt"],"languages":{"en":{"title":true,"content":true,"excerpt":false},"es":{"title":true,"content":true,"excerpt":false},"fr":{"title":true,"content":true,"excerpt":false},"ru":{"title":true,"content":true,"excerpt":false},"ar":{"title":true,"content":true,"excerpt":false},"zh":{"title":true,"content":true,"excerpt":false},"pt":{"title":true,"content":true,"excerpt":false}}},"acf":[],"_links":{"self":[{"href":"https:\/\/www.ratani.in\/pt\/wp-json\/wp\/v2\/pages\/819"}],"collection":[{"href":"https:\/\/www.ratani.in\/pt\/wp-json\/wp\/v2\/pages"}],"about":[{"href":"https:\/\/www.ratani.in\/pt\/wp-json\/wp\/v2\/types\/page"}],"author":[{"embeddable":true,"href":"https:\/\/www.ratani.in\/pt\/wp-json\/wp\/v2\/users\/1"}],"replies":[{"embeddable":true,"href":"https:\/\/www.ratani.in\/pt\/wp-json\/wp\/v2\/comments?post=819"}],"version-history":[{"count":9,"href":"https:\/\/www.ratani.in\/pt\/wp-json\/wp\/v2\/pages\/819\/revisions"}],"predecessor-version":[{"id":2548,"href":"https:\/\/www.ratani.in\/pt\/wp-json\/wp\/v2\/pages\/819\/revisions\/2548"}],"wp:featuredmedia":[{"embeddable":true,"href":"https:\/\/www.ratani.in\/pt\/wp-json\/wp\/v2\/media\/824"}],"wp:attachment":[{"href":"https:\/\/www.ratani.in\/pt\/wp-json\/wp\/v2\/media?parent=819"}],"curies":[{"name":"wp","href":"https:\/\/api.w.org\/{rel}","templated":true}]}}