{"id":829,"date":"2023-08-17T10:09:36","date_gmt":"2023-08-17T10:09:36","guid":{"rendered":"https:\/\/www.ratani.in\/?page_id=829"},"modified":"2023-09-01T12:41:23","modified_gmt":"2023-09-01T12:41:23","slug":"rosy-pink-granite-manufacturer-and-exporter","status":"publish","type":"page","link":"https:\/\/www.ratani.in\/pt\/rosy-pink-granite-manufacturer-and-exporter\/","title":{"rendered":"Granito Rosy rosa"},"content":{"rendered":"<p>O Granito Rosy rosa da \u00cdndia \u00e9 um tipo de granito com pedreiras de granito na regi\u00e3o de Jalore, Rajasthan, \u00cdndia, conhecido por sua encantadora cor rosa e beleza natural. Ele normalmente apresenta um tom de rosa suave e delicado, lembrando p\u00e9talas de rosa. Se voc\u00ea est\u00e1 procurando comprar granito do Norte da \u00cdndia, o granito Rosy rosa \u00e9 uma excelente escolha. O Granito Rosy rosa frequentemente exibe veios sutis e ocasionalmente pontos ou manchas em cores complementares como branco ou cinza. Seus padr\u00f5es podem variar, desde uma apar\u00eancia uniforme at\u00e9 veios mais intrincados e din\u00e2micos. O Granito Rosy rosa \u00e9 comumente usado em bancadas, pisos, revestimentos de parede e outras aplica\u00e7\u00f5es de interiores e exteriores. Seus tons suaves e reconfortantes de rosa podem criar uma atmosfera calorosa e convidativa em uma variedade de estilos de design, adicionando um toque de eleg\u00e2ncia e charme a qualquer espa\u00e7o.<\/p>\n","protected":false},"excerpt":{"rendered":"<p>O Granito Rosy rosa da \u00cdndia \u00e9 um tipo de granito com pedreiras de granito na regi\u00e3o de Jalore, Rajasthan, \u00cdndia, conhecido por sua encantadora cor rosa e beleza natural. Ele normalmente apresenta um tom de rosa suave e delicado, lembrando p\u00e9talas de rosa. Se voc\u00ea est\u00e1 procurando comprar granito do Norte da \u00cdndia, o &hellip; <a href=\"https:\/\/www.ratani.in\/pt\/rosy-pink-granite-manufacturer-and-exporter\/\" class=\"more-link\">Continue reading<span class=\"screen-reader-text\"> &#8220;Granito Rosy rosa&#8221;<\/span><\/a><\/p>\n","protected":false},"author":1,"featured_media":836,"parent":0,"menu_order":0,"comment_status":"closed","ping_status":"closed","template":"page-templates\/product.php","meta":{"footnotes":""},"translation":{"provider":"WPGlobus","version":"2.12.2","language":"pt","enabled_languages":["en","es","fr","ru","ar","zh","pt"],"languages":{"en":{"title":true,"content":true,"excerpt":false},"es":{"title":true,"content":true,"excerpt":false},"fr":{"title":true,"content":true,"excerpt":false},"ru":{"title":true,"content":true,"excerpt":false},"ar":{"title":true,"content":true,"excerpt":false},"zh":{"title":true,"content":true,"excerpt":false},"pt":{"title":true,"content":true,"excerpt":false}}},"acf":[],"_links":{"self":[{"href":"https:\/\/www.ratani.in\/pt\/wp-json\/wp\/v2\/pages\/829"}],"collection":[{"href":"https:\/\/www.ratani.in\/pt\/wp-json\/wp\/v2\/pages"}],"about":[{"href":"https:\/\/www.ratani.in\/pt\/wp-json\/wp\/v2\/types\/page"}],"author":[{"embeddable":true,"href":"https:\/\/www.ratani.in\/pt\/wp-json\/wp\/v2\/users\/1"}],"replies":[{"embeddable":true,"href":"https:\/\/www.ratani.in\/pt\/wp-json\/wp\/v2\/comments?post=829"}],"version-history":[{"count":11,"href":"https:\/\/www.ratani.in\/pt\/wp-json\/wp\/v2\/pages\/829\/revisions"}],"predecessor-version":[{"id":2549,"href":"https:\/\/www.ratani.in\/pt\/wp-json\/wp\/v2\/pages\/829\/revisions\/2549"}],"wp:featuredmedia":[{"embeddable":true,"href":"https:\/\/www.ratani.in\/pt\/wp-json\/wp\/v2\/media\/836"}],"wp:attachment":[{"href":"https:\/\/www.ratani.in\/pt\/wp-json\/wp\/v2\/media?parent=829"}],"curies":[{"name":"wp","href":"https:\/\/api.w.org\/{rel}","templated":true}]}}