{"id":849,"date":"2023-08-17T10:29:31","date_gmt":"2023-08-17T10:29:31","guid":{"rendered":"https:\/\/www.ratani.in\/?page_id=849"},"modified":"2023-09-01T13:05:49","modified_gmt":"2023-09-01T13:05:49","slug":"jhansi-red-granite-manufacturer-and-exporter","status":"publish","type":"page","link":"https:\/\/www.ratani.in\/pt\/jhansi-red-granite-manufacturer-and-exporter\/","title":{"rendered":"Granito Vermelho Jhansi"},"content":{"rendered":"<p>O Granito Vermelho Jhansi na \u00cdndia \u00e9 uma pedra natural popular e amplamente usada, conhecida por sua cor avermelhada-rosada distinta. O Granito Vermelho Jhansi normalmente apresenta um padr\u00e3o consistente com uma textura de gr\u00e3o fino a m\u00e9dio.<\/p>\n<p>A pedra exibe um tom vermelho vibrante com varia\u00e7\u00f5es de tons, que v\u00e3o desde rosa claro at\u00e9 vermelho profundo. Muitas vezes cont\u00e9m pontos de minerais pretos e cinzas, que adicionam interesse visual e contraste \u00e0 sua apar\u00eancia geral. O Granito Vermelho Jhansi \u00e9 conhecido por sua durabilidade, tornando-o adequado para aplica\u00e7\u00f5es internas e externas.<\/p>\n<p>Como uma empresa de granito no Norte da \u00cdndia, oferecemos este granito para uso comum na ind\u00fastria da constru\u00e7\u00e3o para v\u00e1rios fins, incluindo pisos, bancadas, revestimentos de parede e elementos decorativos. Sua cor quente e convidativa o torna uma escolha popular para adicionar um toque de eleg\u00e2ncia e beleza natural a espa\u00e7os interiores e exteriores.<\/p>\n","protected":false},"excerpt":{"rendered":"<p>O Granito Vermelho Jhansi na \u00cdndia \u00e9 uma pedra natural popular e amplamente usada, conhecida por sua cor avermelhada-rosada distinta. O Granito Vermelho Jhansi normalmente apresenta um padr\u00e3o consistente com uma textura de gr\u00e3o fino a m\u00e9dio. A pedra exibe um tom vermelho vibrante com varia\u00e7\u00f5es de tons, que v\u00e3o desde rosa claro at\u00e9 vermelho &hellip; <a href=\"https:\/\/www.ratani.in\/pt\/jhansi-red-granite-manufacturer-and-exporter\/\" class=\"more-link\">Continue reading<span class=\"screen-reader-text\"> &#8220;Granito Vermelho Jhansi&#8221;<\/span><\/a><\/p>\n","protected":false},"author":1,"featured_media":855,"parent":0,"menu_order":0,"comment_status":"closed","ping_status":"closed","template":"page-templates\/product.php","meta":{"footnotes":""},"translation":{"provider":"WPGlobus","version":"2.12.2","language":"pt","enabled_languages":["en","es","fr","ru","ar","zh","pt"],"languages":{"en":{"title":true,"content":true,"excerpt":false},"es":{"title":true,"content":true,"excerpt":false},"fr":{"title":true,"content":true,"excerpt":false},"ru":{"title":true,"content":true,"excerpt":false},"ar":{"title":true,"content":true,"excerpt":false},"zh":{"title":true,"content":true,"excerpt":false},"pt":{"title":true,"content":true,"excerpt":false}}},"acf":[],"_links":{"self":[{"href":"https:\/\/www.ratani.in\/pt\/wp-json\/wp\/v2\/pages\/849"}],"collection":[{"href":"https:\/\/www.ratani.in\/pt\/wp-json\/wp\/v2\/pages"}],"about":[{"href":"https:\/\/www.ratani.in\/pt\/wp-json\/wp\/v2\/types\/page"}],"author":[{"embeddable":true,"href":"https:\/\/www.ratani.in\/pt\/wp-json\/wp\/v2\/users\/1"}],"replies":[{"embeddable":true,"href":"https:\/\/www.ratani.in\/pt\/wp-json\/wp\/v2\/comments?post=849"}],"version-history":[{"count":10,"href":"https:\/\/www.ratani.in\/pt\/wp-json\/wp\/v2\/pages\/849\/revisions"}],"predecessor-version":[{"id":2416,"href":"https:\/\/www.ratani.in\/pt\/wp-json\/wp\/v2\/pages\/849\/revisions\/2416"}],"wp:featuredmedia":[{"embeddable":true,"href":"https:\/\/www.ratani.in\/pt\/wp-json\/wp\/v2\/media\/855"}],"wp:attachment":[{"href":"https:\/\/www.ratani.in\/pt\/wp-json\/wp\/v2\/media?parent=849"}],"curies":[{"name":"wp","href":"https:\/\/api.w.org\/{rel}","templated":true}]}}