{"id":859,"date":"2023-08-17T10:31:25","date_gmt":"2023-08-17T10:31:25","guid":{"rendered":"https:\/\/www.ratani.in\/?page_id=859"},"modified":"2023-09-01T13:07:42","modified_gmt":"2023-09-01T13:07:42","slug":"lakha-red-granite-manufacturer-and-exporter","status":"publish","type":"page","link":"https:\/\/www.ratani.in\/pt\/lakha-red-granite-manufacturer-and-exporter\/","title":{"rendered":"Granito Vermelho Lakha"},"content":{"rendered":"<p>O Granito Vermelho Lakha \u00e9 um tipo espec\u00edfico de granito encontrado na \u00cdndia. \u00c9 conhecido por sua cor vermelha intensa com varia\u00e7\u00f5es de tons e padr\u00f5es. O granito normalmente apresenta uma textura de gr\u00e3o fino e pode ter diferentes n\u00edveis de veias e pontos. As lajes de granito vermelho de Lakha no Rajasthan s\u00e3o comumente usadas em projetos de constru\u00e7\u00e3o e arquitetura, incluindo bancadas, pisos, revestimentos de parede e fachadas externas. Sua tonalidade avermelhada distinta adiciona calor e eleg\u00e2ncia a v\u00e1rias aplica\u00e7\u00f5es de design.<\/p>\n","protected":false},"excerpt":{"rendered":"<p>O Granito Vermelho Lakha \u00e9 um tipo espec\u00edfico de granito encontrado na \u00cdndia. \u00c9 conhecido por sua cor vermelha intensa com varia\u00e7\u00f5es de tons e padr\u00f5es. O granito normalmente apresenta uma textura de gr\u00e3o fino e pode ter diferentes n\u00edveis de veias e pontos. As lajes de granito vermelho de Lakha no Rajasthan s\u00e3o comumente &hellip; <a href=\"https:\/\/www.ratani.in\/pt\/lakha-red-granite-manufacturer-and-exporter\/\" class=\"more-link\">Continue reading<span class=\"screen-reader-text\"> &#8220;Granito Vermelho Lakha&#8221;<\/span><\/a><\/p>\n","protected":false},"author":1,"featured_media":864,"parent":0,"menu_order":0,"comment_status":"closed","ping_status":"closed","template":"page-templates\/product.php","meta":{"footnotes":""},"translation":{"provider":"WPGlobus","version":"2.12.2","language":"pt","enabled_languages":["en","es","fr","ru","ar","zh","pt"],"languages":{"en":{"title":true,"content":true,"excerpt":false},"es":{"title":true,"content":true,"excerpt":false},"fr":{"title":true,"content":true,"excerpt":false},"ru":{"title":true,"content":true,"excerpt":false},"ar":{"title":true,"content":true,"excerpt":false},"zh":{"title":true,"content":true,"excerpt":false},"pt":{"title":true,"content":true,"excerpt":false}}},"acf":[],"_links":{"self":[{"href":"https:\/\/www.ratani.in\/pt\/wp-json\/wp\/v2\/pages\/859"}],"collection":[{"href":"https:\/\/www.ratani.in\/pt\/wp-json\/wp\/v2\/pages"}],"about":[{"href":"https:\/\/www.ratani.in\/pt\/wp-json\/wp\/v2\/types\/page"}],"author":[{"embeddable":true,"href":"https:\/\/www.ratani.in\/pt\/wp-json\/wp\/v2\/users\/1"}],"replies":[{"embeddable":true,"href":"https:\/\/www.ratani.in\/pt\/wp-json\/wp\/v2\/comments?post=859"}],"version-history":[{"count":11,"href":"https:\/\/www.ratani.in\/pt\/wp-json\/wp\/v2\/pages\/859\/revisions"}],"predecessor-version":[{"id":2564,"href":"https:\/\/www.ratani.in\/pt\/wp-json\/wp\/v2\/pages\/859\/revisions\/2564"}],"wp:featuredmedia":[{"embeddable":true,"href":"https:\/\/www.ratani.in\/pt\/wp-json\/wp\/v2\/media\/864"}],"wp:attachment":[{"href":"https:\/\/www.ratani.in\/pt\/wp-json\/wp\/v2\/media?parent=859"}],"curies":[{"name":"wp","href":"https:\/\/api.w.org\/{rel}","templated":true}]}}