{"id":869,"date":"2023-08-17T10:34:09","date_gmt":"2023-08-17T10:34:09","guid":{"rendered":"https:\/\/www.ratani.in\/?page_id=869"},"modified":"2025-05-16T13:07:57","modified_gmt":"2025-05-16T13:07:57","slug":"new-imperial-red-granite-manufacturer-and-exporter","status":"publish","type":"page","link":"https:\/\/www.ratani.in\/pt\/new-imperial-red-granite-manufacturer-and-exporter\/","title":{"rendered":"Granito Vermelho New Imperial"},"content":{"rendered":"<p>O Granito Vermelho New Imperial da \u00cdndia, tamb\u00e9m conhecido como granito Ruby Red, \u00e9 um tipo de granito conhecido por sua cor vermelha vibrante e marcante. \u00c9 uma pedra natural que apresenta um fundo vermelho profundo e consistente com pequenas manchas espalhadas de minerais pretos ou cinzas. O tom vermelho intenso do Granito Vermelho New Imperial adiciona um elemento ousado e chamativo a qualquer espa\u00e7o. Este granito normalmente tem uma textura de gr\u00e3o m\u00e9dio a grosso e um acabamento polido que real\u00e7a sua beleza natural. Sendo um exportador de granito no Norte da \u00cdndia, \u00e9 uma op\u00e7\u00e3o favorita para bancadas, pisos, revestimentos de parede e outras aplica\u00e7\u00f5es de interiores e exteriores onde se deseja uma apar\u00eancia luxuosa e dram\u00e1tica.<\/p>\n<p>O Granito Vermelho New Imperial \u00e9 dur\u00e1vel, resistente ao calor e arranh\u00f5es, e pode resistir ao teste do tempo. Sua colora\u00e7\u00e3o \u00fanica e varia\u00e7\u00f5es naturais tornam cada laje de granito uma pe\u00e7a \u00fanica, adicionando car\u00e1ter e eleg\u00e2ncia a qualquer projeto de design.<\/p>\n","protected":false},"excerpt":{"rendered":"<p>O Granito Vermelho New Imperial da \u00cdndia, tamb\u00e9m conhecido como granito Ruby Red, \u00e9 um tipo de granito conhecido por sua cor vermelha vibrante e marcante. \u00c9 uma pedra natural que apresenta um fundo vermelho profundo e consistente com pequenas manchas espalhadas de minerais pretos ou cinzas. O tom vermelho intenso do Granito Vermelho New &hellip; <a href=\"https:\/\/www.ratani.in\/pt\/new-imperial-red-granite-manufacturer-and-exporter\/\" class=\"more-link\">Continue reading<span class=\"screen-reader-text\"> &#8220;Granito Vermelho New Imperial&#8221;<\/span><\/a><\/p>\n","protected":false},"author":1,"featured_media":874,"parent":0,"menu_order":0,"comment_status":"closed","ping_status":"closed","template":"page-templates\/product.php","meta":{"footnotes":""},"translation":{"provider":"WPGlobus","version":"2.12.2","language":"pt","enabled_languages":["en","es","fr","ru","ar","zh","pt"],"languages":{"en":{"title":true,"content":true,"excerpt":false},"es":{"title":true,"content":true,"excerpt":false},"fr":{"title":true,"content":true,"excerpt":false},"ru":{"title":true,"content":true,"excerpt":false},"ar":{"title":true,"content":true,"excerpt":false},"zh":{"title":true,"content":true,"excerpt":false},"pt":{"title":true,"content":true,"excerpt":false}}},"acf":[],"_links":{"self":[{"href":"https:\/\/www.ratani.in\/pt\/wp-json\/wp\/v2\/pages\/869"}],"collection":[{"href":"https:\/\/www.ratani.in\/pt\/wp-json\/wp\/v2\/pages"}],"about":[{"href":"https:\/\/www.ratani.in\/pt\/wp-json\/wp\/v2\/types\/page"}],"author":[{"embeddable":true,"href":"https:\/\/www.ratani.in\/pt\/wp-json\/wp\/v2\/users\/1"}],"replies":[{"embeddable":true,"href":"https:\/\/www.ratani.in\/pt\/wp-json\/wp\/v2\/comments?post=869"}],"version-history":[{"count":12,"href":"https:\/\/www.ratani.in\/pt\/wp-json\/wp\/v2\/pages\/869\/revisions"}],"predecessor-version":[{"id":3301,"href":"https:\/\/www.ratani.in\/pt\/wp-json\/wp\/v2\/pages\/869\/revisions\/3301"}],"wp:featuredmedia":[{"embeddable":true,"href":"https:\/\/www.ratani.in\/pt\/wp-json\/wp\/v2\/media\/874"}],"wp:attachment":[{"href":"https:\/\/www.ratani.in\/pt\/wp-json\/wp\/v2\/media?parent=869"}],"curies":[{"name":"wp","href":"https:\/\/api.w.org\/{rel}","templated":true}]}}