{"id":879,"date":"2023-08-17T10:37:15","date_gmt":"2023-08-17T10:37:15","guid":{"rendered":"https:\/\/www.ratani.in\/?page_id=879"},"modified":"2023-09-05T10:56:00","modified_gmt":"2023-09-05T10:56:00","slug":"red-multicolored-granite-manufacturer-and-exporter","status":"publish","type":"page","link":"https:\/\/www.ratani.in\/pt\/red-multicolored-granite-manufacturer-and-exporter\/","title":{"rendered":"Granito Vermelho Multicolorido"},"content":{"rendered":"<p>O Granito Vermelho Multicolorido na \u00cdndia \u00e9 uma pedra natural cativante que exibe uma mistura vibrante de cores e padr\u00f5es. Embora o granito seja conhecido principalmente por sua durabilidade e resist\u00eancia, o Granito Vermelho Multicolorido adiciona um est\u00e9tica ousada e chamativa a qualquer espa\u00e7o. A cor de base deste granito \u00e9 tipicamente um tom vermelho profundo ou bord\u00f4, complementado por uma mistura de outras cores como preto, cinza, branco e \u00e0s vezes at\u00e9 dourado ou verde.<\/p>\n<p>Essas cores aparecem na forma de padr\u00f5es de redemoinhos, veias e manchas, criando uma apar\u00eancia din\u00e2mica e visualmente atraente. Cada laje de Granito Vermelho Multicolorido \u00e9 \u00fanica, j\u00e1 que a distribui\u00e7\u00e3o e intensidade das cores podem variar.<\/p>\n<p>Os granitos do sul da \u00cdndia s\u00e3o comumente usados para bancadas, pisos, pain\u00e9is de parede e paredes de destaque, onde suas cores vibrantes servem como ponto focal e conferem uma sensa\u00e7\u00e3o de energia e calor ao ambiente.<\/p>\n","protected":false},"excerpt":{"rendered":"<p>O Granito Vermelho Multicolorido na \u00cdndia \u00e9 uma pedra natural cativante que exibe uma mistura vibrante de cores e padr\u00f5es. Embora o granito seja conhecido principalmente por sua durabilidade e resist\u00eancia, o Granito Vermelho Multicolorido adiciona um est\u00e9tica ousada e chamativa a qualquer espa\u00e7o. A cor de base deste granito \u00e9 tipicamente um tom vermelho &hellip; <a href=\"https:\/\/www.ratani.in\/pt\/red-multicolored-granite-manufacturer-and-exporter\/\" class=\"more-link\">Continue reading<span class=\"screen-reader-text\"> &#8220;Granito Vermelho Multicolorido&#8221;<\/span><\/a><\/p>\n","protected":false},"author":1,"featured_media":886,"parent":0,"menu_order":0,"comment_status":"closed","ping_status":"closed","template":"page-templates\/product.php","meta":{"footnotes":""},"translation":{"provider":"WPGlobus","version":"2.12.2","language":"pt","enabled_languages":["en","es","fr","ru","ar","zh","pt"],"languages":{"en":{"title":true,"content":true,"excerpt":false},"es":{"title":true,"content":true,"excerpt":false},"fr":{"title":true,"content":true,"excerpt":false},"ru":{"title":true,"content":true,"excerpt":false},"ar":{"title":true,"content":true,"excerpt":false},"zh":{"title":true,"content":true,"excerpt":false},"pt":{"title":true,"content":true,"excerpt":false}}},"acf":[],"_links":{"self":[{"href":"https:\/\/www.ratani.in\/pt\/wp-json\/wp\/v2\/pages\/879"}],"collection":[{"href":"https:\/\/www.ratani.in\/pt\/wp-json\/wp\/v2\/pages"}],"about":[{"href":"https:\/\/www.ratani.in\/pt\/wp-json\/wp\/v2\/types\/page"}],"author":[{"embeddable":true,"href":"https:\/\/www.ratani.in\/pt\/wp-json\/wp\/v2\/users\/1"}],"replies":[{"embeddable":true,"href":"https:\/\/www.ratani.in\/pt\/wp-json\/wp\/v2\/comments?post=879"}],"version-history":[{"count":14,"href":"https:\/\/www.ratani.in\/pt\/wp-json\/wp\/v2\/pages\/879\/revisions"}],"predecessor-version":[{"id":2172,"href":"https:\/\/www.ratani.in\/pt\/wp-json\/wp\/v2\/pages\/879\/revisions\/2172"}],"wp:featuredmedia":[{"embeddable":true,"href":"https:\/\/www.ratani.in\/pt\/wp-json\/wp\/v2\/media\/886"}],"wp:attachment":[{"href":"https:\/\/www.ratani.in\/pt\/wp-json\/wp\/v2\/media?parent=879"}],"curies":[{"name":"wp","href":"https:\/\/api.w.org\/{rel}","templated":true}]}}