{"id":891,"date":"2023-08-17T10:44:20","date_gmt":"2023-08-17T10:44:20","guid":{"rendered":"https:\/\/www.ratani.in\/?page_id=891"},"modified":"2023-09-01T12:33:19","modified_gmt":"2023-09-01T12:33:19","slug":"crystal-yellow-granite-manufacturer-and-exporter","status":"publish","type":"page","link":"https:\/\/www.ratani.in\/pt\/crystal-yellow-granite-manufacturer-and-exporter\/","title":{"rendered":"Granito Crystal amarelo"},"content":{"rendered":"<p>O Granito Crystal amarelo da \u00cdndia \u00e9 um tipo de granito conhecido por sua bela cor amarela e apar\u00eancia cristalina. Ele apresenta uma base predominantemente amarela com tons e intensidade variados, que v\u00e3o de amarelo p\u00e1lido a tons dourados mais profundos. A pedra natural de Gujarat frequentemente exibe padr\u00f5es intricados e cristais dispersos em toda a sua superf\u00edcie, conferindo-lhe um visual distintivo e atraente. Esses cristais podem variar de cor de branco a cinza e podem aparecer como pontos ou veias dentro do granito. O Granito Crystal amarelo \u00e9 comumente usado para bancadas, pisos, revestimentos de parede e outras aplica\u00e7\u00f5es internas e externas.<\/p>\n<p>Suas tonalidades amarelas brilhantes e alegres podem trazer uma sensa\u00e7\u00e3o de calor e energia a qualquer espa\u00e7o, tornando-o uma excelente escolha para aqueles que buscam um elemento de design vibrante e visualmente atraente.<\/p>\n<p>Este granito amarelo indiano de Gujarat possui uma superf\u00edcie amarela brilhante com pontos pretos est\u00e9ticos. Ele apresenta padr\u00f5es atraentes e texturas cativantes.<\/p>\n","protected":false},"excerpt":{"rendered":"<p>O Granito Crystal amarelo da \u00cdndia \u00e9 um tipo de granito conhecido por sua bela cor amarela e apar\u00eancia cristalina. Ele apresenta uma base predominantemente amarela com tons e intensidade variados, que v\u00e3o de amarelo p\u00e1lido a tons dourados mais profundos. A pedra natural de Gujarat frequentemente exibe padr\u00f5es intricados e cristais dispersos em toda &hellip; <a href=\"https:\/\/www.ratani.in\/pt\/crystal-yellow-granite-manufacturer-and-exporter\/\" class=\"more-link\">Continue reading<span class=\"screen-reader-text\"> &#8220;Granito Crystal amarelo&#8221;<\/span><\/a><\/p>\n","protected":false},"author":1,"featured_media":896,"parent":0,"menu_order":0,"comment_status":"closed","ping_status":"closed","template":"page-templates\/product.php","meta":{"footnotes":""},"translation":{"provider":"WPGlobus","version":"2.12.2","language":"pt","enabled_languages":["en","es","fr","ru","ar","zh","pt"],"languages":{"en":{"title":true,"content":true,"excerpt":false},"es":{"title":true,"content":true,"excerpt":false},"fr":{"title":true,"content":true,"excerpt":false},"ru":{"title":true,"content":true,"excerpt":false},"ar":{"title":true,"content":true,"excerpt":false},"zh":{"title":true,"content":true,"excerpt":false},"pt":{"title":true,"content":true,"excerpt":false}}},"acf":[],"_links":{"self":[{"href":"https:\/\/www.ratani.in\/pt\/wp-json\/wp\/v2\/pages\/891"}],"collection":[{"href":"https:\/\/www.ratani.in\/pt\/wp-json\/wp\/v2\/pages"}],"about":[{"href":"https:\/\/www.ratani.in\/pt\/wp-json\/wp\/v2\/types\/page"}],"author":[{"embeddable":true,"href":"https:\/\/www.ratani.in\/pt\/wp-json\/wp\/v2\/users\/1"}],"replies":[{"embeddable":true,"href":"https:\/\/www.ratani.in\/pt\/wp-json\/wp\/v2\/comments?post=891"}],"version-history":[{"count":10,"href":"https:\/\/www.ratani.in\/pt\/wp-json\/wp\/v2\/pages\/891\/revisions"}],"predecessor-version":[{"id":2477,"href":"https:\/\/www.ratani.in\/pt\/wp-json\/wp\/v2\/pages\/891\/revisions\/2477"}],"wp:featuredmedia":[{"embeddable":true,"href":"https:\/\/www.ratani.in\/pt\/wp-json\/wp\/v2\/media\/896"}],"wp:attachment":[{"href":"https:\/\/www.ratani.in\/pt\/wp-json\/wp\/v2\/media?parent=891"}],"curies":[{"name":"wp","href":"https:\/\/api.w.org\/{rel}","templated":true}]}}